{"id":254,"date":"2020-10-20T17:55:55","date_gmt":"2020-10-20T16:55:55","guid":{"rendered":"http:\/\/bonello.hu\/?page_id=254"},"modified":"2020-11-15T14:40:25","modified_gmt":"2020-11-15T13:40:25","slug":"babaruhak-fotozasra-6-9-honapos-meret","status":"publish","type":"page","link":"https:\/\/bonello.hu\/?page_id=254","title":{"rendered":"Babaruh\u00e1k fot\u00f3z\u00e1sra 6-9 h\u00f3napos m\u00e9ret"},"content":{"rendered":"<p>[et_pb_section fb_built=&#8221;1&#8243; _builder_version=&#8221;4.6.6&#8243; _module_preset=&#8221;default&#8221;][et_pb_row _builder_version=&#8221;4.6.6&#8243; _module_preset=&#8221;default&#8221;][et_pb_column type=&#8221;4_4&#8243; _builder_version=&#8221;4.6.6&#8243; _module_preset=&#8221;default&#8221;][et_pb_text _builder_version=&#8221;4.7.0&#8243; _module_preset=&#8221;default&#8221; text_font=&#8221;Alegreya|||on|||||&#8221; text_font_size=&#8221;25px&#8221; hover_enabled=&#8221;0&#8243; sticky_enabled=&#8221;0&#8243;]<\/p>\n<p style=\"text-align: center;\">Babaruh\u00e1k fot\u00f3z\u00e1sra 6-9 h\u00f3<\/p>\n<p>[\/et_pb_text][\/et_pb_column][\/et_pb_row][et_pb_row _builder_version=&#8221;4.6.6&#8243; _module_preset=&#8221;default&#8221;][et_pb_column type=&#8221;4_4&#8243; _builder_version=&#8221;4.6.6&#8243; _module_preset=&#8221;default&#8221;][et_pb_shop type=&#8221;product_category&#8221; posts_number=&#8221;300&#8243; include_categories=&#8221;19&#8243; orderby=&#8221;date-desc&#8221; _builder_version=&#8221;4.7.0&#8243; _module_preset=&#8221;default&#8221; title_font=&#8221;Alegreya||||||||&#8221; title_font_size=&#8221;19px&#8221; title_line_height=&#8221;1.5em&#8221; price_font=&#8221;Alegreya||||||||&#8221; price_text_align=&#8221;center&#8221; price_text_color=&#8221;#000000&#8243; price_font_size=&#8221;20px&#8221; hover_enabled=&#8221;0&#8243; sticky_enabled=&#8221;0&#8243;][\/et_pb_shop][\/et_pb_column][\/et_pb_row][\/et_pb_section]<\/p>\n","protected":false},"excerpt":{"rendered":"<p>Babaruh\u00e1k fot\u00f3z\u00e1sra 6-9 h\u00f3<\/p>\n","protected":false},"author":1,"featured_media":0,"parent":0,"menu_order":0,"comment_status":"closed","ping_status":"closed","template":"","meta":{"_et_pb_use_builder":"on","_et_pb_old_content":"<!-- wp:divi\/placeholder \/-->","_et_gb_content_width":""},"_links":{"self":[{"href":"https:\/\/bonello.hu\/index.php?rest_route=\/wp\/v2\/pages\/254"}],"collection":[{"href":"https:\/\/bonello.hu\/index.php?rest_route=\/wp\/v2\/pages"}],"about":[{"href":"https:\/\/bonello.hu\/index.php?rest_route=\/wp\/v2\/types\/page"}],"author":[{"embeddable":true,"href":"https:\/\/bonello.hu\/index.php?rest_route=\/wp\/v2\/users\/1"}],"replies":[{"embeddable":true,"href":"https:\/\/bonello.hu\/index.php?rest_route=%2Fwp%2Fv2%2Fcomments&post=254"}],"version-history":[{"count":3,"href":"https:\/\/bonello.hu\/index.php?rest_route=\/wp\/v2\/pages\/254\/revisions"}],"predecessor-version":[{"id":487,"href":"https:\/\/bonello.hu\/index.php?rest_route=\/wp\/v2\/pages\/254\/revisions\/487"}],"wp:attachment":[{"href":"https:\/\/bonello.hu\/index.php?rest_route=%2Fwp%2Fv2%2Fmedia&parent=254"}],"curies":[{"name":"wp","href":"https:\/\/api.w.org\/{rel}","templated":true}]}}