{"id":1305,"date":"2020-12-14T21:10:01","date_gmt":"2020-12-14T20:10:01","guid":{"rendered":"https:\/\/bonello.hu\/?post_type=product&#038;p=1305"},"modified":"2021-10-12T18:43:23","modified_gmt":"2021-10-12T17:43:23","slug":"puder-rozsaszin-selyem-parna","status":"publish","type":"product","link":"https:\/\/bonello.hu\/?product=puder-rozsaszin-selyem-parna","title":{"rendered":"P\u00fader r\u00f3zsasz\u00edn selyem p\u00e1rna"},"content":{"rendered":"<p>K\u00f6r alak\u00fa p\u00e1rna mely p\u00fader r\u00f3zsasz\u00edn brok\u00e1t anyagb\u00f3l k\u00e9sz\u00fclt. Anyag\u00e1ban mint\u00e1s vir\u00e1g \u00e9s inda d\u00edsz\u00edt\u00e9ses.<\/p>\n<p>A huzat t\u00e9p\u0151z\u00e1rral z\u00e1r\u00f3dik h\u00e1tul, levehet\u0151 moshat\u00f3. A p\u00e1rna t\u00f6ltete polisztirol goly\u00f3, k\u00f6zepes mennyis\u00e9g\u0171 t\u00f6ltet van benne, \u00edgy alak\u00edthat\u00f3.<\/p>\n<p>Az \u00e1r tartalmazza a\u00a0 p\u00e1rn\u00e1t \u00e9s a huzatot is.<\/p>\n<p>A p\u00e1rna \u00e1tm\u00e9r\u0151je 52cm.<\/p>\n<p>Anyag\u00f6sszet\u00e9tel:50% poli\u00e9szter, 50% polisztirol<\/p>\n<p><strong>Ha nincs k\u00e9szleten, de szeretne ehhez hasonl\u00f3 ruh\u00e1t m\u00e1s sz\u00ednben vagy m\u00e9retben, akkor keressen meg az el\u00e9rhet\u0151s\u00e9geimen. Sz\u00edvesen elk\u00e9sz\u00edtem k\u00e9r\u00e9s szerint.<\/strong><\/p>\n","protected":false},"excerpt":{"rendered":"<p>K\u00f6r alak\u00fa p\u00e1rna mely p\u00fader r\u00f3zsasz\u00edn brok\u00e1t anyagb\u00f3l k\u00e9sz\u00fclt. Anyag\u00e1ban mint\u00e1s vir\u00e1g \u00e9s inda d\u00edsz\u00edt\u00e9ses. A huzat t\u00e9p\u0151z\u00e1rral z\u00e1r\u00f3dik h\u00e1tul, levehet\u0151 moshat\u00f3. A p\u00e1rna t\u00f6ltete polisztirol goly\u00f3, k\u00f6zepes mennyis\u00e9g\u0171 t\u00f6ltet van benne, \u00edgy alak\u00edthat\u00f3. Az \u00e1r tartalmazza a\u00a0 p\u00e1rn\u00e1t \u00e9s a huzatot is. A p\u00e1rna \u00e1tm\u00e9r\u0151je 52cm. Anyag\u00f6sszet\u00e9tel:50% poli\u00e9szter, 50% polisztirol Ha nincs k\u00e9szleten, de [&hellip;]<\/p>\n","protected":false},"featured_media":0,"template":"","meta":{"_et_pb_use_builder":"","_et_pb_old_content":"","_et_gb_content_width":""},"product_cat":[28],"product_tag":[52],"_links":{"self":[{"href":"https:\/\/bonello.hu\/index.php?rest_route=\/wp\/v2\/product\/1305"}],"collection":[{"href":"https:\/\/bonello.hu\/index.php?rest_route=\/wp\/v2\/product"}],"about":[{"href":"https:\/\/bonello.hu\/index.php?rest_route=\/wp\/v2\/types\/product"}],"wp:attachment":[{"href":"https:\/\/bonello.hu\/index.php?rest_route=%2Fwp%2Fv2%2Fmedia&parent=1305"}],"wp:term":[{"taxonomy":"product_cat","embeddable":true,"href":"https:\/\/bonello.hu\/index.php?rest_route=%2Fwp%2Fv2%2Fproduct_cat&post=1305"},{"taxonomy":"product_tag","embeddable":true,"href":"https:\/\/bonello.hu\/index.php?rest_route=%2Fwp%2Fv2%2Fproduct_tag&post=1305"}],"curies":[{"name":"wp","href":"https:\/\/api.w.org\/{rel}","templated":true}]}}