{"id":1309,"date":"2020-12-14T21:40:31","date_gmt":"2020-12-14T20:40:31","guid":{"rendered":"https:\/\/bonello.hu\/?post_type=product&#038;p=1309"},"modified":"2021-10-12T18:34:51","modified_gmt":"2021-10-12T17:34:51","slug":"kezzel-kotott-azurkek-alatet-fotozashoz","status":"publish","type":"product","link":"https:\/\/bonello.hu\/?product=kezzel-kotott-azurkek-alatet-fotozashoz","title":{"rendered":"K\u00e9zzel k\u00f6t\u00f6tt az\u00fark\u00e9k wrap fot\u00f3z\u00e1shoz"},"content":{"rendered":"<p>K\u00e9zzel k\u00f6t\u00f6tt az\u00fark\u00e9k, puha anyag\u00e1ban mint\u00e1s al\u00e1t\u00e9t. Fot\u00f3z\u00e1shoz aj\u00e1nlott.<br \/>\nM\u00e9rete 48x62cm<\/p>\n<p>Anyag\u00f6sszet\u00e9tel: 100% pamut<\/p>\n<p><strong>Ha nincs k\u00e9szleten, de szeretne ehhez hasonl\u00f3 ruh\u00e1t m\u00e1s sz\u00ednben vagy m\u00e9retben, akkor keressen meg az el\u00e9rhet\u0151s\u00e9geimen. Sz\u00edvesen elk\u00e9sz\u00edtem k\u00e9r\u00e9s szerint.<\/strong><\/p>\n","protected":false},"excerpt":{"rendered":"<p>K\u00e9zzel k\u00f6t\u00f6tt az\u00fark\u00e9k, puha anyag\u00e1ban mint\u00e1s al\u00e1t\u00e9t. Fot\u00f3z\u00e1shoz aj\u00e1nlott. M\u00e9rete 48x62cm Anyag\u00f6sszet\u00e9tel: 100% pamut Ha nincs k\u00e9szleten, de szeretne ehhez hasonl\u00f3 ruh\u00e1t m\u00e1s sz\u00ednben vagy m\u00e9retben, akkor keressen meg az el\u00e9rhet\u0151s\u00e9geimen. Sz\u00edvesen elk\u00e9sz\u00edtem k\u00e9r\u00e9s szerint.<\/p>\n","protected":false},"featured_media":0,"template":"","meta":{"_et_pb_use_builder":"","_et_pb_old_content":"","_et_gb_content_width":""},"product_cat":[27],"product_tag":[132,72,131],"_links":{"self":[{"href":"https:\/\/bonello.hu\/index.php?rest_route=\/wp\/v2\/product\/1309"}],"collection":[{"href":"https:\/\/bonello.hu\/index.php?rest_route=\/wp\/v2\/product"}],"about":[{"href":"https:\/\/bonello.hu\/index.php?rest_route=\/wp\/v2\/types\/product"}],"wp:attachment":[{"href":"https:\/\/bonello.hu\/index.php?rest_route=%2Fwp%2Fv2%2Fmedia&parent=1309"}],"wp:term":[{"taxonomy":"product_cat","embeddable":true,"href":"https:\/\/bonello.hu\/index.php?rest_route=%2Fwp%2Fv2%2Fproduct_cat&post=1309"},{"taxonomy":"product_tag","embeddable":true,"href":"https:\/\/bonello.hu\/index.php?rest_route=%2Fwp%2Fv2%2Fproduct_tag&post=1309"}],"curies":[{"name":"wp","href":"https:\/\/api.w.org\/{rel}","templated":true}]}}