{"id":1311,"date":"2020-12-15T19:24:45","date_gmt":"2020-12-15T18:24:45","guid":{"rendered":"https:\/\/bonello.hu\/?post_type=product&#038;p=1311"},"modified":"2021-10-12T18:53:56","modified_gmt":"2021-10-12T17:53:56","slug":"madeiras-anyagu-lenge-nyari-kisruha-92-98-as-meretben","status":"publish","type":"product","link":"https:\/\/bonello.hu\/?product=madeiras-anyagu-lenge-nyari-kisruha-92-98-as-meretben","title":{"rendered":"Madeir\u00e1s anyag\u00fa lenge, ny\u00e1ri kisruha 92-98-as m\u00e9retben"},"content":{"rendered":"<p>Puha \u00e9s l\u00e1gy es\u00e9s\u0171 ny\u00e1ri ruha. Madeira himz\u00e9ses pamutb\u00f3l k\u00e9sz\u00fclt, az als\u00f3szoknya r\u00f3zsasz\u00edn g\u00e9z anyagb\u00f3l van. V\u00e1llon megk\u00f6t\u0151s fazon\u00fa, mell r\u00e9szn\u00e9l szabott \u00e9s pamutcsipke d\u00edsz\u00edti a kisruh\u00e1t.<\/p>\n<p>Mellsz\u00e9less\u00e9g: 62cm<\/p>\n<p>Hossz: 59cm<\/p>\n<p>2-3 \u00e9ves m\u00e9retben k\u00e9sz\u00fclt el.<\/p>\n<p>Anyaga: 100% pamut<\/p>\n<p><strong>Ha nincs k\u00e9szleten, de szeretne ehhez hasonl\u00f3 ruh\u00e1t m\u00e1s sz\u00ednben vagy m\u00e9retben, akkor keressen meg az el\u00e9rhet\u0151s\u00e9geimen. Sz\u00edvesen elk\u00e9sz\u00edtem k\u00e9r\u00e9s szerint.<\/strong><\/p>\n","protected":false},"excerpt":{"rendered":"<p>Puha \u00e9s l\u00e1gy es\u00e9s\u0171 ny\u00e1ri ruha. Madeira himz\u00e9ses pamutb\u00f3l k\u00e9sz\u00fclt, az als\u00f3szoknya r\u00f3zsasz\u00edn g\u00e9z anyagb\u00f3l van. V\u00e1llon megk\u00f6t\u0151s fazon\u00fa, mell r\u00e9szn\u00e9l szabott \u00e9s pamutcsipke d\u00edsz\u00edti a kisruh\u00e1t. Mellsz\u00e9less\u00e9g: 62cm Hossz: 59cm 2-3 \u00e9ves m\u00e9retben k\u00e9sz\u00fclt el. Anyaga: 100% pamut Ha nincs k\u00e9szleten, de szeretne ehhez hasonl\u00f3 ruh\u00e1t m\u00e1s sz\u00ednben vagy m\u00e9retben, akkor keressen meg az [&hellip;]<\/p>\n","protected":false},"featured_media":0,"template":"","meta":{"_et_pb_use_builder":"","_et_pb_old_content":"","_et_gb_content_width":""},"product_cat":[22,61],"product_tag":[68,69,56,64,118],"_links":{"self":[{"href":"https:\/\/bonello.hu\/index.php?rest_route=\/wp\/v2\/product\/1311"}],"collection":[{"href":"https:\/\/bonello.hu\/index.php?rest_route=\/wp\/v2\/product"}],"about":[{"href":"https:\/\/bonello.hu\/index.php?rest_route=\/wp\/v2\/types\/product"}],"wp:attachment":[{"href":"https:\/\/bonello.hu\/index.php?rest_route=%2Fwp%2Fv2%2Fmedia&parent=1311"}],"wp:term":[{"taxonomy":"product_cat","embeddable":true,"href":"https:\/\/bonello.hu\/index.php?rest_route=%2Fwp%2Fv2%2Fproduct_cat&post=1311"},{"taxonomy":"product_tag","embeddable":true,"href":"https:\/\/bonello.hu\/index.php?rest_route=%2Fwp%2Fv2%2Fproduct_tag&post=1311"}],"curies":[{"name":"wp","href":"https:\/\/api.w.org\/{rel}","templated":true}]}}