{"id":1313,"date":"2020-12-15T19:34:20","date_gmt":"2020-12-15T18:34:20","guid":{"rendered":"https:\/\/bonello.hu\/?post_type=product&#038;p=1313"},"modified":"2021-10-12T18:09:40","modified_gmt":"2021-10-12T17:09:40","slug":"viragmintas-nyari-kisruha-kis-csillogassal-94-104-meretben","status":"publish","type":"product","link":"https:\/\/bonello.hu\/?product=viragmintas-nyari-kisruha-kis-csillogassal-94-104-meretben","title":{"rendered":"Vir\u00e1gmint\u00e1s ny\u00e1ri kisruha kis csillog\u00e1ssal 94-104 m\u00e9retben"},"content":{"rendered":"<p>B\u0151 fazon\u00fa, lenge, puha pamutv\u00e1szon anyagokb\u00f3l k\u00e9sz\u00fclt.<br \/>\nA szoknya r\u00e9sze t\u00f6bbr\u00e9teg\u0171, anyag\u00e1ban mint\u00e1s \u00e9s ez\u00fcstsz\u00e1llal sz\u0151tt. A fels\u0151 r\u00e9sze feh\u00e9r alapon apr\u00f3 vir\u00e1gmint\u00e1s, szab\u00e1svonaln\u00e1l \u00e9s a nyak\u00e1n r\u00f3zsasz\u00edn r\u00f3zsa form\u00e1j\u00fa csipke d\u00edsz\u00edti.<\/p>\n<p>98-104 m\u00e9retben k\u00e9sz\u00fclt el.<\/p>\n<p>Mellsz\u00e9less\u00e9g: 72cm<\/p>\n<p>Teljes hossz:55cm<\/p>\n<p>Anyaga: 85% pamut, 15% poli\u00e9szter<\/p>\n<p><strong>Ha nincs k\u00e9szleten, de szeretne ehhez hasonl\u00f3 ruh\u00e1t m\u00e1s sz\u00ednben vagy m\u00e9retben, akkor keressen meg az el\u00e9rhet\u0151s\u00e9geimen. Sz\u00edvesen elk\u00e9sz\u00edtem k\u00e9r\u00e9s szerint.<\/strong><\/p>\n","protected":false},"excerpt":{"rendered":"<p>B\u0151 fazon\u00fa, lenge, puha pamutv\u00e1szon anyagokb\u00f3l k\u00e9sz\u00fclt. A szoknya r\u00e9sze t\u00f6bbr\u00e9teg\u0171, anyag\u00e1ban mint\u00e1s \u00e9s ez\u00fcstsz\u00e1llal sz\u0151tt. A fels\u0151 r\u00e9sze feh\u00e9r alapon apr\u00f3 vir\u00e1gmint\u00e1s, szab\u00e1svonaln\u00e1l \u00e9s a nyak\u00e1n r\u00f3zsasz\u00edn r\u00f3zsa form\u00e1j\u00fa csipke d\u00edsz\u00edti. 98-104 m\u00e9retben k\u00e9sz\u00fclt el. Mellsz\u00e9less\u00e9g: 72cm Teljes hossz:55cm Anyaga: 85% pamut, 15% poli\u00e9szter Ha nincs k\u00e9szleten, de szeretne ehhez hasonl\u00f3 ruh\u00e1t m\u00e1s sz\u00ednben [&hellip;]<\/p>\n","protected":false},"featured_media":0,"template":"","meta":{"_et_pb_use_builder":"","_et_pb_old_content":"","_et_gb_content_width":""},"product_cat":[61],"product_tag":[],"_links":{"self":[{"href":"https:\/\/bonello.hu\/index.php?rest_route=\/wp\/v2\/product\/1313"}],"collection":[{"href":"https:\/\/bonello.hu\/index.php?rest_route=\/wp\/v2\/product"}],"about":[{"href":"https:\/\/bonello.hu\/index.php?rest_route=\/wp\/v2\/types\/product"}],"wp:attachment":[{"href":"https:\/\/bonello.hu\/index.php?rest_route=%2Fwp%2Fv2%2Fmedia&parent=1313"}],"wp:term":[{"taxonomy":"product_cat","embeddable":true,"href":"https:\/\/bonello.hu\/index.php?rest_route=%2Fwp%2Fv2%2Fproduct_cat&post=1313"},{"taxonomy":"product_tag","embeddable":true,"href":"https:\/\/bonello.hu\/index.php?rest_route=%2Fwp%2Fv2%2Fproduct_tag&post=1313"}],"curies":[{"name":"wp","href":"https:\/\/api.w.org\/{rel}","templated":true}]}}