{"id":1314,"date":"2020-12-15T19:45:20","date_gmt":"2020-12-15T18:45:20","guid":{"rendered":"https:\/\/bonello.hu\/?post_type=product&#038;p=1314"},"modified":"2021-10-10T19:42:36","modified_gmt":"2021-10-10T18:42:36","slug":"viragmintas-nyari-kisruha-csipkes-szoknyaval-94-104-meretben","status":"publish","type":"product","link":"https:\/\/bonello.hu\/?product=viragmintas-nyari-kisruha-csipkes-szoknyaval-94-104-meretben","title":{"rendered":"Vir\u00e1gmint\u00e1s ny\u00e1ri kisruha csipk\u00e9s szokny\u00e1val 94-104 m\u00e9retben"},"content":{"rendered":"<p>B\u0151 fazon\u00fa, lenge kisruha. A fels\u0151 r\u00e9sz eleje feh\u00e9r alapon apr\u00f3 vir\u00e1gmint\u00e1s pamutb\u00f3l, a h\u00e1ta feh\u00e9r h\u00edmz\u00e9ses anyagb\u00f3l k\u00e9sz\u00fclt.<br \/>\nA szoknya t\u00f6bbr\u00e9teg\u0171, a vil\u00e1gosk\u00e9k szoknya anyaga vastagabb zsorzsett, l\u00e1gy es\u00e9s\u0171. Az als\u00f3 szoknya pamutv\u00e1szon, alj\u00e1n csipke d\u00edsz\u00edt\u00e9ssel. Derek\u00e1n bord\u00f3 szalag, amely h\u00e1tul megk\u00f6thet\u0151 masniv\u00e1.<\/p>\n<p>98-104 m\u00e9retben k\u00e9sz\u00fclt el.<\/p>\n<p>Mellsz\u00e9less\u00e9g: 64cm<\/p>\n<p>Teljes hossz:57cm<\/p>\n<p>Anyaga: 85% pamut, 15% poli\u00e9szter<\/p>\n<p><strong>Ha nincs k\u00e9szleten, de szeretne ehhez hasonl\u00f3 ruh\u00e1t m\u00e1s sz\u00ednben vagy m\u00e9retben, akkor keressen meg az el\u00e9rhet\u0151s\u00e9geimen. Sz\u00edvesen elk\u00e9sz\u00edtem k\u00e9r\u00e9s szerint.<\/strong><\/p>\n","protected":false},"excerpt":{"rendered":"<p>B\u0151 fazon\u00fa, lenge kisruha. A fels\u0151 r\u00e9sz eleje feh\u00e9r alapon apr\u00f3 vir\u00e1gmint\u00e1s pamutb\u00f3l, a h\u00e1ta feh\u00e9r h\u00edmz\u00e9ses anyagb\u00f3l k\u00e9sz\u00fclt. A szoknya t\u00f6bbr\u00e9teg\u0171, a vil\u00e1gosk\u00e9k szoknya anyaga vastagabb zsorzsett, l\u00e1gy es\u00e9s\u0171. Az als\u00f3 szoknya pamutv\u00e1szon, alj\u00e1n csipke d\u00edsz\u00edt\u00e9ssel. Derek\u00e1n bord\u00f3 szalag, amely h\u00e1tul megk\u00f6thet\u0151 masniv\u00e1. 98-104 m\u00e9retben k\u00e9sz\u00fclt el. Mellsz\u00e9less\u00e9g: 64cm Teljes hossz:57cm Anyaga: 85% pamut, [&hellip;]<\/p>\n","protected":false},"featured_media":0,"template":"","meta":{"_et_pb_use_builder":"","_et_pb_old_content":"","_et_gb_content_width":""},"product_cat":[20,61],"product_tag":[],"_links":{"self":[{"href":"https:\/\/bonello.hu\/index.php?rest_route=\/wp\/v2\/product\/1314"}],"collection":[{"href":"https:\/\/bonello.hu\/index.php?rest_route=\/wp\/v2\/product"}],"about":[{"href":"https:\/\/bonello.hu\/index.php?rest_route=\/wp\/v2\/types\/product"}],"wp:attachment":[{"href":"https:\/\/bonello.hu\/index.php?rest_route=%2Fwp%2Fv2%2Fmedia&parent=1314"}],"wp:term":[{"taxonomy":"product_cat","embeddable":true,"href":"https:\/\/bonello.hu\/index.php?rest_route=%2Fwp%2Fv2%2Fproduct_cat&post=1314"},{"taxonomy":"product_tag","embeddable":true,"href":"https:\/\/bonello.hu\/index.php?rest_route=%2Fwp%2Fv2%2Fproduct_tag&post=1314"}],"curies":[{"name":"wp","href":"https:\/\/api.w.org\/{rel}","templated":true}]}}