{"id":1315,"date":"2020-12-15T20:06:56","date_gmt":"2020-12-15T19:06:56","guid":{"rendered":"https:\/\/bonello.hu\/?post_type=product&#038;p=1315"},"modified":"2020-12-15T20:14:23","modified_gmt":"2020-12-15T19:14:23","slug":"pink-es-csikos-ruha-6-eves-meretben","status":"publish","type":"product","link":"https:\/\/bonello.hu\/?product=pink-es-csikos-ruha-6-eves-meretben","title":{"rendered":"Pink \u00e9s cs\u00edkos ruha 6 \u00e9ves m\u00e9retben"},"content":{"rendered":"<p>R\u00f3zsasz\u00edn \u00e9s cs\u00edkos anyagb\u00f3l k\u00e9sz\u00fclt ejtett derek\u00fa ruha<br \/>\n\u00c9l\u00e9nk r\u00f3zsasz\u00edn sz\u00edn\u0171 fodros a szoknya r\u00e9sze, ami p\u00f6rg\u0151s fazon\u00fa. Als\u00f3szokny\u00e1s megold\u00e1s\u00fa.<br \/>\nA fels\u0151r\u00e9sze rugalmas cs\u00edkos pamut anyagb\u00f3l ejtett der\u00e9k r\u00e9sszel varrt.<\/p>\n<p>Jobb v\u00e1ll\u00e1n r\u00f3zsasz\u00edn masni szer\u0171 d\u00edsz van.<\/p>\n<p>Mellsz\u00e9less\u00e9g:72cm<\/p>\n<p>Hossz :64cm<\/p>\n<p>6\u00a0 \u00e9ves m\u00e9retben k\u00e9sz\u00fclt el.<\/p>\n<p><strong>Ha nincs k\u00e9szleten, de szeretne ehhez hasonl\u00f3 ruh\u00e1t m\u00e1s sz\u00ednben vagy m\u00e9retben, akkor keressen meg az el\u00e9rhet\u0151s\u00e9geimen. Sz\u00edvesen elk\u00e9sz\u00edtem k\u00e9r\u00e9s szerint.<\/strong><\/p>\n","protected":false},"excerpt":{"rendered":"<p>R\u00f3zsasz\u00edn \u00e9s cs\u00edkos anyagb\u00f3l k\u00e9sz\u00fclt ejtett derek\u00fa ruha \u00c9l\u00e9nk r\u00f3zsasz\u00edn sz\u00edn\u0171 fodros a szoknya r\u00e9sze, ami p\u00f6rg\u0151s fazon\u00fa. Als\u00f3szokny\u00e1s megold\u00e1s\u00fa. A fels\u0151r\u00e9sze rugalmas cs\u00edkos pamut anyagb\u00f3l ejtett der\u00e9k r\u00e9sszel varrt. Jobb v\u00e1ll\u00e1n r\u00f3zsasz\u00edn masni szer\u0171 d\u00edsz van. Mellsz\u00e9less\u00e9g:72cm Hossz :64cm 6\u00a0 \u00e9ves m\u00e9retben k\u00e9sz\u00fclt el. Ha nincs k\u00e9szleten, de szeretne ehhez hasonl\u00f3 ruh\u00e1t m\u00e1s sz\u00ednben [&hellip;]<\/p>\n","protected":false},"featured_media":0,"template":"","meta":{"_et_pb_use_builder":"","_et_pb_old_content":"","_et_gb_content_width":""},"product_cat":[22,61],"product_tag":[86,66,69,55,90],"_links":{"self":[{"href":"https:\/\/bonello.hu\/index.php?rest_route=\/wp\/v2\/product\/1315"}],"collection":[{"href":"https:\/\/bonello.hu\/index.php?rest_route=\/wp\/v2\/product"}],"about":[{"href":"https:\/\/bonello.hu\/index.php?rest_route=\/wp\/v2\/types\/product"}],"wp:attachment":[{"href":"https:\/\/bonello.hu\/index.php?rest_route=%2Fwp%2Fv2%2Fmedia&parent=1315"}],"wp:term":[{"taxonomy":"product_cat","embeddable":true,"href":"https:\/\/bonello.hu\/index.php?rest_route=%2Fwp%2Fv2%2Fproduct_cat&post=1315"},{"taxonomy":"product_tag","embeddable":true,"href":"https:\/\/bonello.hu\/index.php?rest_route=%2Fwp%2Fv2%2Fproduct_tag&post=1315"}],"curies":[{"name":"wp","href":"https:\/\/api.w.org\/{rel}","templated":true}]}}