{"id":1317,"date":"2020-12-15T20:26:20","date_gmt":"2020-12-15T19:26:20","guid":{"rendered":"https:\/\/bonello.hu\/?post_type=product&#038;p=1317"},"modified":"2021-10-10T19:26:55","modified_gmt":"2021-10-10T18:26:55","slug":"csipkes-farmer-kisruha-80-86-meretben","status":"publish","type":"product","link":"https:\/\/bonello.hu\/?product=csipkes-farmer-kisruha-80-86-meretben","title":{"rendered":"Csipk\u00e9s, farmer kisruha 80-86 m\u00e9retben"},"content":{"rendered":"<p>Farmer kisruha 80-86 m\u00e9retben k\u00e9sz\u00fclt el.<\/p>\n<p>Szoknya r\u00e9sze puha farmer anyagb\u00f3l k\u00e9sz\u00fclt vir\u00e1gos \u00e9s farkasfog d\u00edsz\u00edt\u00e9ssel. A fels\u0151 v\u00e9kony pamutv\u00e1szon feh\u00e9r \u00e9s piros hajsz\u00e1lcs\u00edkos anyag\u00fa. Dereka csipk\u00e9s vir\u00e1gos d\u00edsszel van feldobva. H\u00e1ta gombol\u00e1ssal z\u00e1r\u00f3dik.<\/p>\n<p>Ujja \u00e9s gall\u00e9rja k\u00e9zzel horgolt csipk\u00e9b\u0151l van, mely k\u00fcl\u00f6nlegess\u00e9 teszi ezt a darabot. K\u00fclt\u00e9ri fot\u00f3z\u00e1son j\u00f3l mutat.<\/p>\n<p>Mellsz\u00e9less\u00e9g:62cm<\/p>\n<p>Hossz :49cm<\/p>\n<p>Anyag\u00f6sszet\u00e9tel: 100% pamut<\/p>\n<p><strong>Ha nincs k\u00e9szleten, de szeretne ehhez hasonl\u00f3 ruh\u00e1t m\u00e1s sz\u00ednben vagy m\u00e9retben, akkor keressen meg az el\u00e9rhet\u0151s\u00e9geimen. Sz\u00edvesen elk\u00e9sz\u00edtem k\u00e9r\u00e9s szerint.<\/strong><\/p>\n","protected":false},"excerpt":{"rendered":"<p>Farmer kisruha 80-86 m\u00e9retben k\u00e9sz\u00fclt el. Szoknya r\u00e9sze puha farmer anyagb\u00f3l k\u00e9sz\u00fclt vir\u00e1gos \u00e9s farkasfog d\u00edsz\u00edt\u00e9ssel. A fels\u0151 v\u00e9kony pamutv\u00e1szon feh\u00e9r \u00e9s piros hajsz\u00e1lcs\u00edkos anyag\u00fa. Dereka csipk\u00e9s vir\u00e1gos d\u00edsszel van feldobva. H\u00e1ta gombol\u00e1ssal z\u00e1r\u00f3dik. Ujja \u00e9s gall\u00e9rja k\u00e9zzel horgolt csipk\u00e9b\u0151l van, mely k\u00fcl\u00f6nlegess\u00e9 teszi ezt a darabot. K\u00fclt\u00e9ri fot\u00f3z\u00e1son j\u00f3l mutat. Mellsz\u00e9less\u00e9g:62cm Hossz :49cm Anyag\u00f6sszet\u00e9tel: [&hellip;]<\/p>\n","protected":false},"featured_media":0,"template":"","meta":{"_et_pb_use_builder":"","_et_pb_old_content":"","_et_gb_content_width":""},"product_cat":[20,61],"product_tag":[66,69,78,90],"_links":{"self":[{"href":"https:\/\/bonello.hu\/index.php?rest_route=\/wp\/v2\/product\/1317"}],"collection":[{"href":"https:\/\/bonello.hu\/index.php?rest_route=\/wp\/v2\/product"}],"about":[{"href":"https:\/\/bonello.hu\/index.php?rest_route=\/wp\/v2\/types\/product"}],"wp:attachment":[{"href":"https:\/\/bonello.hu\/index.php?rest_route=%2Fwp%2Fv2%2Fmedia&parent=1317"}],"wp:term":[{"taxonomy":"product_cat","embeddable":true,"href":"https:\/\/bonello.hu\/index.php?rest_route=%2Fwp%2Fv2%2Fproduct_cat&post=1317"},{"taxonomy":"product_tag","embeddable":true,"href":"https:\/\/bonello.hu\/index.php?rest_route=%2Fwp%2Fv2%2Fproduct_tag&post=1317"}],"curies":[{"name":"wp","href":"https:\/\/api.w.org\/{rel}","templated":true}]}}