{"id":1320,"date":"2020-12-15T20:47:27","date_gmt":"2020-12-15T19:47:27","guid":{"rendered":"https:\/\/bonello.hu\/?post_type=product&#038;p=1320"},"modified":"2021-10-10T19:05:13","modified_gmt":"2021-10-10T18:05:13","slug":"enyhen-csillogos-pamut-overal-80-86-meretben","status":"publish","type":"product","link":"https:\/\/bonello.hu\/?product=enyhen-csillogos-pamut-overal-80-86-meretben","title":{"rendered":"Enyh\u00e9n csillog\u00f3s pamut over\u00e1l 80-86 m\u00e9retben"},"content":{"rendered":"<p>Nagyon b\u0151 fazon\u00fa ez a kis over\u00e1l. V\u00e9konyabb g\u00e9pi k\u00f6t\u00e9s\u0171 pamut anyag\u00fa \u00e9s f\u00e9nyben enyh\u00e9n csillog\u00f3s.<\/p>\n<p>Melln\u00e9l szabott, nadr\u00e1g r\u00e9sze r\u00e1ncolt, b\u0151 sz\u00e1r\u00fa. Alja gum\u00edrozott csipke szalaggal \u00f6ssze lett h\u00fazva. Nyaka \u00e9s ujja is pamutcsipk\u00e9vel kivarrt. H\u00e1ta gombbal z\u00e1r\u00f3dik.<\/p>\n<p>Mellsz\u00e9less\u00e9g: 70cm<\/p>\n<p>Hossz :62cm<\/p>\n<p>Anyag\u00f6sszet\u00e9tel: 60% pamut, 40% elaszt\u00e1n<\/p>\n<p><strong>Ha nincs k\u00e9szleten, de szeretne ehhez hasonl\u00f3 ruh\u00e1t m\u00e1s sz\u00ednben vagy m\u00e9retben, akkor keressen meg az el\u00e9rhet\u0151s\u00e9geimen. Sz\u00edvesen elk\u00e9sz\u00edtem k\u00e9r\u00e9s szerint.<\/strong><\/p>\n","protected":false},"excerpt":{"rendered":"<p>Nagyon b\u0151 fazon\u00fa ez a kis over\u00e1l. V\u00e9konyabb g\u00e9pi k\u00f6t\u00e9s\u0171 pamut anyag\u00fa \u00e9s f\u00e9nyben enyh\u00e9n csillog\u00f3s. Melln\u00e9l szabott, nadr\u00e1g r\u00e9sze r\u00e1ncolt, b\u0151 sz\u00e1r\u00fa. Alja gum\u00edrozott csipke szalaggal \u00f6ssze lett h\u00fazva. Nyaka \u00e9s ujja is pamutcsipk\u00e9vel kivarrt. H\u00e1ta gombbal z\u00e1r\u00f3dik. Mellsz\u00e9less\u00e9g: 70cm Hossz :62cm Anyag\u00f6sszet\u00e9tel: 60% pamut, 40% elaszt\u00e1n Ha nincs k\u00e9szleten, de szeretne ehhez hasonl\u00f3 [&hellip;]<\/p>\n","protected":false},"featured_media":0,"template":"","meta":{"_et_pb_use_builder":"","_et_pb_old_content":"","_et_gb_content_width":""},"product_cat":[20],"product_tag":[66,69,133],"_links":{"self":[{"href":"https:\/\/bonello.hu\/index.php?rest_route=\/wp\/v2\/product\/1320"}],"collection":[{"href":"https:\/\/bonello.hu\/index.php?rest_route=\/wp\/v2\/product"}],"about":[{"href":"https:\/\/bonello.hu\/index.php?rest_route=\/wp\/v2\/types\/product"}],"wp:attachment":[{"href":"https:\/\/bonello.hu\/index.php?rest_route=%2Fwp%2Fv2%2Fmedia&parent=1320"}],"wp:term":[{"taxonomy":"product_cat","embeddable":true,"href":"https:\/\/bonello.hu\/index.php?rest_route=%2Fwp%2Fv2%2Fproduct_cat&post=1320"},{"taxonomy":"product_tag","embeddable":true,"href":"https:\/\/bonello.hu\/index.php?rest_route=%2Fwp%2Fv2%2Fproduct_tag&post=1320"}],"curies":[{"name":"wp","href":"https:\/\/api.w.org\/{rel}","templated":true}]}}