{"id":1325,"date":"2020-12-16T16:36:14","date_gmt":"2020-12-16T15:36:14","guid":{"rendered":"https:\/\/bonello.hu\/?post_type=product&#038;p=1325"},"modified":"2021-10-10T18:55:53","modified_gmt":"2021-10-10T17:55:53","slug":"pihe-puha-kezzel-kotott-mano-szett-9-12-honapos-meretben","status":"publish","type":"product","link":"https:\/\/bonello.hu\/?product=pihe-puha-kezzel-kotott-mano-szett-9-12-honapos-meretben","title":{"rendered":"Pihe-puha k\u00e9zzel k\u00f6t\u00f6tt man\u00f3 szett 9-12 h\u00f3napos m\u00e9retben"},"content":{"rendered":"<div>\n<div>\n<p>K\u00e9zzel k\u00f6t\u00f6tt meleg s\u00e1rga nagyon puha tapint\u00e1s\u00fa szett. Man\u00f3 sapka \u00e9s a hossz\u00fa nadr\u00e1g kiv\u00e1l\u00f3an alkalmas fot\u00f3z\u00e1sra.<\/p>\n<p>9-12 h\u00f3napos m\u00e9retben k\u00e9sz\u00fclt el.<\/p>\n<\/div>\n<\/div>\n<div>Anyag\u00f6sszet\u00e9tel: 100%pamut<\/div>\n<div><\/div>\n<div>\u00a0<strong>Ha nincs k\u00e9szleten, de szeretne ehhez hasonl\u00f3 ruh\u00e1t m\u00e1s sz\u00ednben vagy m\u00e9retben, akkor keressen meg az el\u00e9rhet\u0151s\u00e9geimen. Sz\u00edvesen elk\u00e9sz\u00edtem k\u00e9r\u00e9s szerint.<\/strong><\/div>\n","protected":false},"excerpt":{"rendered":"<p>K\u00e9zzel k\u00f6t\u00f6tt meleg s\u00e1rga nagyon puha tapint\u00e1s\u00fa szett. Man\u00f3 sapka \u00e9s a hossz\u00fa nadr\u00e1g kiv\u00e1l\u00f3an alkalmas fot\u00f3z\u00e1sra. 9-12 h\u00f3napos m\u00e9retben k\u00e9sz\u00fclt el. Anyag\u00f6sszet\u00e9tel: 100%pamut \u00a0Ha nincs k\u00e9szleten, de szeretne ehhez hasonl\u00f3 ruh\u00e1t m\u00e1s sz\u00ednben vagy m\u00e9retben, akkor keressen meg az el\u00e9rhet\u0151s\u00e9geimen. Sz\u00edvesen elk\u00e9sz\u00edtem k\u00e9r\u00e9s szerint.<\/p>\n","protected":false},"featured_media":0,"template":"","meta":{"_et_pb_use_builder":"","_et_pb_old_content":"","_et_gb_content_width":""},"product_cat":[21],"product_tag":[72,85,59,137,73],"_links":{"self":[{"href":"https:\/\/bonello.hu\/index.php?rest_route=\/wp\/v2\/product\/1325"}],"collection":[{"href":"https:\/\/bonello.hu\/index.php?rest_route=\/wp\/v2\/product"}],"about":[{"href":"https:\/\/bonello.hu\/index.php?rest_route=\/wp\/v2\/types\/product"}],"wp:attachment":[{"href":"https:\/\/bonello.hu\/index.php?rest_route=%2Fwp%2Fv2%2Fmedia&parent=1325"}],"wp:term":[{"taxonomy":"product_cat","embeddable":true,"href":"https:\/\/bonello.hu\/index.php?rest_route=%2Fwp%2Fv2%2Fproduct_cat&post=1325"},{"taxonomy":"product_tag","embeddable":true,"href":"https:\/\/bonello.hu\/index.php?rest_route=%2Fwp%2Fv2%2Fproduct_tag&post=1325"}],"curies":[{"name":"wp","href":"https:\/\/api.w.org\/{rel}","templated":true}]}}