{"id":1327,"date":"2020-12-16T16:52:10","date_gmt":"2020-12-16T15:52:10","guid":{"rendered":"https:\/\/bonello.hu\/?post_type=product&#038;p=1327"},"modified":"2021-10-10T18:52:40","modified_gmt":"2021-10-10T17:52:40","slug":"kezzel-kotott-puha-nadrag-pantokkal-ujszulott-fotozashoz","status":"publish","type":"product","link":"https:\/\/bonello.hu\/?product=kezzel-kotott-puha-nadrag-pantokkal-ujszulott-fotozashoz","title":{"rendered":"K\u00e9zzel k\u00f6t\u00f6tt puha nadr\u00e1g p\u00e1ntokkal \u00fajsz\u00fcl\u00f6tt fot\u00f3z\u00e1shoz"},"content":{"rendered":"<div dir=\"auto\">Pihe-puha k\u00e9zzel k\u00f6t\u00f6tt nadr\u00e1g.<\/div>\n<div dir=\"auto\">Kisfi\u00fanak \u00e9s kisl\u00e1nynak is egyar\u00e1nt haszn\u00e1lhat\u00f3 fot\u00f3z\u00e1s sor\u00e1n.A p\u00e1nt el\u0151l \u00e9s h\u00e1tul ker\u00e1mia gombokkal van r\u00f6gz\u00edtve.<\/div>\n<div dir=\"auto\">Nagyon rugalmas, \u00edgy a p\u00e1nt is j\u00f3l ny\u00falik 0-3 h\u00f3napos bab\u00e1kn\u00e1l is haszn\u00e1lhat\u00f3.<\/div>\n<div dir=\"auto\">Barna \u00e9s s\u00e1rga kombin\u00e1ci\u00f3ban k\u00e9sz\u00fclt 50-62 m\u00e9retben.<\/div>\n<div dir=\"auto\"><\/div>\n<div dir=\"auto\">Anyag\u00f6sszet\u00e9tel: 100% pamut<\/div>\n<div dir=\"auto\">\u00a0<strong>Ha nincs k\u00e9szleten, de szeretne ehhez hasonl\u00f3 ruh\u00e1t m\u00e1s sz\u00ednben vagy m\u00e9retben, akkor keressen meg az el\u00e9rhet\u0151s\u00e9geimen. Sz\u00edvesen elk\u00e9sz\u00edtem k\u00e9r\u00e9s szerint.<\/strong><\/div>\n<div dir=\"auto\"><\/div>\n","protected":false},"excerpt":{"rendered":"<p>Pihe-puha k\u00e9zzel k\u00f6t\u00f6tt nadr\u00e1g. Kisfi\u00fanak \u00e9s kisl\u00e1nynak is egyar\u00e1nt haszn\u00e1lhat\u00f3 fot\u00f3z\u00e1s sor\u00e1n.A p\u00e1nt el\u0151l \u00e9s h\u00e1tul ker\u00e1mia gombokkal van r\u00f6gz\u00edtve. Nagyon rugalmas, \u00edgy a p\u00e1nt is j\u00f3l ny\u00falik 0-3 h\u00f3napos bab\u00e1kn\u00e1l is haszn\u00e1lhat\u00f3. Barna \u00e9s s\u00e1rga kombin\u00e1ci\u00f3ban k\u00e9sz\u00fclt 50-62 m\u00e9retben. Anyag\u00f6sszet\u00e9tel: 100% pamut \u00a0Ha nincs k\u00e9szleten, de szeretne ehhez hasonl\u00f3 ruh\u00e1t m\u00e1s sz\u00ednben vagy m\u00e9retben, [&hellip;]<\/p>\n","protected":false},"featured_media":0,"template":"","meta":{"_et_pb_use_builder":"","_et_pb_old_content":"","_et_gb_content_width":""},"product_cat":[18,32,31],"product_tag":[72,85,58,65],"_links":{"self":[{"href":"https:\/\/bonello.hu\/index.php?rest_route=\/wp\/v2\/product\/1327"}],"collection":[{"href":"https:\/\/bonello.hu\/index.php?rest_route=\/wp\/v2\/product"}],"about":[{"href":"https:\/\/bonello.hu\/index.php?rest_route=\/wp\/v2\/types\/product"}],"wp:attachment":[{"href":"https:\/\/bonello.hu\/index.php?rest_route=%2Fwp%2Fv2%2Fmedia&parent=1327"}],"wp:term":[{"taxonomy":"product_cat","embeddable":true,"href":"https:\/\/bonello.hu\/index.php?rest_route=%2Fwp%2Fv2%2Fproduct_cat&post=1327"},{"taxonomy":"product_tag","embeddable":true,"href":"https:\/\/bonello.hu\/index.php?rest_route=%2Fwp%2Fv2%2Fproduct_tag&post=1327"}],"curies":[{"name":"wp","href":"https:\/\/api.w.org\/{rel}","templated":true}]}}