{"id":1338,"date":"2020-12-20T22:30:33","date_gmt":"2020-12-20T21:30:33","guid":{"rendered":"https:\/\/bonello.hu\/?post_type=product&#038;p=1338"},"modified":"2023-01-10T20:31:05","modified_gmt":"2023-01-10T19:31:05","slug":"tortfeher-asszimetrikus-csipkes-ruha-7-9-eves-meretben","status":"publish","type":"product","link":"https:\/\/bonello.hu\/?product=tortfeher-asszimetrikus-csipkes-ruha-7-9-eves-meretben","title":{"rendered":"T\u00f6rtfeh\u00e9r, aszimmetrikus csipk\u00e9s ruha 7-9 \u00e9ves m\u00e9retben"},"content":{"rendered":"<p>Alkalmakra, de belt\u00e9ri ill. k\u00fclt\u00e9ri fot\u00f3z\u00e1sra is t\u00f6k\u00e9letes ruha.<\/p>\n<p>A ruha der\u00e9kn\u00e9l szabott, szab\u00e1sn\u00e1l keresztbe \u00e1ttetsz\u0151 vastag csipke fut k\u00f6rbe. A szoknya r\u00e9sze r\u00e1ncolva van. Alja \u00e1ttetsz\u0151 csipk\u00e9vel d\u00edsz\u00edtett.<\/p>\n<p>Aszimmetrikus\u00a0 fazonban, p\u00f6rg\u0151s v\u00e1ltozatban k\u00e9sz\u00fclt el. Ujja is csipke.<\/p>\n<p>Nagyon l\u00e1gy \u00e9s sz\u00e9p es\u00e9s\u0171 az anyag.<\/p>\n<p>Mellsz\u00e9less\u00e9g: 80 cm<\/p>\n<p>Der\u00e9kb\u0151s\u00e9g:70cm<\/p>\n<p>Hossza el\u0151l: 74cm<\/p>\n<p>Hossza h\u00e1tul: 94cm<\/p>\n<p>Anyag\u00f6sszet\u00e9tel: 100% poli\u00e9szter<\/p>\n<p><strong>Ha nincs k\u00e9szleten, de szeretne ehhez hasonl\u00f3 ruh\u00e1t m\u00e1s sz\u00ednben vagy m\u00e9retben, akkor keressen meg az el\u00e9rhet\u0151s\u00e9geimen. Sz\u00edvesen elk\u00e9sz\u00edtem k\u00e9r\u00e9s szerint.<\/strong><\/p>\n","protected":false},"excerpt":{"rendered":"<p>Alkalmakra, de belt\u00e9ri ill. k\u00fclt\u00e9ri fot\u00f3z\u00e1sra is t\u00f6k\u00e9letes ruha. A ruha der\u00e9kn\u00e9l szabott, szab\u00e1sn\u00e1l keresztbe \u00e1ttetsz\u0151 vastag csipke fut k\u00f6rbe. A szoknya r\u00e9sze r\u00e1ncolva van. Alja \u00e1ttetsz\u0151 csipk\u00e9vel d\u00edsz\u00edtett. Aszimmetrikus\u00a0 fazonban, p\u00f6rg\u0151s v\u00e1ltozatban k\u00e9sz\u00fclt el. Ujja is csipke. Nagyon l\u00e1gy \u00e9s sz\u00e9p es\u00e9s\u0171 az anyag. Mellsz\u00e9less\u00e9g: 80 cm Der\u00e9kb\u0151s\u00e9g:70cm Hossza el\u0151l: 74cm Hossza h\u00e1tul: 94cm [&hellip;]<\/p>\n","protected":false},"featured_media":2227,"template":"","meta":{"_et_pb_use_builder":"","_et_pb_old_content":"","_et_gb_content_width":""},"product_cat":[25,29],"product_tag":[80,125,72,69,90],"_links":{"self":[{"href":"https:\/\/bonello.hu\/index.php?rest_route=\/wp\/v2\/product\/1338"}],"collection":[{"href":"https:\/\/bonello.hu\/index.php?rest_route=\/wp\/v2\/product"}],"about":[{"href":"https:\/\/bonello.hu\/index.php?rest_route=\/wp\/v2\/types\/product"}],"wp:featuredmedia":[{"embeddable":true,"href":"https:\/\/bonello.hu\/index.php?rest_route=\/wp\/v2\/media\/2227"}],"wp:attachment":[{"href":"https:\/\/bonello.hu\/index.php?rest_route=%2Fwp%2Fv2%2Fmedia&parent=1338"}],"wp:term":[{"taxonomy":"product_cat","embeddable":true,"href":"https:\/\/bonello.hu\/index.php?rest_route=%2Fwp%2Fv2%2Fproduct_cat&post=1338"},{"taxonomy":"product_tag","embeddable":true,"href":"https:\/\/bonello.hu\/index.php?rest_route=%2Fwp%2Fv2%2Fproduct_tag&post=1338"}],"curies":[{"name":"wp","href":"https:\/\/api.w.org\/{rel}","templated":true}]}}