{"id":1342,"date":"2020-12-21T11:14:22","date_gmt":"2020-12-21T10:14:22","guid":{"rendered":"https:\/\/bonello.hu\/?post_type=product&#038;p=1342"},"modified":"2021-10-10T18:41:32","modified_gmt":"2021-10-10T17:41:32","slug":"feher-vaszon-kisruha-6-8-eves-meretre","status":"publish","type":"product","link":"https:\/\/bonello.hu\/?product=feher-vaszon-kisruha-6-8-eves-meretre","title":{"rendered":"Feh\u00e9r v\u00e1szon kisruha 6-8 \u00e9ves m\u00e9retre"},"content":{"rendered":"<p>Feh\u00e9r anyag\u00e1ban n\u00e9gyzeth\u00e1l\u00f3 mint\u00e1s kisruha. A sz\u00f6v\u00e9s f\u00e9nyes hat\u00e1s\u00fa.<\/p>\n<p>Melln\u00e9l szabott, enyh\u00e9n r\u00e1ncolt a szoknya r\u00e9sze, ami A vonal\u00fa szab\u00e1ssal k\u00e9sz\u00fclt. H\u00e1ta v\u00e9gig gombos \u00e9s a fels\u0151 r\u00e9szen el\u0151l \u00e9s h\u00e1tul barna pamutcsipke d\u00edsz\u00edti.<\/p>\n<p>116-122 m\u00e9retre szabott.<\/p>\n<p>Hossza el\u0151l: 34cm<\/p>\n<p>Hossza h\u00e1tul: 64cm<\/p>\n<p>Anyag\u00f6sszet\u00e9tel: 100% poli\u00e9szter<\/p>\n<p><strong>Ha nincs k\u00e9szleten, de szeretne ehhez hasonl\u00f3 ruh\u00e1t m\u00e1s sz\u00ednben vagy m\u00e9retben, akkor keressen meg az el\u00e9rhet\u0151s\u00e9geimen. Sz\u00edvesen elk\u00e9sz\u00edtem k\u00e9r\u00e9s szerint.<\/strong><\/p>\n","protected":false},"excerpt":{"rendered":"<p>Feh\u00e9r anyag\u00e1ban n\u00e9gyzeth\u00e1l\u00f3 mint\u00e1s kisruha. A sz\u00f6v\u00e9s f\u00e9nyes hat\u00e1s\u00fa. Melln\u00e9l szabott, enyh\u00e9n r\u00e1ncolt a szoknya r\u00e9sze, ami A vonal\u00fa szab\u00e1ssal k\u00e9sz\u00fclt. H\u00e1ta v\u00e9gig gombos \u00e9s a fels\u0151 r\u00e9szen el\u0151l \u00e9s h\u00e1tul barna pamutcsipke d\u00edsz\u00edti. 116-122 m\u00e9retre szabott. Hossza el\u0151l: 34cm Hossza h\u00e1tul: 64cm Anyag\u00f6sszet\u00e9tel: 100% poli\u00e9szter Ha nincs k\u00e9szleten, de szeretne ehhez hasonl\u00f3 ruh\u00e1t m\u00e1s [&hellip;]<\/p>\n","protected":false},"featured_media":0,"template":"","meta":{"_et_pb_use_builder":"","_et_pb_old_content":"","_et_gb_content_width":""},"product_cat":[29],"product_tag":[80,125,72,69,90],"_links":{"self":[{"href":"https:\/\/bonello.hu\/index.php?rest_route=\/wp\/v2\/product\/1342"}],"collection":[{"href":"https:\/\/bonello.hu\/index.php?rest_route=\/wp\/v2\/product"}],"about":[{"href":"https:\/\/bonello.hu\/index.php?rest_route=\/wp\/v2\/types\/product"}],"wp:attachment":[{"href":"https:\/\/bonello.hu\/index.php?rest_route=%2Fwp%2Fv2%2Fmedia&parent=1342"}],"wp:term":[{"taxonomy":"product_cat","embeddable":true,"href":"https:\/\/bonello.hu\/index.php?rest_route=%2Fwp%2Fv2%2Fproduct_cat&post=1342"},{"taxonomy":"product_tag","embeddable":true,"href":"https:\/\/bonello.hu\/index.php?rest_route=%2Fwp%2Fv2%2Fproduct_tag&post=1342"}],"curies":[{"name":"wp","href":"https:\/\/api.w.org\/{rel}","templated":true}]}}