{"id":1343,"date":"2020-12-21T11:24:45","date_gmt":"2020-12-21T10:24:45","guid":{"rendered":"https:\/\/bonello.hu\/?post_type=product&#038;p=1343"},"modified":"2021-10-10T19:35:38","modified_gmt":"2021-10-10T18:35:38","slug":"bordo-fodros-es-habos-kisruha-12-18-honapos-meretben","status":"publish","type":"product","link":"https:\/\/bonello.hu\/?product=bordo-fodros-es-habos-kisruha-12-18-honapos-meretben","title":{"rendered":"Bord\u00f3 fodros \u00e9s habos kisruha 12-18 h\u00f3napos m\u00e9retben"},"content":{"rendered":"<p>G\u00e9z anyag\u00fa pamut kisruha, ami 1-1 1\/2 \u00e9ves m\u00e9retben k\u00e9sz\u00fclt el. Sz\u00fclinapi fot\u00f3z\u00e1sra\u00a0 alkalmas darab.<\/p>\n<p>Szoknya r\u00e9sze t\u00f6bbr\u00e9teg\u0171. Az als\u00f3 szoknya t\u00fcll\u00f6s, \u00edgy sz\u00e9pen kitartja a fels\u0151 r\u00e9tegeket.<\/p>\n<p>A fels\u0151r\u00e9sz nyaka \u00e9s ujja szalagokkal szegett fodrozottan, a ruh\u00e1t derek\u00e1t vir\u00e1gok, gy\u00f6ngy\u00f6k \u00e9s lev\u00e9l alak\u00fa pamutcsipke d\u00edsz\u00edti. H\u00e1ta V kiv\u00e1g\u00e1s\u00fa.<\/p>\n<p>Anyag\u00f6sszet\u00e9tel: 70% pamut, 30% poli\u00e9szter<\/p>\n<p>Mellsz\u00e9less\u00e9g: 62cm<\/p>\n<p>Hossz : 47cm<\/p>\n<p><strong>Ha nincs k\u00e9szleten, de szeretne ehhez hasonl\u00f3 ruh\u00e1t m\u00e1s sz\u00ednben vagy m\u00e9retben, akkor keressen meg az el\u00e9rhet\u0151s\u00e9geimen. Sz\u00edvesen elk\u00e9sz\u00edtem k\u00e9r\u00e9s szerint.<\/strong><\/p>\n","protected":false},"excerpt":{"rendered":"<p>G\u00e9z anyag\u00fa pamut kisruha, ami 1-1 1\/2 \u00e9ves m\u00e9retben k\u00e9sz\u00fclt el. Sz\u00fclinapi fot\u00f3z\u00e1sra\u00a0 alkalmas darab. Szoknya r\u00e9sze t\u00f6bbr\u00e9teg\u0171. Az als\u00f3 szoknya t\u00fcll\u00f6s, \u00edgy sz\u00e9pen kitartja a fels\u0151 r\u00e9tegeket. A fels\u0151r\u00e9sz nyaka \u00e9s ujja szalagokkal szegett fodrozottan, a ruh\u00e1t derek\u00e1t vir\u00e1gok, gy\u00f6ngy\u00f6k \u00e9s lev\u00e9l alak\u00fa pamutcsipke d\u00edsz\u00edti. H\u00e1ta V kiv\u00e1g\u00e1s\u00fa. Anyag\u00f6sszet\u00e9tel: 70% pamut, 30% poli\u00e9szter Mellsz\u00e9less\u00e9g: [&hellip;]<\/p>\n","protected":false},"featured_media":0,"template":"","meta":{"_et_pb_use_builder":"","_et_pb_old_content":"","_et_gb_content_width":""},"product_cat":[20,61],"product_tag":[75,80,66,69,90,65],"_links":{"self":[{"href":"https:\/\/bonello.hu\/index.php?rest_route=\/wp\/v2\/product\/1343"}],"collection":[{"href":"https:\/\/bonello.hu\/index.php?rest_route=\/wp\/v2\/product"}],"about":[{"href":"https:\/\/bonello.hu\/index.php?rest_route=\/wp\/v2\/types\/product"}],"wp:attachment":[{"href":"https:\/\/bonello.hu\/index.php?rest_route=%2Fwp%2Fv2%2Fmedia&parent=1343"}],"wp:term":[{"taxonomy":"product_cat","embeddable":true,"href":"https:\/\/bonello.hu\/index.php?rest_route=%2Fwp%2Fv2%2Fproduct_cat&post=1343"},{"taxonomy":"product_tag","embeddable":true,"href":"https:\/\/bonello.hu\/index.php?rest_route=%2Fwp%2Fv2%2Fproduct_tag&post=1343"}],"curies":[{"name":"wp","href":"https:\/\/api.w.org\/{rel}","templated":true}]}}