{"id":1345,"date":"2020-12-21T11:44:46","date_gmt":"2020-12-21T10:44:46","guid":{"rendered":"https:\/\/bonello.hu\/?post_type=product&#038;p=1345"},"modified":"2023-01-10T20:29:01","modified_gmt":"2023-01-10T19:29:01","slug":"szurkes-kek-fine-art-csipkes-ruha-7-9-eves-meretben","status":"publish","type":"product","link":"https:\/\/bonello.hu\/?product=szurkes-kek-fine-art-csipkes-ruha-7-9-eves-meretben","title":{"rendered":"Sz\u00fcrk\u00e9s k\u00e9k Fine Art csipk\u00e9s ruha 7-9 \u00e9ves m\u00e9retben"},"content":{"rendered":"<p>Halv\u00e9ny k\u00e9kes sz\u00fcrke g\u00e9z jelleg\u0171 pamutb\u00f3l k\u00e9sz\u00fclt a ruha.<\/p>\n<p>Belt\u00e9ri ill. k\u00fclt\u00e9ri fot\u00f3z\u00e1sra is t\u00f6k\u00e9letes ruha.<\/p>\n<p>A ruha mell alatt szabott,a fels\u0151 r\u00e9sze sz\u00e9les pamutcsipke d\u00edszti.<\/p>\n<p>A szoknya r\u00e9sze r\u00e1ncolva van, nagyon b\u0151 szab\u00e1s\u00fa ez\u00e1ltal \u00e9s k\u00e9t r\u00e9teg\u0171.<\/p>\n<p>Asszimetrikus\u00a0 fazonban, p\u00f6rg\u0151s v\u00e1ltozatban, alj\u00e1n fodroz\u00e1ssal k\u00e9sz\u00fclt el. Ujja dupla anyag\u00fa b\u0151v\u00fcl\u0151 fazon\u00fa.<\/p>\n<p>Nem rugalmas, de\u00a0 l\u00e1gy \u00e9s sz\u00e9p es\u00e9s\u0171 az anyag.<\/p>\n<p>Mellsz\u00e9less\u00e9g: 78 cm<\/p>\n<p>Der\u00e9kb\u0151s\u00e9g:cm<\/p>\n<p>Hossza el\u0151l: 67cm<\/p>\n<p>Hossza h\u00e1tul: 85cm<\/p>\n<p>Anyag\u00f6sszet\u00e9tel: 100% pamut<\/p>\n<p><strong>Ha nincs k\u00e9szleten, de szeretne ehhez hasonl\u00f3 ruh\u00e1t m\u00e1s sz\u00ednben vagy m\u00e9retben, akkor keressen meg az el\u00e9rhet\u0151s\u00e9geimen. Sz\u00edvesen elk\u00e9sz\u00edtem k\u00e9r\u00e9s szerint.<\/strong><\/p>\n","protected":false},"excerpt":{"rendered":"<p>Halv\u00e9ny k\u00e9kes sz\u00fcrke g\u00e9z jelleg\u0171 pamutb\u00f3l k\u00e9sz\u00fclt a ruha. Belt\u00e9ri ill. k\u00fclt\u00e9ri fot\u00f3z\u00e1sra is t\u00f6k\u00e9letes ruha. A ruha mell alatt szabott,a fels\u0151 r\u00e9sze sz\u00e9les pamutcsipke d\u00edszti. A szoknya r\u00e9sze r\u00e1ncolva van, nagyon b\u0151 szab\u00e1s\u00fa ez\u00e1ltal \u00e9s k\u00e9t r\u00e9teg\u0171. Asszimetrikus\u00a0 fazonban, p\u00f6rg\u0151s v\u00e1ltozatban, alj\u00e1n fodroz\u00e1ssal k\u00e9sz\u00fclt el. Ujja dupla anyag\u00fa b\u0151v\u00fcl\u0151 fazon\u00fa. Nem rugalmas, de\u00a0 l\u00e1gy [&hellip;]<\/p>\n","protected":false},"featured_media":2252,"template":"","meta":{"_et_pb_use_builder":"","_et_pb_old_content":"","_et_gb_content_width":""},"product_cat":[29],"product_tag":[80,125,72,69,90],"_links":{"self":[{"href":"https:\/\/bonello.hu\/index.php?rest_route=\/wp\/v2\/product\/1345"}],"collection":[{"href":"https:\/\/bonello.hu\/index.php?rest_route=\/wp\/v2\/product"}],"about":[{"href":"https:\/\/bonello.hu\/index.php?rest_route=\/wp\/v2\/types\/product"}],"wp:featuredmedia":[{"embeddable":true,"href":"https:\/\/bonello.hu\/index.php?rest_route=\/wp\/v2\/media\/2252"}],"wp:attachment":[{"href":"https:\/\/bonello.hu\/index.php?rest_route=%2Fwp%2Fv2%2Fmedia&parent=1345"}],"wp:term":[{"taxonomy":"product_cat","embeddable":true,"href":"https:\/\/bonello.hu\/index.php?rest_route=%2Fwp%2Fv2%2Fproduct_cat&post=1345"},{"taxonomy":"product_tag","embeddable":true,"href":"https:\/\/bonello.hu\/index.php?rest_route=%2Fwp%2Fv2%2Fproduct_tag&post=1345"}],"curies":[{"name":"wp","href":"https:\/\/api.w.org\/{rel}","templated":true}]}}