{"id":1346,"date":"2020-12-21T12:08:50","date_gmt":"2020-12-21T11:08:50","guid":{"rendered":"https:\/\/bonello.hu\/?post_type=product&#038;p=1346"},"modified":"2021-10-21T20:43:47","modified_gmt":"2021-10-21T19:43:47","slug":"fine-art-stilusu-ujszulott-szett-kalappal-0-3-honapos-meretben","status":"publish","type":"product","link":"https:\/\/bonello.hu\/?product=fine-art-stilusu-ujszulott-szett-kalappal-0-3-honapos-meretben","title":{"rendered":"Fine Art st\u00edlus\u00fa \u00fajsz\u00fcl\u00f6tt szett kalappal 0-3 h\u00f3napos m\u00e9retben"},"content":{"rendered":"<div dir=\"auto\">Finom tapint\u00e1s\u00fa mikrokord anyagb\u00f3l \u00e9s csipke felhaszn\u00e1l\u00e1sval k\u00e9sz\u00fclt a szett. Az anyag nem ny\u00falik, ez\u00e9rt b\u0151vebb fazon\u00fa a body kiss\u00e9. H\u00e1ta nyitott \u00e9s szalaggal k\u00f6thet\u0151 nyakn\u00e1l. A textil s\u00f6t\u00e9t z\u00f6ldes k\u00e9kes sz\u00edn\u0171 \u00e9s apr\u00f3 mint\u00e1s.<\/div>\n<div dir=\"auto\">Ujja elasztikus csipke anyag.<\/div>\n<div dir=\"auto\">0-3 h\u00f3napos m\u00e9retre szabott.<\/div>\n<div dir=\"auto\">Fine Art st\u00edlus\u00fa fot\u00f3z\u00e1sra aj\u00e1nlom.<\/div>\n<div dir=\"auto\"><\/div>\n<div dir=\"auto\">Anyag\u00f6sszet\u00e9tel: 80% pamut, 20% elaszt\u00e1n<\/div>\n<div dir=\"auto\">\u00a0<strong>Ha nincs k\u00e9szleten, de szeretne ehhez hasonl\u00f3 ruh\u00e1t m\u00e1s sz\u00ednben vagy m\u00e9retben, akkor keressen meg az el\u00e9rhet\u0151s\u00e9geimen. Sz\u00edvesen elk\u00e9sz\u00edtem k\u00e9r\u00e9s szerint.<\/strong><\/div>\n<div dir=\"auto\"><\/div>\n","protected":false},"excerpt":{"rendered":"<p>Finom tapint\u00e1s\u00fa mikrokord anyagb\u00f3l \u00e9s csipke felhaszn\u00e1l\u00e1sval k\u00e9sz\u00fclt a szett. Az anyag nem ny\u00falik, ez\u00e9rt b\u0151vebb fazon\u00fa a body kiss\u00e9. H\u00e1ta nyitott \u00e9s szalaggal k\u00f6thet\u0151 nyakn\u00e1l. A textil s\u00f6t\u00e9t z\u00f6ldes k\u00e9kes sz\u00edn\u0171 \u00e9s apr\u00f3 mint\u00e1s. Ujja elasztikus csipke anyag. 0-3 h\u00f3napos m\u00e9retre szabott. Fine Art st\u00edlus\u00fa fot\u00f3z\u00e1sra aj\u00e1nlom. Anyag\u00f6sszet\u00e9tel: 80% pamut, 20% elaszt\u00e1n \u00a0Ha nincs [&hellip;]<\/p>\n","protected":false},"featured_media":0,"template":"","meta":{"_et_pb_use_builder":"","_et_pb_old_content":"","_et_gb_content_width":""},"product_cat":[18,31],"product_tag":[57,80,125,72,139],"_links":{"self":[{"href":"https:\/\/bonello.hu\/index.php?rest_route=\/wp\/v2\/product\/1346"}],"collection":[{"href":"https:\/\/bonello.hu\/index.php?rest_route=\/wp\/v2\/product"}],"about":[{"href":"https:\/\/bonello.hu\/index.php?rest_route=\/wp\/v2\/types\/product"}],"wp:attachment":[{"href":"https:\/\/bonello.hu\/index.php?rest_route=%2Fwp%2Fv2%2Fmedia&parent=1346"}],"wp:term":[{"taxonomy":"product_cat","embeddable":true,"href":"https:\/\/bonello.hu\/index.php?rest_route=%2Fwp%2Fv2%2Fproduct_cat&post=1346"},{"taxonomy":"product_tag","embeddable":true,"href":"https:\/\/bonello.hu\/index.php?rest_route=%2Fwp%2Fv2%2Fproduct_tag&post=1346"}],"curies":[{"name":"wp","href":"https:\/\/api.w.org\/{rel}","templated":true}]}}