{"id":1352,"date":"2020-12-30T11:50:12","date_gmt":"2020-12-30T10:50:12","guid":{"rendered":"https:\/\/bonello.hu\/?post_type=product&#038;p=1352"},"modified":"2021-10-10T14:19:38","modified_gmt":"2021-10-10T13:19:38","slug":"tortfeher-kotott-rugi-9-12-honapos-meretben","status":"publish","type":"product","link":"https:\/\/bonello.hu\/?product=tortfeher-kotott-rugi-9-12-honapos-meretben","title":{"rendered":"T\u00f6rtfeh\u00e9r, k\u00f6t\u00f6tt rugi 9-12 h\u00f3napos m\u00e9retben"},"content":{"rendered":"<div>\n<div>\n<p>Rugalmas k\u00f6t\u00f6tt anyag\u00fa rugi, ami a v\u00e1lln\u00e1l megk\u00f6thet\u0151 masniv\u00e1 \u00e9s der\u00e9k r\u00e9szn\u00e9l lila \u00e1rnyalat\u00fa szalagokkal d\u00edsz\u00edtett.<\/p>\n<p>Finom, puha tapint\u00e1s\u00fa az anyag, nagyon k\u00e9nyelmes viseletet biztos\u00edt.<\/p>\n<p>9-12 h\u00f3napos m\u00e9retben k\u00e9sz\u00fclt el.<\/p>\n<\/div>\n<\/div>\n<div>Anyag\u00f6sszet\u00e9tel: 100%pamut<\/div>\n<div><\/div>\n<div>\u00a0<strong>Ha nincs k\u00e9szleten, de szeretne ehhez hasonl\u00f3 ruh\u00e1t m\u00e1s sz\u00ednben vagy m\u00e9retben, akkor keressen meg az el\u00e9rhet\u0151s\u00e9geimen. Sz\u00edvesen elk\u00e9sz\u00edtem k\u00e9r\u00e9s szerint.<\/strong><\/div>\n","protected":false},"excerpt":{"rendered":"<p>Rugalmas k\u00f6t\u00f6tt anyag\u00fa rugi, ami a v\u00e1lln\u00e1l megk\u00f6thet\u0151 masniv\u00e1 \u00e9s der\u00e9k r\u00e9szn\u00e9l lila \u00e1rnyalat\u00fa szalagokkal d\u00edsz\u00edtett. Finom, puha tapint\u00e1s\u00fa az anyag, nagyon k\u00e9nyelmes viseletet biztos\u00edt. 9-12 h\u00f3napos m\u00e9retben k\u00e9sz\u00fclt el. Anyag\u00f6sszet\u00e9tel: 100%pamut \u00a0Ha nincs k\u00e9szleten, de szeretne ehhez hasonl\u00f3 ruh\u00e1t m\u00e1s sz\u00ednben vagy m\u00e9retben, akkor keressen meg az el\u00e9rhet\u0151s\u00e9geimen. Sz\u00edvesen elk\u00e9sz\u00edtem k\u00e9r\u00e9s szerint.<\/p>\n","protected":false},"featured_media":0,"template":"","meta":{"_et_pb_use_builder":"","_et_pb_old_content":"","_et_gb_content_width":""},"product_cat":[21],"product_tag":[72,56,90],"_links":{"self":[{"href":"https:\/\/bonello.hu\/index.php?rest_route=\/wp\/v2\/product\/1352"}],"collection":[{"href":"https:\/\/bonello.hu\/index.php?rest_route=\/wp\/v2\/product"}],"about":[{"href":"https:\/\/bonello.hu\/index.php?rest_route=\/wp\/v2\/types\/product"}],"wp:attachment":[{"href":"https:\/\/bonello.hu\/index.php?rest_route=%2Fwp%2Fv2%2Fmedia&parent=1352"}],"wp:term":[{"taxonomy":"product_cat","embeddable":true,"href":"https:\/\/bonello.hu\/index.php?rest_route=%2Fwp%2Fv2%2Fproduct_cat&post=1352"},{"taxonomy":"product_tag","embeddable":true,"href":"https:\/\/bonello.hu\/index.php?rest_route=%2Fwp%2Fv2%2Fproduct_tag&post=1352"}],"curies":[{"name":"wp","href":"https:\/\/api.w.org\/{rel}","templated":true}]}}