{"id":1358,"date":"2020-12-30T15:00:33","date_gmt":"2020-12-30T14:00:33","guid":{"rendered":"https:\/\/bonello.hu\/?post_type=product&#038;p=1358"},"modified":"2021-10-08T17:45:50","modified_gmt":"2021-10-08T16:45:50","slug":"magas-dereku-nadrag-tullel-9-12-honapos-meretben","status":"publish","type":"product","link":"https:\/\/bonello.hu\/?product=magas-dereku-nadrag-tullel-9-12-honapos-meretben","title":{"rendered":"Magas derek\u00fa nadr\u00e1g t\u00fcllel 9-12 h\u00f3napos m\u00e9retben"},"content":{"rendered":"<div>\n<p>V\u00e9kony k\u00f6t\u00f6tt anyag\u00fa kisnadr\u00e1g. S\u00f6t\u00e9tk\u00e9k enyh\u00e9n csillog\u00f3s a textil, magas\u00edtott der\u00e9kkal. A dereka csipk\u00e9s gumival varrt \u00e9s sok t\u00fcll van r\u00f6gz\u00edtve a sz\u00e9l\u00e9hez, amelyek t\u00f6bb form\u00e1ban haszn\u00e1lhat\u00f3k. Megk\u00f6thet\u0151 nyakn\u00e1l egy v\u00e1llon vagy mindkett\u0151n, fekv\u0151 poz\u00edci\u00f3ban a t\u00fcll a baba test\u00e9n elhelyezhet\u0151, ak\u00e1r masninak k\u00f6thet\u0151.<\/p>\n<p>9-12 h\u00f3napos m\u00e9retben k\u00e9sz\u00fclt el.<\/p>\n<\/div>\n<div>Anyag\u00f6sszet\u00e9tel: 100%pamut<\/div>\n<div><\/div>\n<div>\u00a0<strong>Ha nincs k\u00e9szleten, de szeretne ehhez hasonl\u00f3 ruh\u00e1t m\u00e1s sz\u00ednben vagy m\u00e9retben, akkor keressen meg az el\u00e9rhet\u0151s\u00e9geimen. Sz\u00edvesen elk\u00e9sz\u00edtem k\u00e9r\u00e9s szerint.<\/strong><\/div>\n","protected":false},"excerpt":{"rendered":"<p>V\u00e9kony k\u00f6t\u00f6tt anyag\u00fa kisnadr\u00e1g. S\u00f6t\u00e9tk\u00e9k enyh\u00e9n csillog\u00f3s a textil, magas\u00edtott der\u00e9kkal. A dereka csipk\u00e9s gumival varrt \u00e9s sok t\u00fcll van r\u00f6gz\u00edtve a sz\u00e9l\u00e9hez, amelyek t\u00f6bb form\u00e1ban haszn\u00e1lhat\u00f3k. Megk\u00f6thet\u0151 nyakn\u00e1l egy v\u00e1llon vagy mindkett\u0151n, fekv\u0151 poz\u00edci\u00f3ban a t\u00fcll a baba test\u00e9n elhelyezhet\u0151, ak\u00e1r masninak k\u00f6thet\u0151. 9-12 h\u00f3napos m\u00e9retben k\u00e9sz\u00fclt el. Anyag\u00f6sszet\u00e9tel: 100%pamut \u00a0Ha nincs k\u00e9szleten, de [&hellip;]<\/p>\n","protected":false},"featured_media":0,"template":"","meta":{"_et_pb_use_builder":"","_et_pb_old_content":"","_et_gb_content_width":""},"product_cat":[21],"product_tag":[143,72,90,65],"_links":{"self":[{"href":"https:\/\/bonello.hu\/index.php?rest_route=\/wp\/v2\/product\/1358"}],"collection":[{"href":"https:\/\/bonello.hu\/index.php?rest_route=\/wp\/v2\/product"}],"about":[{"href":"https:\/\/bonello.hu\/index.php?rest_route=\/wp\/v2\/types\/product"}],"wp:attachment":[{"href":"https:\/\/bonello.hu\/index.php?rest_route=%2Fwp%2Fv2%2Fmedia&parent=1358"}],"wp:term":[{"taxonomy":"product_cat","embeddable":true,"href":"https:\/\/bonello.hu\/index.php?rest_route=%2Fwp%2Fv2%2Fproduct_cat&post=1358"},{"taxonomy":"product_tag","embeddable":true,"href":"https:\/\/bonello.hu\/index.php?rest_route=%2Fwp%2Fv2%2Fproduct_tag&post=1358"}],"curies":[{"name":"wp","href":"https:\/\/api.w.org\/{rel}","templated":true}]}}