{"id":1363,"date":"2020-12-30T15:54:20","date_gmt":"2020-12-30T14:54:20","guid":{"rendered":"https:\/\/bonello.hu\/?post_type=product&#038;p=1363"},"modified":"2021-10-08T17:33:37","modified_gmt":"2021-10-08T16:33:37","slug":"3-reszes-balerina-szett-korszoknyaval-6-9-honapos-meretben","status":"publish","type":"product","link":"https:\/\/bonello.hu\/?product=3-reszes-balerina-szett-korszoknyaval-6-9-honapos-meretben","title":{"rendered":"3 r\u00e9szes balerina szett k\u00f6rszokny\u00e1val 6-9 h\u00f3napos m\u00e9retben"},"content":{"rendered":"<div>\n<p>3 r\u00e9szes szett pirosas bord\u00f3, elasztikus\u00a0 t\u00fck\u00f6rb\u00e1rsony bodyval, hozz\u00e1 ill\u0151 k\u00e9tr\u00e9teg\u0171 k\u00f6rszokny\u00e1val \u00e9s sz\u00fcrke k\u00f6t\u00f6tt kardig\u00e1nnal, ami r\u00f6vid fazon\u00fa. Hossz\u00fa szalaggal megk\u00f6thet\u0151 der\u00e9k r\u00e9szen.<\/p>\n<p>Nagyon sz\u00e9pen harmoniz\u00e1l\u00f3 sz\u00ednekkel lett szabva \u00e9s varrva.<\/p>\n<p>6-9 h\u00f3napos m\u00e9retben k\u00e9sz\u00fclt el ez a szett.<\/p>\n<\/div>\n<div>Anyag\u00f6sszet\u00e9tel: 85%pamut, 15% poli\u00e9szter<\/div>\n<div><\/div>\n<div>\u00a0<strong>Ha nincs k\u00e9szleten, de szeretne ehhez hasonl\u00f3 ruh\u00e1t m\u00e1s sz\u00ednben vagy m\u00e9retben, akkor keressen meg az el\u00e9rhet\u0151s\u00e9geimen. Sz\u00edvesen elk\u00e9sz\u00edtem k\u00e9r\u00e9s szerint.<\/strong><\/div>\n","protected":false},"excerpt":{"rendered":"<p>3 r\u00e9szes szett pirosas bord\u00f3, elasztikus\u00a0 t\u00fck\u00f6rb\u00e1rsony bodyval, hozz\u00e1 ill\u0151 k\u00e9tr\u00e9teg\u0171 k\u00f6rszokny\u00e1val \u00e9s sz\u00fcrke k\u00f6t\u00f6tt kardig\u00e1nnal, ami r\u00f6vid fazon\u00fa. Hossz\u00fa szalaggal megk\u00f6thet\u0151 der\u00e9k r\u00e9szen. Nagyon sz\u00e9pen harmoniz\u00e1l\u00f3 sz\u00ednekkel lett szabva \u00e9s varrva. 6-9 h\u00f3napos m\u00e9retben k\u00e9sz\u00fclt el ez a szett. Anyag\u00f6sszet\u00e9tel: 85%pamut, 15% poli\u00e9szter \u00a0Ha nincs k\u00e9szleten, de szeretne ehhez hasonl\u00f3 ruh\u00e1t m\u00e1s sz\u00ednben vagy [&hellip;]<\/p>\n","protected":false},"featured_media":0,"template":"","meta":{"_et_pb_use_builder":"","_et_pb_old_content":"","_et_gb_content_width":""},"product_cat":[19],"product_tag":[144,140,57,72,134,73],"_links":{"self":[{"href":"https:\/\/bonello.hu\/index.php?rest_route=\/wp\/v2\/product\/1363"}],"collection":[{"href":"https:\/\/bonello.hu\/index.php?rest_route=\/wp\/v2\/product"}],"about":[{"href":"https:\/\/bonello.hu\/index.php?rest_route=\/wp\/v2\/types\/product"}],"wp:attachment":[{"href":"https:\/\/bonello.hu\/index.php?rest_route=%2Fwp%2Fv2%2Fmedia&parent=1363"}],"wp:term":[{"taxonomy":"product_cat","embeddable":true,"href":"https:\/\/bonello.hu\/index.php?rest_route=%2Fwp%2Fv2%2Fproduct_cat&post=1363"},{"taxonomy":"product_tag","embeddable":true,"href":"https:\/\/bonello.hu\/index.php?rest_route=%2Fwp%2Fv2%2Fproduct_tag&post=1363"}],"curies":[{"name":"wp","href":"https:\/\/api.w.org\/{rel}","templated":true}]}}