{"id":1365,"date":"2020-12-30T16:31:12","date_gmt":"2020-12-30T15:31:12","guid":{"rendered":"https:\/\/bonello.hu\/?post_type=product&#038;p=1365"},"modified":"2021-10-08T17:15:32","modified_gmt":"2021-10-08T16:15:32","slug":"teglavoros-body-nagy-masnival-es-fejpanttal-3-6-honapos-meretben","status":"publish","type":"product","link":"https:\/\/bonello.hu\/?product=teglavoros-body-nagy-masnival-es-fejpanttal-3-6-honapos-meretben","title":{"rendered":"T\u00e9glav\u00f6r\u00f6s body nagy masnival \u00e9s fejp\u00e1nttal 3-6 h\u00f3napos m\u00e9retben"},"content":{"rendered":"<div>\n<p>Elasztikus pamutb\u00f3l k\u00e9sz\u00fclt halv\u00e1ny t\u00e9glav\u00f6r\u00f6s body, mely\u00a0 a der\u00e9k r\u00e9szt keresztben feh\u00e9r csipke anyag fut \u00e9s egy nagy masni dobja fel. Comb r\u00e9sze csipk\u00e9vel gum\u00edrozott. Ujja ugyan abb\u00f3l csipk\u00e9b\u0151l szabott, mint a masnis r\u00e9sz. H\u00e1ta nyitott szab\u00e1s\u00fa. Nagy masnis fejp\u00e1nttal lett teljes a szett.<\/p>\n<p>3-6 h\u00f3napos m\u00e9retben k\u00e9sz\u00fclt el.<\/p>\n<\/div>\n<div>Anyag\u00f6sszet\u00e9tel: 100% poli\u00e9szter<\/div>\n<div><\/div>\n<div>\u00a0<strong>Ha nincs k\u00e9szleten, de szeretne ehhez hasonl\u00f3 ruh\u00e1t m\u00e1s sz\u00ednben vagy m\u00e9retben, akkor keressen meg az el\u00e9rhet\u0151s\u00e9geimen. Sz\u00edvesen elk\u00e9sz\u00edtem k\u00e9r\u00e9s szerint.<\/strong><\/div>\n","protected":false},"excerpt":{"rendered":"<p>Elasztikus pamutb\u00f3l k\u00e9sz\u00fclt halv\u00e1ny t\u00e9glav\u00f6r\u00f6s body, mely\u00a0 a der\u00e9k r\u00e9szt keresztben feh\u00e9r csipke anyag fut \u00e9s egy nagy masni dobja fel. Comb r\u00e9sze csipk\u00e9vel gum\u00edrozott. Ujja ugyan abb\u00f3l csipk\u00e9b\u0151l szabott, mint a masnis r\u00e9sz. H\u00e1ta nyitott szab\u00e1s\u00fa. Nagy masnis fejp\u00e1nttal lett teljes a szett. 3-6 h\u00f3napos m\u00e9retben k\u00e9sz\u00fclt el. Anyag\u00f6sszet\u00e9tel: 100% poli\u00e9szter \u00a0Ha nincs k\u00e9szleten, [&hellip;]<\/p>\n","protected":false},"featured_media":0,"template":"","meta":{"_et_pb_use_builder":"","_et_pb_old_content":"","_et_gb_content_width":""},"product_cat":[60],"product_tag":[57,72,76,134],"_links":{"self":[{"href":"https:\/\/bonello.hu\/index.php?rest_route=\/wp\/v2\/product\/1365"}],"collection":[{"href":"https:\/\/bonello.hu\/index.php?rest_route=\/wp\/v2\/product"}],"about":[{"href":"https:\/\/bonello.hu\/index.php?rest_route=\/wp\/v2\/types\/product"}],"wp:attachment":[{"href":"https:\/\/bonello.hu\/index.php?rest_route=%2Fwp%2Fv2%2Fmedia&parent=1365"}],"wp:term":[{"taxonomy":"product_cat","embeddable":true,"href":"https:\/\/bonello.hu\/index.php?rest_route=%2Fwp%2Fv2%2Fproduct_cat&post=1365"},{"taxonomy":"product_tag","embeddable":true,"href":"https:\/\/bonello.hu\/index.php?rest_route=%2Fwp%2Fv2%2Fproduct_tag&post=1365"}],"curies":[{"name":"wp","href":"https:\/\/api.w.org\/{rel}","templated":true}]}}