{"id":1370,"date":"2020-12-30T17:50:22","date_gmt":"2020-12-30T16:50:22","guid":{"rendered":"https:\/\/bonello.hu\/?post_type=product&#038;p=1370"},"modified":"2021-10-21T20:42:50","modified_gmt":"2021-10-21T19:42:50","slug":"korhu-fine-art-fejkoto-6-9-eves-meretben","status":"publish","type":"product","link":"https:\/\/bonello.hu\/?product=korhu-fine-art-fejkoto-6-9-eves-meretben","title":{"rendered":"Korh\u0171 Fine Art fejk\u00f6t\u0151 6-9 \u00e9ves m\u00e9retben"},"content":{"rendered":"<p>Feh\u00e9r pamutv\u00e1szon anyagb\u00f3l k\u00e9sz\u00fclt fejk\u00f6t\u0151. Feh\u00e9r vagy hozz\u00e1 ill\u0151 pamutcsipk\u00e9b\u0151l k\u00e9sz\u00fcl \u00e9s szalaggal d\u00edsz\u00edtett.<\/p>\n<p>A csipke mint\u00e1zata elt\u00e9r\u0151 lehet rendel\u00e9s eset\u00e9n, ezzel biztos\u00edtom, hogy egyedi term\u00e9ket k\u00fcldjek minden megrendel\u0151nek.<\/p>\n<p>6-9 \u00e9ves m\u00e9retre tervezett.<\/p>\n<p>M\u00e1s sz\u00ednben \u00e9s m\u00e9retben is k\u00e9rhet\u0151!<\/p>\n<p>Anyag\u00f6sszet\u00e9tel: 100% pamut<\/p>\n<p><strong>Ha nincs k\u00e9szleten, de szeretne ehhez hasonl\u00f3 kieg\u00e9sz\u00edt\u0151t m\u00e1s sz\u00ednben vagy m\u00e9retben, akkor keressen meg az el\u00e9rhet\u0151s\u00e9geimen. Sz\u00edvesen elk\u00e9sz\u00edtem k\u00e9r\u00e9s szerint.<\/strong><\/p>\n","protected":false},"excerpt":{"rendered":"<p>Feh\u00e9r pamutv\u00e1szon anyagb\u00f3l k\u00e9sz\u00fclt fejk\u00f6t\u0151. Feh\u00e9r vagy hozz\u00e1 ill\u0151 pamutcsipk\u00e9b\u0151l k\u00e9sz\u00fcl \u00e9s szalaggal d\u00edsz\u00edtett. A csipke mint\u00e1zata elt\u00e9r\u0151 lehet rendel\u00e9s eset\u00e9n, ezzel biztos\u00edtom, hogy egyedi term\u00e9ket k\u00fcldjek minden megrendel\u0151nek. 6-9 \u00e9ves m\u00e9retre tervezett. M\u00e1s sz\u00ednben \u00e9s m\u00e9retben is k\u00e9rhet\u0151! Anyag\u00f6sszet\u00e9tel: 100% pamut Ha nincs k\u00e9szleten, de szeretne ehhez hasonl\u00f3 kieg\u00e9sz\u00edt\u0151t m\u00e1s sz\u00ednben vagy m\u00e9retben, akkor [&hellip;]<\/p>\n","protected":false},"featured_media":0,"template":"","meta":{"_et_pb_use_builder":"","_et_pb_old_content":"","_et_gb_content_width":""},"product_cat":[27],"product_tag":[80,145,125,72,69,139],"_links":{"self":[{"href":"https:\/\/bonello.hu\/index.php?rest_route=\/wp\/v2\/product\/1370"}],"collection":[{"href":"https:\/\/bonello.hu\/index.php?rest_route=\/wp\/v2\/product"}],"about":[{"href":"https:\/\/bonello.hu\/index.php?rest_route=\/wp\/v2\/types\/product"}],"wp:attachment":[{"href":"https:\/\/bonello.hu\/index.php?rest_route=%2Fwp%2Fv2%2Fmedia&parent=1370"}],"wp:term":[{"taxonomy":"product_cat","embeddable":true,"href":"https:\/\/bonello.hu\/index.php?rest_route=%2Fwp%2Fv2%2Fproduct_cat&post=1370"},{"taxonomy":"product_tag","embeddable":true,"href":"https:\/\/bonello.hu\/index.php?rest_route=%2Fwp%2Fv2%2Fproduct_tag&post=1370"}],"curies":[{"name":"wp","href":"https:\/\/api.w.org\/{rel}","templated":true}]}}