{"id":1372,"date":"2020-12-30T18:15:53","date_gmt":"2020-12-30T17:15:53","guid":{"rendered":"https:\/\/bonello.hu\/?post_type=product&#038;p=1372"},"modified":"2021-10-08T15:43:10","modified_gmt":"2021-10-08T14:43:10","slug":"csipkes-kotott-body-kulonleges-diszitessel-ujszulott-meretben-fotozasra","status":"publish","type":"product","link":"https:\/\/bonello.hu\/?product=csipkes-kotott-body-kulonleges-diszitessel-ujszulott-meretben-fotozasra","title":{"rendered":"Csipk\u00e9s k\u00f6t\u00f6tt body k\u00fcl\u00f6nleges d\u00edsz\u00edt\u00e9ssel \u00fajsz\u00fcl\u00f6tt m\u00e9retben fot\u00f3z\u00e1sra"},"content":{"rendered":"<div dir=\"auto\">G\u00e9pi k\u00f6t\u00e9s\u0171 csipk\u00e9s anyagb\u00f3l k\u00e9sz\u00fclt ez a szett. A k\u00f6z\u00e9pbarna sz\u00edn r\u00f3zsasz\u00ednnel lett kombin\u00e1lva. A r\u00f3zsasz\u00edn anyag puha elasztikus t\u00fcll, mely gy\u00f6ngy\u00f6kkel \u00e9s flitterekkel kivarrt.<\/div>\n<div dir=\"auto\">Ujja v\u00e9g\u00e9n is t\u00fcll fodor van.<br \/>\nFejd\u00edsz is k\u00e9sz\u00fclt hozz\u00e1.<br \/>\n50-56 m\u00e9retre lett szabva.<\/div>\n<div dir=\"auto\"><\/div>\n<div dir=\"auto\">Anyag\u00f6sszet\u00e9tel: 100 % poli\u00e9szter<\/div>\n<div dir=\"auto\">\u00a0<strong>Ha nincs k\u00e9szleten, de szeretne ehhez hasonl\u00f3 ruh\u00e1t m\u00e1s sz\u00ednben vagy m\u00e9retben, akkor keressen meg az el\u00e9rhet\u0151s\u00e9geimen. Sz\u00edvesen elk\u00e9sz\u00edtem k\u00e9r\u00e9s szerint.<\/strong><\/div>\n<div dir=\"auto\"><\/div>\n","protected":false},"excerpt":{"rendered":"<p>G\u00e9pi k\u00f6t\u00e9s\u0171 csipk\u00e9s anyagb\u00f3l k\u00e9sz\u00fclt ez a szett. A k\u00f6z\u00e9pbarna sz\u00edn r\u00f3zsasz\u00ednnel lett kombin\u00e1lva. A r\u00f3zsasz\u00edn anyag puha elasztikus t\u00fcll, mely gy\u00f6ngy\u00f6kkel \u00e9s flitterekkel kivarrt. Ujja v\u00e9g\u00e9n is t\u00fcll fodor van. Fejd\u00edsz is k\u00e9sz\u00fclt hozz\u00e1. 50-56 m\u00e9retre lett szabva. Anyag\u00f6sszet\u00e9tel: 100 % poli\u00e9szter \u00a0Ha nincs k\u00e9szleten, de szeretne ehhez hasonl\u00f3 ruh\u00e1t m\u00e1s sz\u00ednben vagy m\u00e9retben, [&hellip;]<\/p>\n","protected":false},"featured_media":0,"template":"","meta":{"_et_pb_use_builder":"","_et_pb_old_content":"","_et_gb_content_width":""},"product_cat":[18,31],"product_tag":[57,125,72,71,90,65],"_links":{"self":[{"href":"https:\/\/bonello.hu\/index.php?rest_route=\/wp\/v2\/product\/1372"}],"collection":[{"href":"https:\/\/bonello.hu\/index.php?rest_route=\/wp\/v2\/product"}],"about":[{"href":"https:\/\/bonello.hu\/index.php?rest_route=\/wp\/v2\/types\/product"}],"wp:attachment":[{"href":"https:\/\/bonello.hu\/index.php?rest_route=%2Fwp%2Fv2%2Fmedia&parent=1372"}],"wp:term":[{"taxonomy":"product_cat","embeddable":true,"href":"https:\/\/bonello.hu\/index.php?rest_route=%2Fwp%2Fv2%2Fproduct_cat&post=1372"},{"taxonomy":"product_tag","embeddable":true,"href":"https:\/\/bonello.hu\/index.php?rest_route=%2Fwp%2Fv2%2Fproduct_tag&post=1372"}],"curies":[{"name":"wp","href":"https:\/\/api.w.org\/{rel}","templated":true}]}}