{"id":1373,"date":"2020-12-30T18:38:36","date_gmt":"2020-12-30T17:38:36","guid":{"rendered":"https:\/\/bonello.hu\/?post_type=product&#038;p=1373"},"modified":"2021-10-08T15:36:26","modified_gmt":"2021-10-08T14:36:26","slug":"sotetlila-tullos-szett-ujszulott-meretben-fotozasra","status":"publish","type":"product","link":"https:\/\/bonello.hu\/?product=sotetlila-tullos-szett-ujszulott-meretben-fotozasra","title":{"rendered":"S\u00f6t\u00e9tlila t\u00fcll\u00f6s szett \u00fajsz\u00fcl\u00f6tt m\u00e9retben fot\u00f3z\u00e1sra"},"content":{"rendered":"<div dir=\"auto\">S\u00f6t\u00e9tlila pamut jersey anyagb\u00f3l k\u00e9sz\u00fclt body, vil\u00e1gos r\u00f3zsasz\u00edn t\u00fcll szokny\u00e1val.<\/div>\n<div dir=\"auto\">A body 3D vir\u00e1gokkal \u00e9s gy\u00f6ngy\u00f6kkel d\u00edsz\u00edtett.<br \/>\n50-56 m\u00e9retre lett szabva.<\/div>\n<div dir=\"auto\"><\/div>\n<div dir=\"auto\">Anyag\u00f6sszet\u00e9tel: 100 % poli\u00e9szter<\/div>\n<div dir=\"auto\">\u00a0<strong>Ha nincs k\u00e9szleten, de szeretne ehhez hasonl\u00f3 ruh\u00e1t m\u00e1s sz\u00ednben vagy m\u00e9retben, akkor keressen meg az el\u00e9rhet\u0151s\u00e9geimen. Sz\u00edvesen elk\u00e9sz\u00edtem k\u00e9r\u00e9s szerint.<\/strong><\/div>\n<div dir=\"auto\"><\/div>\n","protected":false},"excerpt":{"rendered":"<p>S\u00f6t\u00e9tlila pamut jersey anyagb\u00f3l k\u00e9sz\u00fclt body, vil\u00e1gos r\u00f3zsasz\u00edn t\u00fcll szokny\u00e1val. A body 3D vir\u00e1gokkal \u00e9s gy\u00f6ngy\u00f6kkel d\u00edsz\u00edtett. 50-56 m\u00e9retre lett szabva. Anyag\u00f6sszet\u00e9tel: 100 % poli\u00e9szter \u00a0Ha nincs k\u00e9szleten, de szeretne ehhez hasonl\u00f3 ruh\u00e1t m\u00e1s sz\u00ednben vagy m\u00e9retben, akkor keressen meg az el\u00e9rhet\u0151s\u00e9geimen. Sz\u00edvesen elk\u00e9sz\u00edtem k\u00e9r\u00e9s szerint.<\/p>\n","protected":false},"featured_media":0,"template":"","meta":{"_et_pb_use_builder":"","_et_pb_old_content":"","_et_gb_content_width":""},"product_cat":[18,31],"product_tag":[57,72,56,90,65],"_links":{"self":[{"href":"https:\/\/bonello.hu\/index.php?rest_route=\/wp\/v2\/product\/1373"}],"collection":[{"href":"https:\/\/bonello.hu\/index.php?rest_route=\/wp\/v2\/product"}],"about":[{"href":"https:\/\/bonello.hu\/index.php?rest_route=\/wp\/v2\/types\/product"}],"wp:attachment":[{"href":"https:\/\/bonello.hu\/index.php?rest_route=%2Fwp%2Fv2%2Fmedia&parent=1373"}],"wp:term":[{"taxonomy":"product_cat","embeddable":true,"href":"https:\/\/bonello.hu\/index.php?rest_route=%2Fwp%2Fv2%2Fproduct_cat&post=1373"},{"taxonomy":"product_tag","embeddable":true,"href":"https:\/\/bonello.hu\/index.php?rest_route=%2Fwp%2Fv2%2Fproduct_tag&post=1373"}],"curies":[{"name":"wp","href":"https:\/\/api.w.org\/{rel}","templated":true}]}}