{"id":1388,"date":"2020-12-30T19:37:10","date_gmt":"2020-12-30T18:37:10","guid":{"rendered":"https:\/\/bonello.hu\/?post_type=product&#038;p=1388"},"modified":"2021-10-05T20:42:43","modified_gmt":"2021-10-05T19:42:43","slug":"kockas-kertesznadrag-szett-fotozasra-ujszulott-meretben","status":"publish","type":"product","link":"https:\/\/bonello.hu\/?product=kockas-kertesznadrag-szett-fotozasra-ujszulott-meretben","title":{"rendered":"Kock\u00e1s kert\u00e9sznadr\u00e1g szett fot\u00f3z\u00e1sra \u00fajsz\u00fcl\u00f6tt m\u00e9retben"},"content":{"rendered":"<div dir=\"auto\">Kock\u00e1s pamutv\u00e1szon kert\u00e9sz nadr\u00e1g csipk\u00e9vel. Rusztikus \u00e9s romantikus hangulat\u00fa a kisruha. El\u0151l v\u00e9gig gombos megold\u00e1s\u00fa. Ujj n\u00e9lk\u00fcli, v\u00e1llon szalaggal megk\u00f6t\u0151s v\u00e1ltozatban k\u00e9sz\u00fclt el.A sz\u00e1ra \u00e9s a fels\u0151 r\u00e9sz pamutcsipk\u00e9vel d\u00edsz\u00edtett.<\/div>\n<div dir=\"auto\">A kock\u00e1s anyaghoz ill\u0151 piros masnis hajp\u00e1nt is k\u00e9sz\u00fclt a szetthez.<\/div>\n<div dir=\"auto\"><\/div>\n<div dir=\"auto\">50-56 m\u00e9retre lett szabva.<\/div>\n<div dir=\"auto\"><\/div>\n<div dir=\"auto\">Anyag\u00f6sszet\u00e9tel: 100% pamut,<\/div>\n<div dir=\"auto\">\u00a0<strong>Ha nincs k\u00e9szleten, de szeretne ehhez hasonl\u00f3 ruh\u00e1t m\u00e1s sz\u00ednben vagy m\u00e9retben, akkor keressen meg az el\u00e9rhet\u0151s\u00e9geimen. Sz\u00edvesen elk\u00e9sz\u00edtem k\u00e9r\u00e9s szerint.<\/strong><\/div>\n<div dir=\"auto\"><\/div>\n","protected":false},"excerpt":{"rendered":"<p>Kock\u00e1s pamutv\u00e1szon kert\u00e9sz nadr\u00e1g csipk\u00e9vel. Rusztikus \u00e9s romantikus hangulat\u00fa a kisruha. El\u0151l v\u00e9gig gombos megold\u00e1s\u00fa. Ujj n\u00e9lk\u00fcli, v\u00e1llon szalaggal megk\u00f6t\u0151s v\u00e1ltozatban k\u00e9sz\u00fclt el.A sz\u00e1ra \u00e9s a fels\u0151 r\u00e9sz pamutcsipk\u00e9vel d\u00edsz\u00edtett. A kock\u00e1s anyaghoz ill\u0151 piros masnis hajp\u00e1nt is k\u00e9sz\u00fclt a szetthez. 50-56 m\u00e9retre lett szabva. Anyag\u00f6sszet\u00e9tel: 100% pamut, \u00a0Ha nincs k\u00e9szleten, de szeretne ehhez hasonl\u00f3 [&hellip;]<\/p>\n","protected":false},"featured_media":0,"template":"","meta":{"_et_pb_use_builder":"","_et_pb_old_content":"","_et_gb_content_width":""},"product_cat":[18,31],"product_tag":[57,72,84,90],"_links":{"self":[{"href":"https:\/\/bonello.hu\/index.php?rest_route=\/wp\/v2\/product\/1388"}],"collection":[{"href":"https:\/\/bonello.hu\/index.php?rest_route=\/wp\/v2\/product"}],"about":[{"href":"https:\/\/bonello.hu\/index.php?rest_route=\/wp\/v2\/types\/product"}],"wp:attachment":[{"href":"https:\/\/bonello.hu\/index.php?rest_route=%2Fwp%2Fv2%2Fmedia&parent=1388"}],"wp:term":[{"taxonomy":"product_cat","embeddable":true,"href":"https:\/\/bonello.hu\/index.php?rest_route=%2Fwp%2Fv2%2Fproduct_cat&post=1388"},{"taxonomy":"product_tag","embeddable":true,"href":"https:\/\/bonello.hu\/index.php?rest_route=%2Fwp%2Fv2%2Fproduct_tag&post=1388"}],"curies":[{"name":"wp","href":"https:\/\/api.w.org\/{rel}","templated":true}]}}