{"id":1393,"date":"2020-12-30T20:34:58","date_gmt":"2020-12-30T19:34:58","guid":{"rendered":"https:\/\/bonello.hu\/?post_type=product&#038;p=1393"},"modified":"2021-10-05T20:30:35","modified_gmt":"2021-10-05T19:30:35","slug":"halos-anyagu-kisfiu-nadrag-fotozasra-ujszulott-meretben","status":"publish","type":"product","link":"https:\/\/bonello.hu\/?product=halos-anyagu-kisfiu-nadrag-fotozasra-ujszulott-meretben","title":{"rendered":"H\u00e1l\u00f3s anyag\u00fa kisfi\u00fa nadr\u00e1g fot\u00f3z\u00e1sra \u00fajsz\u00fcl\u00f6tt m\u00e9retben"},"content":{"rendered":"<div dir=\"auto\">Kisfi\u00fa kisnadr\u00e1g fot\u00f3z\u00e1sra, mely feh\u00e9r h\u00e1l\u00f3s anyag\u00fa. Derek\u00e1n\u00e1l gumis p\u00e1ntok ker\u00fcltek r\u00e1,amik gombokkal lettek r\u00f6gz\u00edtve.<\/div>\n<div dir=\"auto\"><\/div>\n<div dir=\"auto\"><\/div>\n<div dir=\"auto\">50-56 m\u00e9retre lett szabva.<\/div>\n<div dir=\"auto\"><\/div>\n<div dir=\"auto\">Anyag\u00f6sszet\u00e9tel: 100% pamut,<\/div>\n<div dir=\"auto\">\u00a0<strong>Ha nincs k\u00e9szleten, de szeretne ehhez hasonl\u00f3 ruh\u00e1t m\u00e1s sz\u00ednben vagy m\u00e9retben, akkor keressen meg az el\u00e9rhet\u0151s\u00e9geimen. Sz\u00edvesen elk\u00e9sz\u00edtem k\u00e9r\u00e9s szerint.<\/strong><\/div>\n<div dir=\"auto\"><\/div>\n","protected":false},"excerpt":{"rendered":"<p>Kisfi\u00fa kisnadr\u00e1g fot\u00f3z\u00e1sra, mely feh\u00e9r h\u00e1l\u00f3s anyag\u00fa. Derek\u00e1n\u00e1l gumis p\u00e1ntok ker\u00fcltek r\u00e1,amik gombokkal lettek r\u00f6gz\u00edtve. 50-56 m\u00e9retre lett szabva. Anyag\u00f6sszet\u00e9tel: 100% pamut, \u00a0Ha nincs k\u00e9szleten, de szeretne ehhez hasonl\u00f3 ruh\u00e1t m\u00e1s sz\u00ednben vagy m\u00e9retben, akkor keressen meg az el\u00e9rhet\u0151s\u00e9geimen. Sz\u00edvesen elk\u00e9sz\u00edtem k\u00e9r\u00e9s szerint.<\/p>\n","protected":false},"featured_media":0,"template":"","meta":{"_et_pb_use_builder":"","_et_pb_old_content":"","_et_gb_content_width":""},"product_cat":[18,32],"product_tag":[72,148,90],"_links":{"self":[{"href":"https:\/\/bonello.hu\/index.php?rest_route=\/wp\/v2\/product\/1393"}],"collection":[{"href":"https:\/\/bonello.hu\/index.php?rest_route=\/wp\/v2\/product"}],"about":[{"href":"https:\/\/bonello.hu\/index.php?rest_route=\/wp\/v2\/types\/product"}],"wp:attachment":[{"href":"https:\/\/bonello.hu\/index.php?rest_route=%2Fwp%2Fv2%2Fmedia&parent=1393"}],"wp:term":[{"taxonomy":"product_cat","embeddable":true,"href":"https:\/\/bonello.hu\/index.php?rest_route=%2Fwp%2Fv2%2Fproduct_cat&post=1393"},{"taxonomy":"product_tag","embeddable":true,"href":"https:\/\/bonello.hu\/index.php?rest_route=%2Fwp%2Fv2%2Fproduct_tag&post=1393"}],"curies":[{"name":"wp","href":"https:\/\/api.w.org\/{rel}","templated":true}]}}