{"id":1394,"date":"2020-12-30T20:44:09","date_gmt":"2020-12-30T19:44:09","guid":{"rendered":"https:\/\/bonello.hu\/?post_type=product&#038;p=1394"},"modified":"2021-10-05T20:28:59","modified_gmt":"2021-10-05T19:28:59","slug":"kezzel-kotott-kisfiu-szett-fotozasra-9-12-honapos-meretben","status":"publish","type":"product","link":"https:\/\/bonello.hu\/?product=kezzel-kotott-kisfiu-szett-fotozasra-9-12-honapos-meretben","title":{"rendered":"K\u00e9zzel k\u00f6t\u00f6tt kisfi\u00fa szett fot\u00f3z\u00e1sra 9-12 h\u00f3napos m\u00e9retben"},"content":{"rendered":"<div>\n<p>S\u00f6t\u00e9tz\u00f6ld sz\u00ednben k\u00e9sz\u00fclt k\u00e9zzel k\u00f6tve. Hossz\u00fa sz\u00e1r\u00fa nadr\u00e1g p\u00e1ntos v\u00e1ltozatban \u00e9s egy bojtos sapka tartalmazza a szettet. A p\u00e1ntokat hozz\u00e1 ill\u0151 gombokkal r\u00f6gz\u00edtettem.<\/p>\n<p>9-12 h\u00f3napos m\u00e9retben lett k\u00f6tve.<\/p>\n<\/div>\n<div>Anyag\u00f6sszet\u00e9tel: 100%pamut<\/div>\n<div><\/div>\n<div>\u00a0<strong>Ha nincs k\u00e9szleten, de szeretne ehhez hasonl\u00f3 ruh\u00e1t m\u00e1s sz\u00ednben vagy m\u00e9retben, akkor keressen meg az el\u00e9rhet\u0151s\u00e9geimen. Sz\u00edvesen elk\u00e9sz\u00edtem k\u00e9r\u00e9s szerint.<\/strong><\/div>\n","protected":false},"excerpt":{"rendered":"<p>S\u00f6t\u00e9tz\u00f6ld sz\u00ednben k\u00e9sz\u00fclt k\u00e9zzel k\u00f6tve. Hossz\u00fa sz\u00e1r\u00fa nadr\u00e1g p\u00e1ntos v\u00e1ltozatban \u00e9s egy bojtos sapka tartalmazza a szettet. A p\u00e1ntokat hozz\u00e1 ill\u0151 gombokkal r\u00f6gz\u00edtettem. 9-12 h\u00f3napos m\u00e9retben lett k\u00f6tve. Anyag\u00f6sszet\u00e9tel: 100%pamut \u00a0Ha nincs k\u00e9szleten, de szeretne ehhez hasonl\u00f3 ruh\u00e1t m\u00e1s sz\u00ednben vagy m\u00e9retben, akkor keressen meg az el\u00e9rhet\u0151s\u00e9geimen. Sz\u00edvesen elk\u00e9sz\u00edtem k\u00e9r\u00e9s szerint.<\/p>\n","protected":false},"featured_media":0,"template":"","meta":{"_et_pb_use_builder":"","_et_pb_old_content":"","_et_gb_content_width":""},"product_cat":[21],"product_tag":[72,150,102,149],"_links":{"self":[{"href":"https:\/\/bonello.hu\/index.php?rest_route=\/wp\/v2\/product\/1394"}],"collection":[{"href":"https:\/\/bonello.hu\/index.php?rest_route=\/wp\/v2\/product"}],"about":[{"href":"https:\/\/bonello.hu\/index.php?rest_route=\/wp\/v2\/types\/product"}],"wp:attachment":[{"href":"https:\/\/bonello.hu\/index.php?rest_route=%2Fwp%2Fv2%2Fmedia&parent=1394"}],"wp:term":[{"taxonomy":"product_cat","embeddable":true,"href":"https:\/\/bonello.hu\/index.php?rest_route=%2Fwp%2Fv2%2Fproduct_cat&post=1394"},{"taxonomy":"product_tag","embeddable":true,"href":"https:\/\/bonello.hu\/index.php?rest_route=%2Fwp%2Fv2%2Fproduct_tag&post=1394"}],"curies":[{"name":"wp","href":"https:\/\/api.w.org\/{rel}","templated":true}]}}