{"id":1395,"date":"2021-01-02T14:57:06","date_gmt":"2021-01-02T13:57:06","guid":{"rendered":"https:\/\/bonello.hu\/?post_type=product&#038;p=1395"},"modified":"2021-10-05T20:27:39","modified_gmt":"2021-10-05T19:27:39","slug":"korhu-fine-art-fejkoto-2-5-eves-meretben","status":"publish","type":"product","link":"https:\/\/bonello.hu\/?product=korhu-fine-art-fejkoto-2-5-eves-meretben","title":{"rendered":"Korh\u0171 Fine Art fejk\u00f6t\u0151 2-5 \u00e9ves m\u00e9retben"},"content":{"rendered":"<p>Selyem anyagb\u00f3l k\u00e9sz\u00fclt fejk\u00f6t\u0151, mely barn\u00e1s v\u00f6r\u00f6s \u00e1rnyalat\u00fa. A kalapon t\u0171z\u00e9sek futnak v\u00e9gig. T\u00f6rtfeh\u00e9r pamutcsipk\u00e9vel, szalaggal \u00e9s vir\u00e1gokkal d\u00edsz\u00edtett. Eleg\u00e1ns, de visszafogott darab lett. Fine Art fot\u00f3z\u00e1sokra t\u00f6k\u00e9letes kieg\u00e9sz\u00edt\u0151.<\/p>\n<p>A kalap b\u00e9l\u00e9se finom puha selyemb\u0151l van, megk\u00f6t\u0151k\u00e9nt sz\u00e9les halv\u00e1ny r\u00f3zsasz\u00edn szalag lett belef\u0171zve.<\/p>\n<p>A csipke mint\u00e1zata elt\u00e9r\u0151 lehet rendel\u00e9s eset\u00e9n, ezzel biztos\u00edtom, hogy egyedi term\u00e9ket k\u00fcldjek minden megrendel\u0151nek. M\u00e1s sz\u00ednben \u00e9s m\u00e9retben is lehet k\u00e9rni!<\/p>\n<p>2-5 \u00e9ves m\u00e9retre tervezett.<\/p>\n<p>M\u00e1s sz\u00ednben \u00e9s m\u00e9retben is k\u00e9rhet\u0151!<\/p>\n<p>Anyag\u00f6sszet\u00e9tel: 90% poli\u00e9szter, 10 % pamut<\/p>\n<p><strong>Ha nincs k\u00e9szleten, de szeretne ehhez hasonl\u00f3 kieg\u00e9sz\u00edt\u0151t m\u00e1s sz\u00ednben vagy m\u00e9retben, akkor keressen meg az el\u00e9rhet\u0151s\u00e9geimen. Sz\u00edvesen elk\u00e9sz\u00edtem k\u00e9r\u00e9s szerint.<\/strong><\/p>\n","protected":false},"excerpt":{"rendered":"<p>Selyem anyagb\u00f3l k\u00e9sz\u00fclt fejk\u00f6t\u0151, mely barn\u00e1s v\u00f6r\u00f6s \u00e1rnyalat\u00fa. A kalapon t\u0171z\u00e9sek futnak v\u00e9gig. T\u00f6rtfeh\u00e9r pamutcsipk\u00e9vel, szalaggal \u00e9s vir\u00e1gokkal d\u00edsz\u00edtett. Eleg\u00e1ns, de visszafogott darab lett. Fine Art fot\u00f3z\u00e1sokra t\u00f6k\u00e9letes kieg\u00e9sz\u00edt\u0151. A kalap b\u00e9l\u00e9se finom puha selyemb\u0151l van, megk\u00f6t\u0151k\u00e9nt sz\u00e9les halv\u00e1ny r\u00f3zsasz\u00edn szalag lett belef\u0171zve. A csipke mint\u00e1zata elt\u00e9r\u0151 lehet rendel\u00e9s eset\u00e9n, ezzel biztos\u00edtom, hogy egyedi term\u00e9ket [&hellip;]<\/p>\n","protected":false},"featured_media":0,"template":"","meta":{"_et_pb_use_builder":"","_et_pb_old_content":"","_et_gb_content_width":""},"product_cat":[27],"product_tag":[80,145,125,72,69,139],"_links":{"self":[{"href":"https:\/\/bonello.hu\/index.php?rest_route=\/wp\/v2\/product\/1395"}],"collection":[{"href":"https:\/\/bonello.hu\/index.php?rest_route=\/wp\/v2\/product"}],"about":[{"href":"https:\/\/bonello.hu\/index.php?rest_route=\/wp\/v2\/types\/product"}],"wp:attachment":[{"href":"https:\/\/bonello.hu\/index.php?rest_route=%2Fwp%2Fv2%2Fmedia&parent=1395"}],"wp:term":[{"taxonomy":"product_cat","embeddable":true,"href":"https:\/\/bonello.hu\/index.php?rest_route=%2Fwp%2Fv2%2Fproduct_cat&post=1395"},{"taxonomy":"product_tag","embeddable":true,"href":"https:\/\/bonello.hu\/index.php?rest_route=%2Fwp%2Fv2%2Fproduct_tag&post=1395"}],"curies":[{"name":"wp","href":"https:\/\/api.w.org\/{rel}","templated":true}]}}