{"id":1444,"date":"2021-08-22T20:33:55","date_gmt":"2021-08-22T19:33:55","guid":{"rendered":"https:\/\/bonello.hu\/?post_type=product&#038;p=1444"},"modified":"2021-10-05T19:58:34","modified_gmt":"2021-10-05T18:58:34","slug":"kezzel-kotott-levendula-lila-szett-fotozasra-ujszulott-meretben","status":"publish","type":"product","link":"https:\/\/bonello.hu\/?product=kezzel-kotott-levendula-lila-szett-fotozasra-ujszulott-meretben","title":{"rendered":"K\u00e9zzel k\u00f6t\u00f6tt levendula lila szett fot\u00f3z\u00e1sra \u00fajsz\u00fcl\u00f6tt m\u00e9retben"},"content":{"rendered":"<div>\n<p>Levendula lila sz\u00ednben k\u00e9sz\u00fclt k\u00e9zzel k\u00f6tve ez a 2 r\u00e9szes szett.<\/p>\n<p>\u00dajsz\u00fcl\u00f6tt m\u00e9retben lett k\u00f6tve.<\/p>\n<\/div>\n<div>Anyag\u00f6sszet\u00e9tel: 100%pamut<\/div>\n<div><\/div>\n<div>\u00a0<strong>Ha nincs k\u00e9szleten, de szeretne ehhez hasonl\u00f3 ruh\u00e1t m\u00e1s sz\u00ednben vagy m\u00e9retben, akkor keressen meg az el\u00e9rhet\u0151s\u00e9geimen. Sz\u00edvesen elk\u00e9sz\u00edtem k\u00e9r\u00e9s szerint.<\/strong><\/div>\n","protected":false},"excerpt":{"rendered":"<p>Levendula lila sz\u00ednben k\u00e9sz\u00fclt k\u00e9zzel k\u00f6tve ez a 2 r\u00e9szes szett. \u00dajsz\u00fcl\u00f6tt m\u00e9retben lett k\u00f6tve. Anyag\u00f6sszet\u00e9tel: 100%pamut \u00a0Ha nincs k\u00e9szleten, de szeretne ehhez hasonl\u00f3 ruh\u00e1t m\u00e1s sz\u00ednben vagy m\u00e9retben, akkor keressen meg az el\u00e9rhet\u0151s\u00e9geimen. Sz\u00edvesen elk\u00e9sz\u00edtem k\u00e9r\u00e9s szerint.<\/p>\n","protected":false},"featured_media":0,"template":"","meta":{"_et_pb_use_builder":"","_et_pb_old_content":"","_et_gb_content_width":""},"product_cat":[18,31],"product_tag":[72,150,152,90],"_links":{"self":[{"href":"https:\/\/bonello.hu\/index.php?rest_route=\/wp\/v2\/product\/1444"}],"collection":[{"href":"https:\/\/bonello.hu\/index.php?rest_route=\/wp\/v2\/product"}],"about":[{"href":"https:\/\/bonello.hu\/index.php?rest_route=\/wp\/v2\/types\/product"}],"wp:attachment":[{"href":"https:\/\/bonello.hu\/index.php?rest_route=%2Fwp%2Fv2%2Fmedia&parent=1444"}],"wp:term":[{"taxonomy":"product_cat","embeddable":true,"href":"https:\/\/bonello.hu\/index.php?rest_route=%2Fwp%2Fv2%2Fproduct_cat&post=1444"},{"taxonomy":"product_tag","embeddable":true,"href":"https:\/\/bonello.hu\/index.php?rest_route=%2Fwp%2Fv2%2Fproduct_tag&post=1444"}],"curies":[{"name":"wp","href":"https:\/\/api.w.org\/{rel}","templated":true}]}}