{"id":1445,"date":"2021-08-22T20:43:09","date_gmt":"2021-08-22T19:43:09","guid":{"rendered":"https:\/\/bonello.hu\/?post_type=product&#038;p=1445"},"modified":"2023-01-10T20:23:57","modified_gmt":"2023-01-10T19:23:57","slug":"halvany-rozsaszin-viragos-koszoru-fotozasra","status":"publish","type":"product","link":"https:\/\/bonello.hu\/?product=halvany-rozsaszin-viragos-koszoru-fotozasra","title":{"rendered":"Halv\u00e1ny r\u00f3zsasz\u00edn vir\u00e1gos koszor\u00fa fot\u00f3z\u00e1sra"},"content":{"rendered":"<p>T\u00fcnd\u00e9ri st\u00edlusban k\u00e9sz\u00fclt koszor\u00fa. Nagyobb gyermek \u00e9s feln\u0151tt m\u00e9retre aj\u00e1nlom.<\/p>\n<p>M\u00e1s sz\u00ednben \u00e9s m\u00e9retben is k\u00e9rhet\u0151!<\/p>\n<p>Anyag\u00f6sszet\u00e9tel: 100% poli\u00e9szter<\/p>\n<p><strong>Ha nincs k\u00e9szleten, de szeretne ehhez hasonl\u00f3 kieg\u00e9sz\u00edt\u0151t m\u00e1s sz\u00ednben vagy m\u00e9retben, akkor keressen meg az el\u00e9rhet\u0151s\u00e9geimen. Sz\u00edvesen elk\u00e9sz\u00edtem k\u00e9r\u00e9s szerint.<\/strong><\/p>\n","protected":false},"excerpt":{"rendered":"<p>T\u00fcnd\u00e9ri st\u00edlusban k\u00e9sz\u00fclt koszor\u00fa. Nagyobb gyermek \u00e9s feln\u0151tt m\u00e9retre aj\u00e1nlom. M\u00e1s sz\u00ednben \u00e9s m\u00e9retben is k\u00e9rhet\u0151! Anyag\u00f6sszet\u00e9tel: 100% poli\u00e9szter Ha nincs k\u00e9szleten, de szeretne ehhez hasonl\u00f3 kieg\u00e9sz\u00edt\u0151t m\u00e1s sz\u00ednben vagy m\u00e9retben, akkor keressen meg az el\u00e9rhet\u0151s\u00e9geimen. Sz\u00edvesen elk\u00e9sz\u00edtem k\u00e9r\u00e9s szerint.<\/p>\n","protected":false},"featured_media":2245,"template":"","meta":{"_et_pb_use_builder":"","_et_pb_old_content":"","_et_gb_content_width":""},"product_cat":[27],"product_tag":[80,145,125,72,69,139,153],"_links":{"self":[{"href":"https:\/\/bonello.hu\/index.php?rest_route=\/wp\/v2\/product\/1445"}],"collection":[{"href":"https:\/\/bonello.hu\/index.php?rest_route=\/wp\/v2\/product"}],"about":[{"href":"https:\/\/bonello.hu\/index.php?rest_route=\/wp\/v2\/types\/product"}],"wp:featuredmedia":[{"embeddable":true,"href":"https:\/\/bonello.hu\/index.php?rest_route=\/wp\/v2\/media\/2245"}],"wp:attachment":[{"href":"https:\/\/bonello.hu\/index.php?rest_route=%2Fwp%2Fv2%2Fmedia&parent=1445"}],"wp:term":[{"taxonomy":"product_cat","embeddable":true,"href":"https:\/\/bonello.hu\/index.php?rest_route=%2Fwp%2Fv2%2Fproduct_cat&post=1445"},{"taxonomy":"product_tag","embeddable":true,"href":"https:\/\/bonello.hu\/index.php?rest_route=%2Fwp%2Fv2%2Fproduct_tag&post=1445"}],"curies":[{"name":"wp","href":"https:\/\/api.w.org\/{rel}","templated":true}]}}