{"id":1464,"date":"2021-08-22T21:05:49","date_gmt":"2021-08-22T20:05:49","guid":{"rendered":"https:\/\/bonello.hu\/?post_type=product&#038;p=1464"},"modified":"2023-01-10T20:16:28","modified_gmt":"2023-01-10T19:16:28","slug":"szurke-csikos-fine-art-ruha-122-128-as-meretben","status":"publish","type":"product","link":"https:\/\/bonello.hu\/?product=szurke-csikos-fine-art-ruha-122-128-as-meretben","title":{"rendered":"Vir\u00e1gos szett 122-128-as m\u00e9retben"},"content":{"rendered":"<div class=\"kvgmc6g5 cxmmr5t8 oygrvhab hcukyx3x c1et5uql ii04i59q\">\n<div dir=\"auto\">\n<div class=\"kvgmc6g5 cxmmr5t8 oygrvhab hcukyx3x c1et5uql ii04i59q\">\n<div dir=\"auto\">\n<div dir=\"auto\">Fine Art ruha k\u00e9sz\u00fclt 122-128 m\u00e9retben fot\u00f3z\u00e1sra.<\/div>\n<div dir=\"auto\">Hozz\u00e1 ill\u0151 kalapot is tudok k\u00e9sz\u00edteni ig\u00e9ny eset\u00e9n. Lehet k\u00e9rni m\u00e1s form\u00e1ban \u00e9s sz\u00ednben is. <span class=\"pq6dq46d tbxw36s4 knj5qynh kvgmc6g5 ditlmg2l oygrvhab nvdbi5me sf5mxxl7 gl3lb2sf hhz5lgdu\"><img decoding=\"async\" loading=\"lazy\" src=\"https:\/\/static.xx.fbcdn.net\/images\/emoji.php\/v9\/ta5\/1.5\/16\/1f642.png\" alt=\"\ud83d\ude42\" width=\"16\" height=\"16\" \/><\/span><\/div>\n<div dir=\"auto\">A ruha s\u00f6t\u00e9tsz\u00fcrke alapon feh\u00e9r hosszanti cs\u00edkos anyag\u00fa .<\/div>\n<div dir=\"auto\">Mellb\u0151s\u00e9g: 70cm<\/div>\n<div dir=\"auto\">Hossz: 70cm<\/div>\n<\/div>\n<\/div>\n<\/div>\n<\/div>\n<p>Anyag\u00f6sszet\u00e9tel: 100% poli\u00e9szter<\/p>\n<p><strong>Ha nincs k\u00e9szleten, de szeretne ehhez hasonl\u00f3 ruh\u00e1t m\u00e1s sz\u00ednben vagy m\u00e9retben, akkor keressen meg az el\u00e9rhet\u0151s\u00e9geimen. Sz\u00edvesen elk\u00e9sz\u00edtem k\u00e9r\u00e9s szerint.<\/strong><\/p>\n","protected":false},"excerpt":{"rendered":"<p>Fine Art ruha k\u00e9sz\u00fclt 122-128 m\u00e9retben fot\u00f3z\u00e1sra. Hozz\u00e1 ill\u0151 kalapot is tudok k\u00e9sz\u00edteni ig\u00e9ny eset\u00e9n. Lehet k\u00e9rni m\u00e1s form\u00e1ban \u00e9s sz\u00ednben is. A ruha s\u00f6t\u00e9tsz\u00fcrke alapon feh\u00e9r hosszanti cs\u00edkos anyag\u00fa . Mellb\u0151s\u00e9g: 70cm Hossz: 70cm Anyag\u00f6sszet\u00e9tel: 100% poli\u00e9szter Ha nincs k\u00e9szleten, de szeretne ehhez hasonl\u00f3 ruh\u00e1t m\u00e1s sz\u00ednben vagy m\u00e9retben, akkor keressen meg az el\u00e9rhet\u0151s\u00e9geimen. [&hellip;]<\/p>\n","protected":false},"featured_media":2233,"template":"","meta":{"_et_pb_use_builder":"","_et_pb_old_content":"","_et_gb_content_width":""},"product_cat":[29],"product_tag":[80,125,72,69,90],"_links":{"self":[{"href":"https:\/\/bonello.hu\/index.php?rest_route=\/wp\/v2\/product\/1464"}],"collection":[{"href":"https:\/\/bonello.hu\/index.php?rest_route=\/wp\/v2\/product"}],"about":[{"href":"https:\/\/bonello.hu\/index.php?rest_route=\/wp\/v2\/types\/product"}],"wp:featuredmedia":[{"embeddable":true,"href":"https:\/\/bonello.hu\/index.php?rest_route=\/wp\/v2\/media\/2233"}],"wp:attachment":[{"href":"https:\/\/bonello.hu\/index.php?rest_route=%2Fwp%2Fv2%2Fmedia&parent=1464"}],"wp:term":[{"taxonomy":"product_cat","embeddable":true,"href":"https:\/\/bonello.hu\/index.php?rest_route=%2Fwp%2Fv2%2Fproduct_cat&post=1464"},{"taxonomy":"product_tag","embeddable":true,"href":"https:\/\/bonello.hu\/index.php?rest_route=%2Fwp%2Fv2%2Fproduct_tag&post=1464"}],"curies":[{"name":"wp","href":"https:\/\/api.w.org\/{rel}","templated":true}]}}