{"id":469,"date":"2020-11-15T14:24:53","date_gmt":"2020-11-15T13:24:53","guid":{"rendered":"https:\/\/bonello.hu\/?post_type=product&#038;p=469"},"modified":"2021-10-21T20:31:55","modified_gmt":"2021-10-21T19:31:55","slug":"halvany-rozsaszin-kotott-kisruha-fodros-ujjakkal","status":"publish","type":"product","link":"https:\/\/bonello.hu\/?product=halvany-rozsaszin-kotott-kisruha-fodros-ujjakkal","title":{"rendered":"Halv\u00e1ny r\u00f3zsasz\u00edn k\u00f6t\u00f6tt kisruha, fodros ujjakkal fot\u00f3z\u00e1sra"},"content":{"rendered":"<div>\n<p>Romantikus kin\u00e9zet\u0171, halv\u00e1ny r\u00f3zsasz\u00edn k\u00f6t\u00f6tt, csipk\u00e9s ruha, melyen hozz\u00e1 ill\u0151 vir\u00e1g \u00e9s szalag d\u00edsz\u00edt\u00e9s van. Ujja k\u00fcl\u00f6n is haszn\u00e1lhat\u00f3,\u00a0 \u00a0 9-12 h\u00f3napos m\u00e9retben k\u00e9sz\u00fclt el.<\/p>\n<\/div>\n<div><\/div>\n<div>\u00a0 Anyag\u00f6sszet\u00e9tel: 100%pamut , 100% pamut csipke<\/div>\n","protected":false},"excerpt":{"rendered":"<p>Romantikus kin\u00e9zet\u0171, halv\u00e1ny r\u00f3zsasz\u00edn k\u00f6t\u00f6tt, csipk\u00e9s ruha, melyen hozz\u00e1 ill\u0151 vir\u00e1g \u00e9s szalag d\u00edsz\u00edt\u00e9s van. Ujja k\u00fcl\u00f6n is haszn\u00e1lhat\u00f3,\u00a0 \u00a0 9-12 h\u00f3napos m\u00e9retben k\u00e9sz\u00fclt el. \u00a0 Anyag\u00f6sszet\u00e9tel: 100%pamut , 100% pamut csipke<\/p>\n","protected":false},"featured_media":0,"template":"","meta":{"_et_pb_use_builder":"","_et_pb_old_content":"","_et_gb_content_width":""},"product_cat":[21],"product_tag":[80,72,81,55],"_links":{"self":[{"href":"https:\/\/bonello.hu\/index.php?rest_route=\/wp\/v2\/product\/469"}],"collection":[{"href":"https:\/\/bonello.hu\/index.php?rest_route=\/wp\/v2\/product"}],"about":[{"href":"https:\/\/bonello.hu\/index.php?rest_route=\/wp\/v2\/types\/product"}],"wp:attachment":[{"href":"https:\/\/bonello.hu\/index.php?rest_route=%2Fwp%2Fv2%2Fmedia&parent=469"}],"wp:term":[{"taxonomy":"product_cat","embeddable":true,"href":"https:\/\/bonello.hu\/index.php?rest_route=%2Fwp%2Fv2%2Fproduct_cat&post=469"},{"taxonomy":"product_tag","embeddable":true,"href":"https:\/\/bonello.hu\/index.php?rest_route=%2Fwp%2Fv2%2Fproduct_tag&post=469"}],"curies":[{"name":"wp","href":"https:\/\/api.w.org\/{rel}","templated":true}]}}