{"id":591,"date":"2020-11-17T09:57:43","date_gmt":"2020-11-17T08:57:43","guid":{"rendered":"https:\/\/bonello.hu\/?post_type=product&#038;p=591"},"modified":"2021-10-21T20:06:03","modified_gmt":"2021-10-21T19:06:03","slug":"bordoejtett-dereku-fodros-szoknyas-alkalmi-ruha-masnival","status":"publish","type":"product","link":"https:\/\/bonello.hu\/?product=bordoejtett-dereku-fodros-szoknyas-alkalmi-ruha-masnival","title":{"rendered":"Bord\u00f3,ejtett derek\u00fa, fodros szokny\u00e1s alkalmi ruha masnival"},"content":{"rendered":"<p>Masnis bord\u00f3 alkalmi ruha, ejtett der\u00e9kr\u00e9sszel, fodros szoknyar\u00e9sszel.A szoknya 3 r\u00e9teg\u0171, bord\u00f3 pamutv\u00e1szon,bord\u00f3 t\u00fcll \u00e9s kock\u00e1s sz\u00f6vetb\u0151l kombin\u00e1lva. Cs\u00edp\u0151n\u00e9l nagy masni d\u00edsz\u00edti k\u00f6z\u00e9pen vintage r\u00f3zs\u00e1s gombbal feldobva.<\/p>\n<p>A ruha fels\u0151r\u00e9sze melln\u00e9l szabott pamutv\u00e1szonb\u00f3l k\u00e9sz\u00fclt. A szab\u00e1svonalon sz\u00ednben passzol\u00f3 szalag d\u00edsz\u00edti, h\u00e1tul cipz\u00e1rral z\u00e1r\u00f3dik.<\/p>\n<p>Anyaga pamutv\u00e1szon, sz\u00f6vet \u00e9s t\u00fcll kombin\u00e1ci\u00f3ja.<br \/>\n86-92-es m\u00e9retben k\u00e9sz\u00fclt.<\/p>\n<p>mellsz\u00e9less\u00e9g: 62cm<br \/>\ncs\u00edp\u0151sz\u00e9less\u00e9g: 64cm<br \/>\nhossz:57cm<\/p>\n<p>&nbsp;<\/p>\n<p>Ha nincs k\u00e9szleten, de szeretne ehhez hasonl\u00f3 ruh\u00e1t m\u00e1s sz\u00ednben vagy m\u00e9retben, akkor keressen meg az el\u00e9rhet\u0151s\u00e9geimen.<\/p>\n","protected":false},"excerpt":{"rendered":"<p>Masnis bord\u00f3 alkalmi ruha, ejtett der\u00e9kr\u00e9sszel, fodros szoknyar\u00e9sszel.A szoknya 3 r\u00e9teg\u0171, bord\u00f3 pamutv\u00e1szon,bord\u00f3 t\u00fcll \u00e9s kock\u00e1s sz\u00f6vetb\u0151l kombin\u00e1lva. Cs\u00edp\u0151n\u00e9l nagy masni d\u00edsz\u00edti k\u00f6z\u00e9pen vintage r\u00f3zs\u00e1s gombbal feldobva. A ruha fels\u0151r\u00e9sze melln\u00e9l szabott pamutv\u00e1szonb\u00f3l k\u00e9sz\u00fclt. A szab\u00e1svonalon sz\u00ednben passzol\u00f3 szalag d\u00edsz\u00edti, h\u00e1tul cipz\u00e1rral z\u00e1r\u00f3dik. Anyaga pamutv\u00e1szon, sz\u00f6vet \u00e9s t\u00fcll kombin\u00e1ci\u00f3ja. 86-92-es m\u00e9retben k\u00e9sz\u00fclt. mellsz\u00e9less\u00e9g: 62cm cs\u00edp\u0151sz\u00e9less\u00e9g: [&hellip;]<\/p>\n","protected":false},"featured_media":0,"template":"","meta":{"_et_pb_use_builder":"","_et_pb_old_content":"","_et_gb_content_width":""},"product_cat":[25],"product_tag":[68,75,77,74,78,76,79],"_links":{"self":[{"href":"https:\/\/bonello.hu\/index.php?rest_route=\/wp\/v2\/product\/591"}],"collection":[{"href":"https:\/\/bonello.hu\/index.php?rest_route=\/wp\/v2\/product"}],"about":[{"href":"https:\/\/bonello.hu\/index.php?rest_route=\/wp\/v2\/types\/product"}],"wp:attachment":[{"href":"https:\/\/bonello.hu\/index.php?rest_route=%2Fwp%2Fv2%2Fmedia&parent=591"}],"wp:term":[{"taxonomy":"product_cat","embeddable":true,"href":"https:\/\/bonello.hu\/index.php?rest_route=%2Fwp%2Fv2%2Fproduct_cat&post=591"},{"taxonomy":"product_tag","embeddable":true,"href":"https:\/\/bonello.hu\/index.php?rest_route=%2Fwp%2Fv2%2Fproduct_tag&post=591"}],"curies":[{"name":"wp","href":"https:\/\/api.w.org\/{rel}","templated":true}]}}