{"id":600,"date":"2020-11-17T10:14:45","date_gmt":"2020-11-17T09:14:45","guid":{"rendered":"https:\/\/bonello.hu\/?post_type=product&#038;p=600"},"modified":"2021-10-21T20:01:41","modified_gmt":"2021-10-21T19:01:41","slug":"mentazold-bo-szabasu-kisruha-fotozasra-9-12-honapos-meretben","status":"publish","type":"product","link":"https:\/\/bonello.hu\/?product=mentazold-bo-szabasu-kisruha-fotozasra-9-12-honapos-meretben","title":{"rendered":"Mentaz\u00f6ld, b\u0151 szab\u00e1s\u00fa kisruha fot\u00f3z\u00e1sra 9-12 h\u00f3napos m\u00e9retben"},"content":{"rendered":"<p>Gy\u00f6ny\u00f6r\u0171 anyag\u00e1ban p\u00f6tty\u00f6s mentaz\u00f6ld kisruha. B\u0151 alj\u00fa a ruha,ujja is k\u00f6r szab\u00e1s\u00fa, leomlik az anyag l\u00e1gy es\u00e9se miatt.<\/p>\n<p>Nyak r\u00e9sze k\u00f6rbe gumizott, k\u00e9nyelmesen igazodik a bab\u00e1ra.<\/p>\n<p>9-12 h\u00f3napos m\u00e9retben k\u00e9sz\u00fclt el.<\/p>\n<p>Anyaga: anyag\u00e1ban mint\u00e1s muszlin<\/p>\n","protected":false},"excerpt":{"rendered":"<p>Gy\u00f6ny\u00f6r\u0171 anyag\u00e1ban p\u00f6tty\u00f6s mentaz\u00f6ld kisruha. B\u0151 alj\u00fa a ruha,ujja is k\u00f6r szab\u00e1s\u00fa, leomlik az anyag l\u00e1gy es\u00e9se miatt. Nyak r\u00e9sze k\u00f6rbe gumizott, k\u00e9nyelmesen igazodik a bab\u00e1ra. 9-12 h\u00f3napos m\u00e9retben k\u00e9sz\u00fclt el. Anyaga: anyag\u00e1ban mint\u00e1s muszlin<\/p>\n","protected":false},"featured_media":0,"template":"","meta":{"_et_pb_use_builder":"","_et_pb_old_content":"","_et_gb_content_width":""},"product_cat":[21],"product_tag":[77,72,69,82,70],"_links":{"self":[{"href":"https:\/\/bonello.hu\/index.php?rest_route=\/wp\/v2\/product\/600"}],"collection":[{"href":"https:\/\/bonello.hu\/index.php?rest_route=\/wp\/v2\/product"}],"about":[{"href":"https:\/\/bonello.hu\/index.php?rest_route=\/wp\/v2\/types\/product"}],"wp:attachment":[{"href":"https:\/\/bonello.hu\/index.php?rest_route=%2Fwp%2Fv2%2Fmedia&parent=600"}],"wp:term":[{"taxonomy":"product_cat","embeddable":true,"href":"https:\/\/bonello.hu\/index.php?rest_route=%2Fwp%2Fv2%2Fproduct_cat&post=600"},{"taxonomy":"product_tag","embeddable":true,"href":"https:\/\/bonello.hu\/index.php?rest_route=%2Fwp%2Fv2%2Fproduct_tag&post=600"}],"curies":[{"name":"wp","href":"https:\/\/api.w.org\/{rel}","templated":true}]}}