{"id":611,"date":"2020-11-17T11:00:53","date_gmt":"2020-11-17T10:00:53","guid":{"rendered":"https:\/\/bonello.hu\/?post_type=product&#038;p=611"},"modified":"2021-10-21T19:51:01","modified_gmt":"2021-10-21T18:51:01","slug":"pasztell-rozsaszin-csipke-disziteses-body-fotozasra-6-9-honapos-meretben","status":"publish","type":"product","link":"https:\/\/bonello.hu\/?product=pasztell-rozsaszin-csipke-disziteses-body-fotozasra-6-9-honapos-meretben","title":{"rendered":"Pasztell r\u00f3zsasz\u00edn csipke d\u00edsz\u00edt\u00e9ses body fot\u00f3z\u00e1sra 6-9 h\u00f3napos m\u00e9retben"},"content":{"rendered":"<div dir=\"auto\">Gy\u00f6ny\u00f6r\u0171 pasztell r\u00f3zsasz\u00edn body s\u00f6t\u00e9tlila l\u00e1gy t\u00fcllel a fels\u0151 r\u00e9sz\u00e9n, melyet feh\u00e9r csipke d\u00edsz\u00edt. A body als\u00f3 r\u00e9sze puha g\u00e9pi k\u00f6t\u00e9s\u0171 anyag.<\/div>\n<div dir=\"auto\">H\u00e1ta, ford\u00edtott V alakban nyitott, nyakn\u00e1l megk\u00f6t\u0151s<\/div>\n<div dir=\"auto\">6-9 h\u00f3napos m\u00e9retben k\u00e9sz\u00fclt.<\/div>\n<div dir=\"auto\"><\/div>\n<div dir=\"auto\">Anyaga: pamut, t\u00fcll, csipke<\/div>\n<div dir=\"auto\"><\/div>\n<div dir=\"auto\"><\/div>\n","protected":false},"excerpt":{"rendered":"<p>Gy\u00f6ny\u00f6r\u0171 pasztell r\u00f3zsasz\u00edn body s\u00f6t\u00e9tlila l\u00e1gy t\u00fcllel a fels\u0151 r\u00e9sz\u00e9n, melyet feh\u00e9r csipke d\u00edsz\u00edt. A body als\u00f3 r\u00e9sze puha g\u00e9pi k\u00f6t\u00e9s\u0171 anyag. H\u00e1ta, ford\u00edtott V alakban nyitott, nyakn\u00e1l megk\u00f6t\u0151s 6-9 h\u00f3napos m\u00e9retben k\u00e9sz\u00fclt. Anyaga: pamut, t\u00fcll, csipke<\/p>\n","protected":false},"featured_media":0,"template":"","meta":{"_et_pb_use_builder":"","_et_pb_old_content":"","_et_gb_content_width":""},"product_cat":[19],"product_tag":[57,80,72,84,65],"_links":{"self":[{"href":"https:\/\/bonello.hu\/index.php?rest_route=\/wp\/v2\/product\/611"}],"collection":[{"href":"https:\/\/bonello.hu\/index.php?rest_route=\/wp\/v2\/product"}],"about":[{"href":"https:\/\/bonello.hu\/index.php?rest_route=\/wp\/v2\/types\/product"}],"wp:attachment":[{"href":"https:\/\/bonello.hu\/index.php?rest_route=%2Fwp%2Fv2%2Fmedia&parent=611"}],"wp:term":[{"taxonomy":"product_cat","embeddable":true,"href":"https:\/\/bonello.hu\/index.php?rest_route=%2Fwp%2Fv2%2Fproduct_cat&post=611"},{"taxonomy":"product_tag","embeddable":true,"href":"https:\/\/bonello.hu\/index.php?rest_route=%2Fwp%2Fv2%2Fproduct_tag&post=611"}],"curies":[{"name":"wp","href":"https:\/\/api.w.org\/{rel}","templated":true}]}}