{"id":622,"date":"2020-11-17T12:11:11","date_gmt":"2020-11-17T11:11:11","guid":{"rendered":"https:\/\/bonello.hu\/?post_type=product&#038;p=622"},"modified":"2021-10-21T19:45:49","modified_gmt":"2021-10-21T18:45:49","slug":"karacsonyi-hangulatu-pamutvaszon-kisruha-1-2-eves-meretben","status":"publish","type":"product","link":"https:\/\/bonello.hu\/?product=karacsonyi-hangulatu-pamutvaszon-kisruha-1-2-eves-meretben","title":{"rendered":"Kar\u00e1csonyi hangulat\u00fa pamutv\u00e1szon kisruha 1-2 \u00e9ves m\u00e9retben"},"content":{"rendered":"<div dir=\"auto\">Egyedi k\u00e9sz\u00edt\u00e9s\u0171 fah\u00e9j sz\u00edn\u0171, igaz\u00e1n kar\u00e1csonyi hangulat\u00fa kisl\u00e1ny ruha 1\/2-2 \u00e9ves m\u00e9retben k\u00e9sz\u00fclt el.<\/div>\n<div dir=\"auto\">M\u00e9zeskal\u00e1csos d\u00edsz\u00edt\u00e9ses, feh\u00e9r farkasfog \u00e9s piros-feh\u00e9r kock\u00e1s fodorral varrva. Nyaka \u00e9s ujja fodorral szegett.<\/div>\n<div dir=\"auto\">Fot\u00f3z\u00e1sra is t\u00f6k\u00e9letes darab.<\/div>\n<div dir=\"auto\">Anyaga: pamutv\u00e1szon<\/div>\n<div dir=\"auto\"><\/div>\n<div dir=\"auto\"><\/div>\n","protected":false},"excerpt":{"rendered":"<p>Egyedi k\u00e9sz\u00edt\u00e9s\u0171 fah\u00e9j sz\u00edn\u0171, igaz\u00e1n kar\u00e1csonyi hangulat\u00fa kisl\u00e1ny ruha 1\/2-2 \u00e9ves m\u00e9retben k\u00e9sz\u00fclt el. M\u00e9zeskal\u00e1csos d\u00edsz\u00edt\u00e9ses, feh\u00e9r farkasfog \u00e9s piros-feh\u00e9r kock\u00e1s fodorral varrva. Nyaka \u00e9s ujja fodorral szegett. Fot\u00f3z\u00e1sra is t\u00f6k\u00e9letes darab. Anyaga: pamutv\u00e1szon<\/p>\n","protected":false},"featured_media":0,"template":"","meta":{"_et_pb_use_builder":"","_et_pb_old_content":"","_et_gb_content_width":""},"product_cat":[20,61],"product_tag":[66,96,69,74,94,95],"_links":{"self":[{"href":"https:\/\/bonello.hu\/index.php?rest_route=\/wp\/v2\/product\/622"}],"collection":[{"href":"https:\/\/bonello.hu\/index.php?rest_route=\/wp\/v2\/product"}],"about":[{"href":"https:\/\/bonello.hu\/index.php?rest_route=\/wp\/v2\/types\/product"}],"wp:attachment":[{"href":"https:\/\/bonello.hu\/index.php?rest_route=%2Fwp%2Fv2%2Fmedia&parent=622"}],"wp:term":[{"taxonomy":"product_cat","embeddable":true,"href":"https:\/\/bonello.hu\/index.php?rest_route=%2Fwp%2Fv2%2Fproduct_cat&post=622"},{"taxonomy":"product_tag","embeddable":true,"href":"https:\/\/bonello.hu\/index.php?rest_route=%2Fwp%2Fv2%2Fproduct_tag&post=622"}],"curies":[{"name":"wp","href":"https:\/\/api.w.org\/{rel}","templated":true}]}}