{"id":738,"date":"2020-11-20T19:49:36","date_gmt":"2020-11-20T18:49:36","guid":{"rendered":"https:\/\/bonello.hu\/?post_type=product&#038;p=738"},"modified":"2021-10-21T19:38:45","modified_gmt":"2021-10-21T18:38:45","slug":"szurke-csipke-body-piros-diszitessel-ujszulott-fotozasra","status":"publish","type":"product","link":"https:\/\/bonello.hu\/?product=szurke-csipke-body-piros-diszitessel-ujszulott-fotozasra","title":{"rendered":"B\u00e9zs csipke body r\u00f3zsasz\u00edn d\u00edsz\u00edt\u00e9ssel \u00fajsz\u00fcl\u00f6tt fot\u00f3z\u00e1sra"},"content":{"rendered":"<p>Testsz\u00edn\u0171, eleg\u00e1ns csipke body, r\u00f3zsasz\u00edn d\u00edsz\u00edt\u00e9ssel. H\u00e1ta nyitott, k\u00f6rbe r\u00f3zsasz\u00edn csipke szalaggal kivarrt. Ujja hossz\u00fa \u00e9s b\u0151v\u00fcl\u0151 fazon\u00fa.<\/p>\n<p>50-56 m\u00e9retre szabott, a csipke rugalmas.<\/p>\n<p>A bodyhoz hozz\u00e1 ill\u0151 hajp\u00e1nt is k\u00e9sz\u00fclt nagy r\u00f3zsasz\u00edn vir\u00e1ggal \u00e9s gy\u00f6ngy\u00f6kkel.<\/p>\n<p>Anyaga: 100% pamut csipke<\/p>\n<p>&nbsp;<\/p>\n","protected":false},"excerpt":{"rendered":"<p>Testsz\u00edn\u0171, eleg\u00e1ns csipke body, r\u00f3zsasz\u00edn d\u00edsz\u00edt\u00e9ssel. H\u00e1ta nyitott, k\u00f6rbe r\u00f3zsasz\u00edn csipke szalaggal kivarrt. Ujja hossz\u00fa \u00e9s b\u0151v\u00fcl\u0151 fazon\u00fa. 50-56 m\u00e9retre szabott, a csipke rugalmas. A bodyhoz hozz\u00e1 ill\u0151 hajp\u00e1nt is k\u00e9sz\u00fclt nagy r\u00f3zsasz\u00edn vir\u00e1ggal \u00e9s gy\u00f6ngy\u00f6kkel. Anyaga: 100% pamut csipke &nbsp;<\/p>\n","protected":false},"featured_media":0,"template":"","meta":{"_et_pb_use_builder":"","_et_pb_old_content":"","_et_gb_content_width":""},"product_cat":[18,31],"product_tag":[57,80,72,69,74],"_links":{"self":[{"href":"https:\/\/bonello.hu\/index.php?rest_route=\/wp\/v2\/product\/738"}],"collection":[{"href":"https:\/\/bonello.hu\/index.php?rest_route=\/wp\/v2\/product"}],"about":[{"href":"https:\/\/bonello.hu\/index.php?rest_route=\/wp\/v2\/types\/product"}],"wp:attachment":[{"href":"https:\/\/bonello.hu\/index.php?rest_route=%2Fwp%2Fv2%2Fmedia&parent=738"}],"wp:term":[{"taxonomy":"product_cat","embeddable":true,"href":"https:\/\/bonello.hu\/index.php?rest_route=%2Fwp%2Fv2%2Fproduct_cat&post=738"},{"taxonomy":"product_tag","embeddable":true,"href":"https:\/\/bonello.hu\/index.php?rest_route=%2Fwp%2Fv2%2Fproduct_tag&post=738"}],"curies":[{"name":"wp","href":"https:\/\/api.w.org\/{rel}","templated":true}]}}