{"id":743,"date":"2020-11-20T20:13:25","date_gmt":"2020-11-20T19:13:25","guid":{"rendered":"https:\/\/bonello.hu\/?post_type=product&#038;p=743"},"modified":"2021-10-21T19:34:50","modified_gmt":"2021-10-21T18:34:50","slug":"csipke-body","status":"publish","type":"product","link":"https:\/\/bonello.hu\/?product=csipke-body","title":{"rendered":"Sz\u00fcrke csipke body, piros masnival \u00fajsz\u00fcl\u00f6tt fot\u00f3z\u00e1sra"},"content":{"rendered":"<p>\u00dcnnepi hangulat\u00fa, eleg\u00e1ns halv\u00e1ny sz\u00fcrke csipke body, piros d\u00edsz\u00edt\u00e9ssel. H\u00e1ta nyitott, der\u00e9k r\u00e9szn\u00e9l nagy piros masnival \u00e9s horgolt csipk\u00e9vel.<\/p>\n<p>50-56 m\u00e9ret\u0171 \u00fajsz\u00fcl\u00f6tt fot\u00f3z\u00e1sra ide\u00e1lis.<\/p>\n<p>A bodyhoz hozz\u00e1 ill\u0151 hajp\u00e1nt is k\u00e9sz\u00fclt.<\/p>\n<p>Anyaga: 100% pamut csipke<\/p>\n","protected":false},"excerpt":{"rendered":"<p>\u00dcnnepi hangulat\u00fa, eleg\u00e1ns halv\u00e1ny sz\u00fcrke csipke body, piros d\u00edsz\u00edt\u00e9ssel. H\u00e1ta nyitott, der\u00e9k r\u00e9szn\u00e9l nagy piros masnival \u00e9s horgolt csipk\u00e9vel. 50-56 m\u00e9ret\u0171 \u00fajsz\u00fcl\u00f6tt fot\u00f3z\u00e1sra ide\u00e1lis. A bodyhoz hozz\u00e1 ill\u0151 hajp\u00e1nt is k\u00e9sz\u00fclt. Anyaga: 100% pamut csipke<\/p>\n","protected":false},"featured_media":0,"template":"","meta":{"_et_pb_use_builder":"","_et_pb_old_content":"","_et_gb_content_width":""},"product_cat":[18,31],"product_tag":[57,80,72,74,100],"_links":{"self":[{"href":"https:\/\/bonello.hu\/index.php?rest_route=\/wp\/v2\/product\/743"}],"collection":[{"href":"https:\/\/bonello.hu\/index.php?rest_route=\/wp\/v2\/product"}],"about":[{"href":"https:\/\/bonello.hu\/index.php?rest_route=\/wp\/v2\/types\/product"}],"wp:attachment":[{"href":"https:\/\/bonello.hu\/index.php?rest_route=%2Fwp%2Fv2%2Fmedia&parent=743"}],"wp:term":[{"taxonomy":"product_cat","embeddable":true,"href":"https:\/\/bonello.hu\/index.php?rest_route=%2Fwp%2Fv2%2Fproduct_cat&post=743"},{"taxonomy":"product_tag","embeddable":true,"href":"https:\/\/bonello.hu\/index.php?rest_route=%2Fwp%2Fv2%2Fproduct_tag&post=743"}],"curies":[{"name":"wp","href":"https:\/\/api.w.org\/{rel}","templated":true}]}}