{"id":747,"date":"2020-11-20T20:39:18","date_gmt":"2020-11-20T19:39:18","guid":{"rendered":"https:\/\/bonello.hu\/?post_type=product&#038;p=747"},"modified":"2021-10-21T19:24:53","modified_gmt":"2021-10-21T18:24:53","slug":"3-reszes-kisfiu-kockas-gyapju-szett-ujszulott-fotozasra","status":"publish","type":"product","link":"https:\/\/bonello.hu\/?product=3-reszes-kisfiu-kockas-gyapju-szett-ujszulott-fotozasra","title":{"rendered":"3 r\u00e9szes, kisfi\u00fa kock\u00e1s gyapj\u00fa szett \u00fajsz\u00fcl\u00f6tt fot\u00f3z\u00e1sra"},"content":{"rendered":"<p>K\u00e9k-sz\u00fcrke sz\u00edn\u0171 kock\u00e1s szett kisfi\u00faknak \u00fajsz\u00fcl\u00f6tt fot\u00f3z\u00e1sra. Puha tapint\u00e1s\u00fa gyapj\u00fab\u00f3l k\u00e9sz\u00fclt a 3 r\u00e9szes szett, mely egy man\u00f3sapk\u00e1t, egy s\u00e1lat \u00e9s egy gumis derek\u00fa nadr\u00e1got tartalmaz. 50-56 m\u00e9retre szabott<\/p>\n<p>Nem ny\u00falik, \u00edgy b\u0151vebb fazon\u00fa.<\/p>\n<p>Anyaga: 100% pamut<\/p>\n","protected":false},"excerpt":{"rendered":"<p>K\u00e9k-sz\u00fcrke sz\u00edn\u0171 kock\u00e1s szett kisfi\u00faknak \u00fajsz\u00fcl\u00f6tt fot\u00f3z\u00e1sra. Puha tapint\u00e1s\u00fa gyapj\u00fab\u00f3l k\u00e9sz\u00fclt a 3 r\u00e9szes szett, mely egy man\u00f3sapk\u00e1t, egy s\u00e1lat \u00e9s egy gumis derek\u00fa nadr\u00e1got tartalmaz. 50-56 m\u00e9retre szabott Nem ny\u00falik, \u00edgy b\u0151vebb fazon\u00fa. Anyaga: 100% pamut<\/p>\n","protected":false},"featured_media":0,"template":"","meta":{"_et_pb_use_builder":"","_et_pb_old_content":"","_et_gb_content_width":""},"product_cat":[18,32],"product_tag":[72,103,102,78],"_links":{"self":[{"href":"https:\/\/bonello.hu\/index.php?rest_route=\/wp\/v2\/product\/747"}],"collection":[{"href":"https:\/\/bonello.hu\/index.php?rest_route=\/wp\/v2\/product"}],"about":[{"href":"https:\/\/bonello.hu\/index.php?rest_route=\/wp\/v2\/types\/product"}],"wp:attachment":[{"href":"https:\/\/bonello.hu\/index.php?rest_route=%2Fwp%2Fv2%2Fmedia&parent=747"}],"wp:term":[{"taxonomy":"product_cat","embeddable":true,"href":"https:\/\/bonello.hu\/index.php?rest_route=%2Fwp%2Fv2%2Fproduct_cat&post=747"},{"taxonomy":"product_tag","embeddable":true,"href":"https:\/\/bonello.hu\/index.php?rest_route=%2Fwp%2Fv2%2Fproduct_tag&post=747"}],"curies":[{"name":"wp","href":"https:\/\/api.w.org\/{rel}","templated":true}]}}