{"id":752,"date":"2020-11-20T21:19:16","date_gmt":"2020-11-20T20:19:16","guid":{"rendered":"https:\/\/bonello.hu\/?post_type=product&#038;p=752"},"modified":"2021-10-21T19:17:02","modified_gmt":"2021-10-21T18:17:02","slug":"feher-kotott-bordo-disziteses-body-3-6-honapos-meretben","status":"publish","type":"product","link":"https:\/\/bonello.hu\/?product=feher-kotott-bordo-disziteses-body-3-6-honapos-meretben","title":{"rendered":"Feh\u00e9r k\u00f6t\u00f6tt, bord\u00f3 d\u00edsz\u00edt\u00e9ses body 3-6 h\u00f3napos m\u00e9retben"},"content":{"rendered":"<p>Feh\u00e9r k\u00f6t\u00f6tt anyagb\u00f3l k\u00e9sz\u00fclt body. El\u0151l \u00e9s h\u00e1tul V kiv\u00e1g\u00e1s\u00fa, melln\u00e9l anyag\u00e1ban fodros d\u00edsz\u00edt\u00e9s. A body bord\u00f3 \u00e9s ez\u00fcst vir\u00e1ggal kivarrt \u00e9s ez\u00fcst\u00f6s csillog\u00e1s\u00fa pamut szalag masnival k\u00e9sz\u00fclt. Ujja \u00e9s comb r\u00e9sze, bord\u00f3 gumis csipk\u00e9vel szegett<\/p>\n<p>G\u00e9pi k\u00f6t\u00e9s\u0171 pamut, ami j\u00f3l ny\u00falik, 3-6 h\u00f3napos m\u00e9retben k\u00e9sz\u00fclt el.<\/p>\n<p>Anyaga: 100% pamut<\/p>\n<p><strong>Ha nincs k\u00e9szleten, de szeretne ehhez hasonl\u00f3 ruh\u00e1t m\u00e1s sz\u00ednben vagy m\u00e9retben, akkor keressen meg az el\u00e9rhet\u0151s\u00e9geimen. Sz\u00edvesen elk\u00e9sz\u00edtem k\u00e9r\u00e9s szerint.\u00a0\u00a0<\/strong><\/p>\n","protected":false},"excerpt":{"rendered":"<p>Feh\u00e9r k\u00f6t\u00f6tt anyagb\u00f3l k\u00e9sz\u00fclt body. El\u0151l \u00e9s h\u00e1tul V kiv\u00e1g\u00e1s\u00fa, melln\u00e9l anyag\u00e1ban fodros d\u00edsz\u00edt\u00e9s. A body bord\u00f3 \u00e9s ez\u00fcst vir\u00e1ggal kivarrt \u00e9s ez\u00fcst\u00f6s csillog\u00e1s\u00fa pamut szalag masnival k\u00e9sz\u00fclt. Ujja \u00e9s comb r\u00e9sze, bord\u00f3 gumis csipk\u00e9vel szegett G\u00e9pi k\u00f6t\u00e9s\u0171 pamut, ami j\u00f3l ny\u00falik, 3-6 h\u00f3napos m\u00e9retben k\u00e9sz\u00fclt el. Anyaga: 100% pamut Ha nincs k\u00e9szleten, de szeretne [&hellip;]<\/p>\n","protected":false},"featured_media":0,"template":"","meta":{"_et_pb_use_builder":"","_et_pb_old_content":"","_et_gb_content_width":""},"product_cat":[60],"product_tag":[104,77,72,74],"_links":{"self":[{"href":"https:\/\/bonello.hu\/index.php?rest_route=\/wp\/v2\/product\/752"}],"collection":[{"href":"https:\/\/bonello.hu\/index.php?rest_route=\/wp\/v2\/product"}],"about":[{"href":"https:\/\/bonello.hu\/index.php?rest_route=\/wp\/v2\/types\/product"}],"wp:attachment":[{"href":"https:\/\/bonello.hu\/index.php?rest_route=%2Fwp%2Fv2%2Fmedia&parent=752"}],"wp:term":[{"taxonomy":"product_cat","embeddable":true,"href":"https:\/\/bonello.hu\/index.php?rest_route=%2Fwp%2Fv2%2Fproduct_cat&post=752"},{"taxonomy":"product_tag","embeddable":true,"href":"https:\/\/bonello.hu\/index.php?rest_route=%2Fwp%2Fv2%2Fproduct_tag&post=752"}],"curies":[{"name":"wp","href":"https:\/\/api.w.org\/{rel}","templated":true}]}}