{"id":760,"date":"2020-11-21T12:11:48","date_gmt":"2020-11-21T11:11:48","guid":{"rendered":"https:\/\/bonello.hu\/?post_type=product&#038;p=760"},"modified":"2021-10-14T21:13:41","modified_gmt":"2021-10-14T20:13:41","slug":"tortfeher-kotott-body-csipkes-kapucnival-3-6-honapos-meretben","status":"publish","type":"product","link":"https:\/\/bonello.hu\/?product=tortfeher-kotott-body-csipkes-kapucnival-3-6-honapos-meretben","title":{"rendered":"T\u00f6rtfeh\u00e9r k\u00f6t\u00f6tt body csipk\u00e9s kapucnival 3-6 h\u00f3napos m\u00e9retben"},"content":{"rendered":"<p>Puha tapint\u00e1s\u00fa k\u00f6t\u00f6tt body \u00e1rnyalatban hozz\u00e1 ill\u0151 vir\u00e1gmint\u00e1s csipk\u00e9vel. Mellkason keresztbe enyh\u00e9n csillog\u00f3s s\u00f6t\u00e9tbarna szalag fut, mely nagyon sz\u00e9p kontrasztot ad.<\/p>\n<p>G\u00e9pi k\u00f6t\u00e9s\u0171 nagyon j\u00f3l ny\u00falik, ak\u00e1r nagyobb bab\u00e1ra is alkalmas.<\/p>\n<p>3-6 h\u00f3napos m\u00e9retben k\u00e9sz\u00fclt.<\/p>\n<p>Anyaga: 100%pamut, 100% pamut csipke<\/p>\n<p><strong>Ha nincs k\u00e9szleten, de szeretne ehhez hasonl\u00f3 ruh\u00e1t m\u00e1s sz\u00ednben vagy m\u00e9retben, akkor keressen meg az el\u00e9rhet\u0151s\u00e9geimen. Sz\u00edvesen elk\u00e9sz\u00edtem k\u00e9r\u00e9s szerint.<\/strong><\/p>\n","protected":false},"excerpt":{"rendered":"<p>Puha tapint\u00e1s\u00fa k\u00f6t\u00f6tt body \u00e1rnyalatban hozz\u00e1 ill\u0151 vir\u00e1gmint\u00e1s csipk\u00e9vel. Mellkason keresztbe enyh\u00e9n csillog\u00f3s s\u00f6t\u00e9tbarna szalag fut, mely nagyon sz\u00e9p kontrasztot ad. G\u00e9pi k\u00f6t\u00e9s\u0171 nagyon j\u00f3l ny\u00falik, ak\u00e1r nagyobb bab\u00e1ra is alkalmas. 3-6 h\u00f3napos m\u00e9retben k\u00e9sz\u00fclt. Anyaga: 100%pamut, 100% pamut csipke Ha nincs k\u00e9szleten, de szeretne ehhez hasonl\u00f3 ruh\u00e1t m\u00e1s sz\u00ednben vagy m\u00e9retben, akkor keressen meg [&hellip;]<\/p>\n","protected":false},"featured_media":0,"template":"","meta":{"_et_pb_use_builder":"","_et_pb_old_content":"","_et_gb_content_width":""},"product_cat":[60],"product_tag":[57,80,72,105],"_links":{"self":[{"href":"https:\/\/bonello.hu\/index.php?rest_route=\/wp\/v2\/product\/760"}],"collection":[{"href":"https:\/\/bonello.hu\/index.php?rest_route=\/wp\/v2\/product"}],"about":[{"href":"https:\/\/bonello.hu\/index.php?rest_route=\/wp\/v2\/types\/product"}],"wp:attachment":[{"href":"https:\/\/bonello.hu\/index.php?rest_route=%2Fwp%2Fv2%2Fmedia&parent=760"}],"wp:term":[{"taxonomy":"product_cat","embeddable":true,"href":"https:\/\/bonello.hu\/index.php?rest_route=%2Fwp%2Fv2%2Fproduct_cat&post=760"},{"taxonomy":"product_tag","embeddable":true,"href":"https:\/\/bonello.hu\/index.php?rest_route=%2Fwp%2Fv2%2Fproduct_tag&post=760"}],"curies":[{"name":"wp","href":"https:\/\/api.w.org\/{rel}","templated":true}]}}