{"id":762,"date":"2020-11-21T12:35:49","date_gmt":"2020-11-21T11:35:49","guid":{"rendered":"https:\/\/bonello.hu\/?post_type=product&#038;p=762"},"modified":"2021-10-14T21:11:59","modified_gmt":"2021-10-14T20:11:59","slug":"tortfeher-bordo-tullos-felvallas-nadrag-3-6-honapos-meretben-fotozasra","status":"publish","type":"product","link":"https:\/\/bonello.hu\/?product=tortfeher-bordo-tullos-felvallas-nadrag-3-6-honapos-meretben-fotozasra","title":{"rendered":"T\u00f6rtfeh\u00e9r, bord\u00f3 t\u00fcll\u00f6s f\u00e9lv\u00e1llas nadr\u00e1g 3-6 h\u00f3napos m\u00e9retben fot\u00f3z\u00e1sra"},"content":{"rendered":"<p>Puha tapint\u00e1s\u00fa t\u00f6rtfeh\u00e9r g\u00e9pi k\u00f6t\u00e9s\u0171 pamutb\u00f3l k\u00e9sz\u00fcl szett. Elej\u00e9n \u00e1tl\u00f3san d\u00edsz\u00edtett bord\u00f3 t\u00fcllel, ezzel eleg\u00e1ns \u00e9s \u00fcnnepi hangulat\u00fav\u00e1 t\u00e9ve a ruh\u00e1t. A t\u00fcll nyakn\u00e1l hosszabb, megk\u00f6thet\u0151 nagy masniv\u00e1 vagy d\u00edsz\u00edt\u00e9shez is haszn\u00e1lhat\u00f3. Ujja csipk\u00e9s anyagb\u00f3l van varrva.<\/p>\n<p>A f\u00e9lv\u00e1llas over\u00e1llhoz k\u00e9sz\u00fclt egy hozz\u00e1 ill\u0151 fejp\u00e1nt is, ami horgolt csipk\u00e9vel d\u00edsz\u00edtett.<\/p>\n<p>Nagyon j\u00f3l ny\u00falik az anyag,k\u00e9nyelmes viselet fot\u00f3z\u00e1s sor\u00e1n. 3-6 h\u00f3napos m\u00e9retben k\u00e9sz\u00fclt el.<\/p>\n<p>Anyaga: 100% pamut, t\u00fcll 100% poli\u00e9szter<\/p>\n<p><strong>Ha nincs k\u00e9szleten, de szeretne ehhez hasonl\u00f3 ruh\u00e1t m\u00e1s sz\u00ednben vagy m\u00e9retben, akkor keressen meg az el\u00e9rhet\u0151s\u00e9geimen. Sz\u00edvesen elk\u00e9sz\u00edtem k\u00e9r\u00e9s szerint.<\/strong><\/p>\n","protected":false},"excerpt":{"rendered":"<p>Puha tapint\u00e1s\u00fa t\u00f6rtfeh\u00e9r g\u00e9pi k\u00f6t\u00e9s\u0171 pamutb\u00f3l k\u00e9sz\u00fcl szett. Elej\u00e9n \u00e1tl\u00f3san d\u00edsz\u00edtett bord\u00f3 t\u00fcllel, ezzel eleg\u00e1ns \u00e9s \u00fcnnepi hangulat\u00fav\u00e1 t\u00e9ve a ruh\u00e1t. A t\u00fcll nyakn\u00e1l hosszabb, megk\u00f6thet\u0151 nagy masniv\u00e1 vagy d\u00edsz\u00edt\u00e9shez is haszn\u00e1lhat\u00f3. Ujja csipk\u00e9s anyagb\u00f3l van varrva. A f\u00e9lv\u00e1llas over\u00e1llhoz k\u00e9sz\u00fclt egy hozz\u00e1 ill\u0151 fejp\u00e1nt is, ami horgolt csipk\u00e9vel d\u00edsz\u00edtett. Nagyon j\u00f3l ny\u00falik az anyag,k\u00e9nyelmes [&hellip;]<\/p>\n","protected":false},"featured_media":0,"template":"","meta":{"_et_pb_use_builder":"","_et_pb_old_content":"","_et_gb_content_width":""},"product_cat":[60],"product_tag":[72,81,105,65,106],"_links":{"self":[{"href":"https:\/\/bonello.hu\/index.php?rest_route=\/wp\/v2\/product\/762"}],"collection":[{"href":"https:\/\/bonello.hu\/index.php?rest_route=\/wp\/v2\/product"}],"about":[{"href":"https:\/\/bonello.hu\/index.php?rest_route=\/wp\/v2\/types\/product"}],"wp:attachment":[{"href":"https:\/\/bonello.hu\/index.php?rest_route=%2Fwp%2Fv2%2Fmedia&parent=762"}],"wp:term":[{"taxonomy":"product_cat","embeddable":true,"href":"https:\/\/bonello.hu\/index.php?rest_route=%2Fwp%2Fv2%2Fproduct_cat&post=762"},{"taxonomy":"product_tag","embeddable":true,"href":"https:\/\/bonello.hu\/index.php?rest_route=%2Fwp%2Fv2%2Fproduct_tag&post=762"}],"curies":[{"name":"wp","href":"https:\/\/api.w.org\/{rel}","templated":true}]}}