{"id":764,"date":"2020-11-22T19:44:50","date_gmt":"2020-11-22T18:44:50","guid":{"rendered":"https:\/\/bonello.hu\/?post_type=product&#038;p=764"},"modified":"2021-10-14T21:08:10","modified_gmt":"2021-10-14T20:08:10","slug":"tortfeher-kotott-alkalmi-body-ujszulott-fotozasra","status":"publish","type":"product","link":"https:\/\/bonello.hu\/?product=tortfeher-kotott-alkalmi-body-ujszulott-fotozasra","title":{"rendered":"T\u00f6rtfeh\u00e9r, k\u00f6t\u00f6tt alkalmi body \u00fajsz\u00fcl\u00f6tt fot\u00f3z\u00e1sra"},"content":{"rendered":"<p>T\u00f6rtfeh\u00e9r \u00e9s bord\u00f3 sz\u00edn\u0171 g\u00e9pi k\u00f6t\u00e9s\u0171 body, mely mell r\u00e9szn\u00e9l ez\u00fcst\u00f6s csillog\u00e1s\u00fa s\u00f6t\u00e9tsz\u00fcrke szalaggal van d\u00edsz\u00edtve. A bord\u00f3 gall\u00e9r v\u00e1llra is leh\u00fazhat\u00f3.<\/p>\n<p>50-56 m\u00e9retben szabott. Nagyon puha \u00e9s j\u00f3l ny\u00fal\u00f3 anyag\u00fa.<\/p>\n<p>K\u00e9sz\u00fclt hozz\u00e1 egy hozz\u00e1 ill\u00f3 fejp\u00e1nt is, melyet az \u00e1r tartalmaz.<\/p>\n<p>Anyaga: 100% pamut<\/p>\n<p><strong>Ha nincs k\u00e9szleten, de szeretne ehhez hasonl\u00f3 ruh\u00e1t m\u00e1s sz\u00ednben vagy m\u00e9retben, akkor keressen meg az el\u00e9rhet\u0151s\u00e9geimen. Sz\u00edvesen elk\u00e9sz\u00edtem k\u00e9r\u00e9s szerint.<\/strong><\/p>\n","protected":false},"excerpt":{"rendered":"<p>T\u00f6rtfeh\u00e9r \u00e9s bord\u00f3 sz\u00edn\u0171 g\u00e9pi k\u00f6t\u00e9s\u0171 body, mely mell r\u00e9szn\u00e9l ez\u00fcst\u00f6s csillog\u00e1s\u00fa s\u00f6t\u00e9tsz\u00fcrke szalaggal van d\u00edsz\u00edtve. A bord\u00f3 gall\u00e9r v\u00e1llra is leh\u00fazhat\u00f3. 50-56 m\u00e9retben szabott. Nagyon puha \u00e9s j\u00f3l ny\u00fal\u00f3 anyag\u00fa. K\u00e9sz\u00fclt hozz\u00e1 egy hozz\u00e1 ill\u00f3 fejp\u00e1nt is, melyet az \u00e1r tartalmaz. Anyaga: 100% pamut Ha nincs k\u00e9szleten, de szeretne ehhez hasonl\u00f3 ruh\u00e1t m\u00e1s sz\u00ednben [&hellip;]<\/p>\n","protected":false},"featured_media":0,"template":"","meta":{"_et_pb_use_builder":"","_et_pb_old_content":"","_et_gb_content_width":""},"product_cat":[18,31],"product_tag":[57,75,72,105,106],"_links":{"self":[{"href":"https:\/\/bonello.hu\/index.php?rest_route=\/wp\/v2\/product\/764"}],"collection":[{"href":"https:\/\/bonello.hu\/index.php?rest_route=\/wp\/v2\/product"}],"about":[{"href":"https:\/\/bonello.hu\/index.php?rest_route=\/wp\/v2\/types\/product"}],"wp:attachment":[{"href":"https:\/\/bonello.hu\/index.php?rest_route=%2Fwp%2Fv2%2Fmedia&parent=764"}],"wp:term":[{"taxonomy":"product_cat","embeddable":true,"href":"https:\/\/bonello.hu\/index.php?rest_route=%2Fwp%2Fv2%2Fproduct_cat&post=764"},{"taxonomy":"product_tag","embeddable":true,"href":"https:\/\/bonello.hu\/index.php?rest_route=%2Fwp%2Fv2%2Fproduct_tag&post=764"}],"curies":[{"name":"wp","href":"https:\/\/api.w.org\/{rel}","templated":true}]}}