{"id":767,"date":"2020-11-22T20:04:26","date_gmt":"2020-11-22T19:04:26","guid":{"rendered":"https:\/\/bonello.hu\/?post_type=product&#038;p=767"},"modified":"2021-10-14T21:01:25","modified_gmt":"2021-10-14T20:01:25","slug":"enyhen-csillogos-felvallas-body-6-9-honapos-meretben-fotozasra","status":"publish","type":"product","link":"https:\/\/bonello.hu\/?product=enyhen-csillogos-felvallas-body-6-9-honapos-meretben-fotozasra","title":{"rendered":"Enyh\u00e9n csillog\u00f3s f\u00e9lv\u00e1llas body 6-9 h\u00f3napos m\u00e9retben fot\u00f3z\u00e1sra"},"content":{"rendered":"<p>F\u00e9lv\u00e1llas body mely bord\u00f3 plisz\u00edrozott selyem \u00e9s enyh\u00e9n arany csillog\u00e1s\u00fa anyagb\u00f3l k\u00e9sz\u00fclt . Elasztikus, j\u00f3l ny\u00falik.<\/p>\n<p>Ujja \u00e9s a kiv\u00e1g\u00e1s a bord\u00f3 anyagb\u00f3l fodrozva lett felvarrva.<\/p>\n<p>6-9 h\u00f3napos m\u00e9retre szabott.<\/p>\n<p>Anyaga: 95% poli\u00e9szter, 5% spandex<\/p>\n<p><strong>Ha nincs k\u00e9szleten, de szeretne ehhez hasonl\u00f3 ruh\u00e1t m\u00e1s sz\u00ednben vagy m\u00e9retben, akkor keressen meg az el\u00e9rhet\u0151s\u00e9geimen. Sz\u00edvesen elk\u00e9sz\u00edtem k\u00e9r\u00e9s szerint.<\/strong><\/p>\n","protected":false},"excerpt":{"rendered":"<p>F\u00e9lv\u00e1llas body mely bord\u00f3 plisz\u00edrozott selyem \u00e9s enyh\u00e9n arany csillog\u00e1s\u00fa anyagb\u00f3l k\u00e9sz\u00fclt . Elasztikus, j\u00f3l ny\u00falik. Ujja \u00e9s a kiv\u00e1g\u00e1s a bord\u00f3 anyagb\u00f3l fodrozva lett felvarrva. 6-9 h\u00f3napos m\u00e9retre szabott. Anyaga: 95% poli\u00e9szter, 5% spandex Ha nincs k\u00e9szleten, de szeretne ehhez hasonl\u00f3 ruh\u00e1t m\u00e1s sz\u00ednben vagy m\u00e9retben, akkor keressen meg az el\u00e9rhet\u0151s\u00e9geimen. Sz\u00edvesen elk\u00e9sz\u00edtem k\u00e9r\u00e9s [&hellip;]<\/p>\n","protected":false},"featured_media":0,"template":"","meta":{"_et_pb_use_builder":"","_et_pb_old_content":"","_et_gb_content_width":""},"product_cat":[19],"product_tag":[75,108,107,72],"_links":{"self":[{"href":"https:\/\/bonello.hu\/index.php?rest_route=\/wp\/v2\/product\/767"}],"collection":[{"href":"https:\/\/bonello.hu\/index.php?rest_route=\/wp\/v2\/product"}],"about":[{"href":"https:\/\/bonello.hu\/index.php?rest_route=\/wp\/v2\/types\/product"}],"wp:attachment":[{"href":"https:\/\/bonello.hu\/index.php?rest_route=%2Fwp%2Fv2%2Fmedia&parent=767"}],"wp:term":[{"taxonomy":"product_cat","embeddable":true,"href":"https:\/\/bonello.hu\/index.php?rest_route=%2Fwp%2Fv2%2Fproduct_cat&post=767"},{"taxonomy":"product_tag","embeddable":true,"href":"https:\/\/bonello.hu\/index.php?rest_route=%2Fwp%2Fv2%2Fproduct_tag&post=767"}],"curies":[{"name":"wp","href":"https:\/\/api.w.org\/{rel}","templated":true}]}}