{"id":769,"date":"2020-11-22T20:41:02","date_gmt":"2020-11-22T19:41:02","guid":{"rendered":"https:\/\/bonello.hu\/?post_type=product&#038;p=769"},"modified":"2021-10-14T20:55:14","modified_gmt":"2021-10-14T19:55:14","slug":"tortfeher-kek-csikos-kertesznadrag-sapkaval-kisfiunak-ujszulott-fotozasra","status":"publish","type":"product","link":"https:\/\/bonello.hu\/?product=tortfeher-kek-csikos-kertesznadrag-sapkaval-kisfiunak-ujszulott-fotozasra","title":{"rendered":"T\u00f6rtfeh\u00e9r-k\u00e9k cs\u00edkos kert\u00e9sznadr\u00e1g sapk\u00e1val kisfi\u00fanak \u00fajsz\u00fcl\u00f6tt fot\u00f3z\u00e1sra"},"content":{"rendered":"<p>Anyag\u00e1ban bord\u00e1zott \u00e9s cs\u00edkosan mint\u00e1s kert\u00e9sznadr\u00e1g hozz\u00e1 ill\u0151 sapk\u00e1val k\u00e9sz\u00fclt. Puha pamut anyag\u00fa a szett , j\u00f3l ny\u00falik.<\/p>\n<p>50-56 m\u00e9retre szabott.<\/p>\n<p>Anyaga: 100% pamut<\/p>\n<p><strong>Ha nincs k\u00e9szleten, de szeretne ehhez hasonl\u00f3 ruh\u00e1t m\u00e1s sz\u00ednben vagy m\u00e9retben, akkor keressen meg az el\u00e9rhet\u0151s\u00e9geimen. Sz\u00edvesen elk\u00e9sz\u00edtem k\u00e9r\u00e9s szerint.<\/strong><\/p>\n","protected":false},"excerpt":{"rendered":"<p>Anyag\u00e1ban bord\u00e1zott \u00e9s cs\u00edkosan mint\u00e1s kert\u00e9sznadr\u00e1g hozz\u00e1 ill\u0151 sapk\u00e1val k\u00e9sz\u00fclt. Puha pamut anyag\u00fa a szett , j\u00f3l ny\u00falik. 50-56 m\u00e9retre szabott. Anyaga: 100% pamut Ha nincs k\u00e9szleten, de szeretne ehhez hasonl\u00f3 ruh\u00e1t m\u00e1s sz\u00ednben vagy m\u00e9retben, akkor keressen meg az el\u00e9rhet\u0151s\u00e9geimen. Sz\u00edvesen elk\u00e9sz\u00edtem k\u00e9r\u00e9s szerint.<\/p>\n","protected":false},"featured_media":0,"template":"","meta":{"_et_pb_use_builder":"","_et_pb_old_content":"","_et_gb_content_width":""},"product_cat":[18,32],"product_tag":[86,72,71,102,83,105],"_links":{"self":[{"href":"https:\/\/bonello.hu\/index.php?rest_route=\/wp\/v2\/product\/769"}],"collection":[{"href":"https:\/\/bonello.hu\/index.php?rest_route=\/wp\/v2\/product"}],"about":[{"href":"https:\/\/bonello.hu\/index.php?rest_route=\/wp\/v2\/types\/product"}],"wp:attachment":[{"href":"https:\/\/bonello.hu\/index.php?rest_route=%2Fwp%2Fv2%2Fmedia&parent=769"}],"wp:term":[{"taxonomy":"product_cat","embeddable":true,"href":"https:\/\/bonello.hu\/index.php?rest_route=%2Fwp%2Fv2%2Fproduct_cat&post=769"},{"taxonomy":"product_tag","embeddable":true,"href":"https:\/\/bonello.hu\/index.php?rest_route=%2Fwp%2Fv2%2Fproduct_tag&post=769"}],"curies":[{"name":"wp","href":"https:\/\/api.w.org\/{rel}","templated":true}]}}