{"id":783,"date":"2020-11-23T15:53:46","date_gmt":"2020-11-23T14:53:46","guid":{"rendered":"https:\/\/bonello.hu\/?post_type=product&#038;p=783"},"modified":"2021-10-14T20:33:18","modified_gmt":"2021-10-14T19:33:18","slug":"szurke-nadrag-csikos-panttal-es-zold-gombokkal-kisfiu-ujszulott-fotozasra","status":"publish","type":"product","link":"https:\/\/bonello.hu\/?product=szurke-nadrag-csikos-panttal-es-zold-gombokkal-kisfiu-ujszulott-fotozasra","title":{"rendered":"Sz\u00fcrke nadr\u00e1g cs\u00edkos p\u00e1nttal \u00e9s z\u00f6ld gombokkal kisfi\u00fa \u00fajsz\u00fcl\u00f6tt fot\u00f3z\u00e1sra"},"content":{"rendered":"<p>Fekete-feh\u00e9r g\u00e9pi k\u00f6t\u00e9s\u0171 pamut nadr\u00e1g, piros cs\u00edkos p\u00e1nttal. Derek\u00e1n k\u00e9t z\u00f6ld gomb d\u00edsz\u00edti a nadr\u00e1got. \u00dcnnepi hangulat\u00fa.<\/p>\n<p>Az anyag puha tapint\u00e1s\u00fa, j\u00f3l ny\u00falik.<\/p>\n<div>\n<div id=\"jsc_c_vh\" class=\"l9j0dhe7\">\n<div class=\"l9j0dhe7\">\n<div class=\"l9j0dhe7\">\n<div class=\"l9j0dhe7\">\n<div class=\"ni8dbmo4 stjgntxs pmk7jnqg\">\n<div class=\"stjgntxs ni8dbmo4\">\n<div class=\"do00u71z ni8dbmo4 stjgntxs l9j0dhe7\">\n<div class=\"pmk7jnqg kr520xx4\">Kar\u00e1csonyi fot\u00f3z\u00e1shoz k\u00e9sz\u00fclt \u00fajsz\u00fcl\u00f6tt m\u00e9retben.<\/div>\n<div>anyaga: 100%pamut<\/div>\n<div><\/div>\n<\/div>\n<div>\u00a0<strong>Ha nincs k\u00e9szleten, de szeretne ehhez hasonl\u00f3 ruh\u00e1t m\u00e1s sz\u00ednben vagy m\u00e9retben, akkor keressen meg az el\u00e9rhet\u0151s\u00e9geimen. Sz\u00edvesen elk\u00e9sz\u00edtem k\u00e9r\u00e9s szerint.<\/strong><\/div>\n<\/div>\n<\/div>\n<\/div>\n<\/div>\n<\/div>\n<\/div>\n<\/div>\n<div>\n<div class=\"stjgntxs ni8dbmo4 l82x9zwi uo3d90p7 h905i5nu monazrh9\" data-visualcompletion=\"ignore-dynamic\">\n<div>\n<div>\n<div>\n<div class=\"l9j0dhe7\">\n<div class=\"bp9cbjyn m9osqain j83agx80 jq4qci2q bkfpd7mw a3bd9o3v kvgmc6g5 wkznzc2l oygrvhab dhix69tm jktsbyx5 rz4wbd8a osnr6wyh a8nywdso s1tcr66n\">\n<div class=\"kb5gq1qc pfnyh3mw c0wkt4kp\"><\/div>\n<\/div>\n<\/div>\n<\/div>\n<\/div>\n<\/div>\n<\/div>\n<\/div>\n","protected":false},"excerpt":{"rendered":"<p>Fekete-feh\u00e9r g\u00e9pi k\u00f6t\u00e9s\u0171 pamut nadr\u00e1g, piros cs\u00edkos p\u00e1nttal. Derek\u00e1n k\u00e9t z\u00f6ld gomb d\u00edsz\u00edti a nadr\u00e1got. \u00dcnnepi hangulat\u00fa. Az anyag puha tapint\u00e1s\u00fa, j\u00f3l ny\u00falik. Kar\u00e1csonyi fot\u00f3z\u00e1shoz k\u00e9sz\u00fclt \u00fajsz\u00fcl\u00f6tt m\u00e9retben. anyaga: 100%pamut \u00a0Ha nincs k\u00e9szleten, de szeretne ehhez hasonl\u00f3 ruh\u00e1t m\u00e1s sz\u00ednben vagy m\u00e9retben, akkor keressen meg az el\u00e9rhet\u0151s\u00e9geimen. Sz\u00edvesen elk\u00e9sz\u00edtem k\u00e9r\u00e9s szerint.<\/p>\n","protected":false},"featured_media":0,"template":"","meta":{"_et_pb_use_builder":"","_et_pb_old_content":"","_et_gb_content_width":""},"product_cat":[18,32],"product_tag":[86,72,74,102,59],"_links":{"self":[{"href":"https:\/\/bonello.hu\/index.php?rest_route=\/wp\/v2\/product\/783"}],"collection":[{"href":"https:\/\/bonello.hu\/index.php?rest_route=\/wp\/v2\/product"}],"about":[{"href":"https:\/\/bonello.hu\/index.php?rest_route=\/wp\/v2\/types\/product"}],"wp:attachment":[{"href":"https:\/\/bonello.hu\/index.php?rest_route=%2Fwp%2Fv2%2Fmedia&parent=783"}],"wp:term":[{"taxonomy":"product_cat","embeddable":true,"href":"https:\/\/bonello.hu\/index.php?rest_route=%2Fwp%2Fv2%2Fproduct_cat&post=783"},{"taxonomy":"product_tag","embeddable":true,"href":"https:\/\/bonello.hu\/index.php?rest_route=%2Fwp%2Fv2%2Fproduct_tag&post=783"}],"curies":[{"name":"wp","href":"https:\/\/api.w.org\/{rel}","templated":true}]}}