{"id":790,"date":"2020-11-23T16:22:17","date_gmt":"2020-11-23T15:22:17","guid":{"rendered":"https:\/\/bonello.hu\/?post_type=product&#038;p=790"},"modified":"2021-10-21T20:46:17","modified_gmt":"2021-10-21T19:46:17","slug":"karacsonyi-fotozasra-mezeskalacs-disziteses-szett-9-12-honapos-meretben","status":"publish","type":"product","link":"https:\/\/bonello.hu\/?product=karacsonyi-fotozasra-mezeskalacs-disziteses-szett-9-12-honapos-meretben","title":{"rendered":"Kar\u00e1csonyi fot\u00f3z\u00e1sra m\u00e9zeskal\u00e1cs d\u00edsz\u00edt\u00e9ses szett 9-12 h\u00f3napos m\u00e9retben"},"content":{"rendered":"<p>M\u00e9zeskal\u00e1cs sz\u00edn\u0171 \u00e9s kin\u00e9zet\u0171 puha bord\u00e1s pamutb\u00f3l k\u00e9sz\u00fclt szett. V\u00e1lln\u00e1l megk\u00f6t\u0151s.\u00a0 Az anyag puha tapint\u00e1s\u00fa k\u00e9nyelmes viseletet biztos\u00edt. A ruha farkasfoggal, piros kock\u00e1s fodorral , piros gy\u00f6ngy\u00f6kkel \u00e9s az elej\u00e9n 3 barna gombbal d\u00edsz\u00edtett<\/p>\n<p>Kar\u00e1csonyi hangulat\u00fa fot\u00f3z\u00e1sra tervezett darab mind sz\u00ednben \u00e9s d\u00edsz\u00edt\u00e9sben.<\/p>\n<p>Megk\u00f6t\u0151s fejp\u00e1nt is k\u00e9sz\u00fclt hozz\u00e1 anyag\u00e1b\u00f3l, amely piros gy\u00f6ngy\u00f6kkel d\u00edsz\u00edtett.<\/p>\n<p>Anyaga: 100% pamut<\/p>\n<p><strong>Ha nincs k\u00e9szleten, de szeretne ehhez hasonl\u00f3 ruh\u00e1t m\u00e1s sz\u00ednben vagy m\u00e9retben, akkor keressen meg az el\u00e9rhet\u0151s\u00e9geimen. Sz\u00edvesen elk\u00e9sz\u00edtem k\u00e9r\u00e9s szerint.<\/strong><\/p>\n","protected":false},"excerpt":{"rendered":"<p>M\u00e9zeskal\u00e1cs sz\u00edn\u0171 \u00e9s kin\u00e9zet\u0171 puha bord\u00e1s pamutb\u00f3l k\u00e9sz\u00fclt szett. V\u00e1lln\u00e1l megk\u00f6t\u0151s.\u00a0 Az anyag puha tapint\u00e1s\u00fa k\u00e9nyelmes viseletet biztos\u00edt. A ruha farkasfoggal, piros kock\u00e1s fodorral , piros gy\u00f6ngy\u00f6kkel \u00e9s az elej\u00e9n 3 barna gombbal d\u00edsz\u00edtett Kar\u00e1csonyi hangulat\u00fa fot\u00f3z\u00e1sra tervezett darab mind sz\u00ednben \u00e9s d\u00edsz\u00edt\u00e9sben. Megk\u00f6t\u0151s fejp\u00e1nt is k\u00e9sz\u00fclt hozz\u00e1 anyag\u00e1b\u00f3l, amely piros gy\u00f6ngy\u00f6kkel d\u00edsz\u00edtett. Anyaga: 100% [&hellip;]<\/p>\n","protected":false},"featured_media":0,"template":"","meta":{"_et_pb_use_builder":"","_et_pb_old_content":"","_et_gb_content_width":""},"product_cat":[21],"product_tag":[72,69,74,94,106],"_links":{"self":[{"href":"https:\/\/bonello.hu\/index.php?rest_route=\/wp\/v2\/product\/790"}],"collection":[{"href":"https:\/\/bonello.hu\/index.php?rest_route=\/wp\/v2\/product"}],"about":[{"href":"https:\/\/bonello.hu\/index.php?rest_route=\/wp\/v2\/types\/product"}],"wp:attachment":[{"href":"https:\/\/bonello.hu\/index.php?rest_route=%2Fwp%2Fv2%2Fmedia&parent=790"}],"wp:term":[{"taxonomy":"product_cat","embeddable":true,"href":"https:\/\/bonello.hu\/index.php?rest_route=%2Fwp%2Fv2%2Fproduct_cat&post=790"},{"taxonomy":"product_tag","embeddable":true,"href":"https:\/\/bonello.hu\/index.php?rest_route=%2Fwp%2Fv2%2Fproduct_tag&post=790"}],"curies":[{"name":"wp","href":"https:\/\/api.w.org\/{rel}","templated":true}]}}