{"id":804,"date":"2020-11-29T19:14:22","date_gmt":"2020-11-29T18:14:22","guid":{"rendered":"https:\/\/bonello.hu\/?post_type=product&#038;p=804"},"modified":"2021-10-14T20:15:54","modified_gmt":"2021-10-14T19:15:54","slug":"turkiz-zold-madeiras-ruha-viragdiszitessel-110-116-meretben","status":"publish","type":"product","link":"https:\/\/bonello.hu\/?product=turkiz-zold-madeiras-ruha-viragdiszitessel-110-116-meretben","title":{"rendered":"T\u00fcrkiz z\u00f6ld madeir\u00e1s ruha vir\u00e1gd\u00edsz\u00edt\u00e9ssel 110-116 m\u00e9retben"},"content":{"rendered":"<p>Eleg\u00e1ns, de m\u00e9gis igazi ny\u00e1ri kisruha.<br \/>\nA z\u00f6ldesk\u00e9k madeira anyag al\u00e1 kontrasztos az\u00fark\u00e9k als\u00f3szoknya van varrva, derek\u00e1t csipke szalag d\u00edsz\u00edti, ami megk\u00f6t\u0151k\u00e9nt is szolg\u00e1l. V alak\u00fa h\u00e1ta der\u00e9kn\u00e1l cipz\u00e1ros,3D-s vir\u00e1gokkal van kivarrva, \u00edgy k\u00fcl\u00f6nlegess\u00e9 ez\u00e1ltal v\u00e1lt ez a ruha.<br \/>\nTeljes hossz: 60cm<br \/>\nMellsz\u00e9less\u00e9g:64cm<br \/>\n110-116 m\u00e9retben k\u00e9sz\u00fclt el.<\/p>\n<p>Anyaga: 80% pamutv\u00e1szon, 20% poli\u00e9szter<\/p>\n<p><strong>Ha nincs k\u00e9szleten, de szeretne ehhez hasonl\u00f3 ruh\u00e1t m\u00e1s sz\u00ednben vagy m\u00e9retben, akkor keressen meg az el\u00e9rhet\u0151s\u00e9geimen. Sz\u00edvesen elk\u00e9sz\u00edtem k\u00e9r\u00e9s szerint.<\/strong><\/p>\n","protected":false},"excerpt":{"rendered":"<p>Eleg\u00e1ns, de m\u00e9gis igazi ny\u00e1ri kisruha. A z\u00f6ldesk\u00e9k madeira anyag al\u00e1 kontrasztos az\u00fark\u00e9k als\u00f3szoknya van varrva, derek\u00e1t csipke szalag d\u00edsz\u00edti, ami megk\u00f6t\u0151k\u00e9nt is szolg\u00e1l. V alak\u00fa h\u00e1ta der\u00e9kn\u00e1l cipz\u00e1ros,3D-s vir\u00e1gokkal van kivarrva, \u00edgy k\u00fcl\u00f6nlegess\u00e9 ez\u00e1ltal v\u00e1lt ez a ruha. Teljes hossz: 60cm Mellsz\u00e9less\u00e9g:64cm 110-116 m\u00e9retben k\u00e9sz\u00fclt el. Anyaga: 80% pamutv\u00e1szon, 20% poli\u00e9szter Ha nincs k\u00e9szleten, [&hellip;]<\/p>\n","protected":false},"featured_media":0,"template":"","meta":{"_et_pb_use_builder":"","_et_pb_old_content":"","_et_gb_content_width":""},"product_cat":[25,22],"product_tag":[115,68,69,114,90,88,113],"_links":{"self":[{"href":"https:\/\/bonello.hu\/index.php?rest_route=\/wp\/v2\/product\/804"}],"collection":[{"href":"https:\/\/bonello.hu\/index.php?rest_route=\/wp\/v2\/product"}],"about":[{"href":"https:\/\/bonello.hu\/index.php?rest_route=\/wp\/v2\/types\/product"}],"wp:attachment":[{"href":"https:\/\/bonello.hu\/index.php?rest_route=%2Fwp%2Fv2%2Fmedia&parent=804"}],"wp:term":[{"taxonomy":"product_cat","embeddable":true,"href":"https:\/\/bonello.hu\/index.php?rest_route=%2Fwp%2Fv2%2Fproduct_cat&post=804"},{"taxonomy":"product_tag","embeddable":true,"href":"https:\/\/bonello.hu\/index.php?rest_route=%2Fwp%2Fv2%2Fproduct_tag&post=804"}],"curies":[{"name":"wp","href":"https:\/\/api.w.org\/{rel}","templated":true}]}}