{"id":810,"date":"2020-11-29T19:26:38","date_gmt":"2020-11-29T18:26:38","guid":{"rendered":"https:\/\/bonello.hu\/?post_type=product&#038;p=810"},"modified":"2021-10-14T19:42:13","modified_gmt":"2021-10-14T18:42:13","slug":"elegans-csikos-alkalmi-ruha-128-meretben","status":"publish","type":"product","link":"https:\/\/bonello.hu\/?product=elegans-csikos-alkalmi-ruha-128-meretben","title":{"rendered":"Eleg\u00e1ns cs\u00edkos alkalmi ruha 128 m\u00e9retben"},"content":{"rendered":"<p>Visszafogott, de ann\u00e1l eleg\u00e1nsabb l\u00e1ny ruha.<br \/>\nA szoknya selyemf\u00e9ny\u0171 cs\u00edkos selyem, t\u00fcll\u00f6s als\u00f3szokny\u00e1val varrt, ami sz\u00e9pen kitartja. A fels\u0151 r\u00e9sz letisztult, egyszer\u0171, de a derek\u00e1n l\u00e9v\u0151 szat\u00e9n szalag az \u00f6sszk\u00e9pet m\u00e9g alkalmibb\u00e1 teszi. H\u00e1tul cipz\u00e1rral z\u00e1r\u00f3dik.<\/p>\n<p>Mellsz\u00e9less\u00e9g: 65cm<br \/>\nHossz:64cm<\/p>\n<p>128-as m\u00e9retben k\u00e9sz\u00fclt.<\/p>\n<p>Anyaga: 20% pamut, 80% viszk\u00f3z<\/p>\n<p><strong>Ha nincs k\u00e9szleten, de szeretne ehhez hasonl\u00f3 ruh\u00e1t m\u00e1s sz\u00ednben vagy m\u00e9retben, akkor keressen meg az el\u00e9rhet\u0151s\u00e9geimen. Sz\u00edvesen elk\u00e9sz\u00edtem k\u00e9r\u00e9s szerint.<\/strong><\/p>\n","protected":false},"excerpt":{"rendered":"<p>Visszafogott, de ann\u00e1l eleg\u00e1nsabb l\u00e1ny ruha. A szoknya selyemf\u00e9ny\u0171 cs\u00edkos selyem, t\u00fcll\u00f6s als\u00f3szokny\u00e1val varrt, ami sz\u00e9pen kitartja. A fels\u0151 r\u00e9sz letisztult, egyszer\u0171, de a derek\u00e1n l\u00e9v\u0151 szat\u00e9n szalag az \u00f6sszk\u00e9pet m\u00e9g alkalmibb\u00e1 teszi. H\u00e1tul cipz\u00e1rral z\u00e1r\u00f3dik. Mellsz\u00e9less\u00e9g: 65cm Hossz:64cm 128-as m\u00e9retben k\u00e9sz\u00fclt. Anyaga: 20% pamut, 80% viszk\u00f3z Ha nincs k\u00e9szleten, de szeretne ehhez hasonl\u00f3 ruh\u00e1t [&hellip;]<\/p>\n","protected":false},"featured_media":0,"template":"","meta":{"_et_pb_use_builder":"","_et_pb_old_content":"","_et_gb_content_width":""},"product_cat":[25,29],"product_tag":[68,86,66,63,90,64,65],"_links":{"self":[{"href":"https:\/\/bonello.hu\/index.php?rest_route=\/wp\/v2\/product\/810"}],"collection":[{"href":"https:\/\/bonello.hu\/index.php?rest_route=\/wp\/v2\/product"}],"about":[{"href":"https:\/\/bonello.hu\/index.php?rest_route=\/wp\/v2\/types\/product"}],"wp:attachment":[{"href":"https:\/\/bonello.hu\/index.php?rest_route=%2Fwp%2Fv2%2Fmedia&parent=810"}],"wp:term":[{"taxonomy":"product_cat","embeddable":true,"href":"https:\/\/bonello.hu\/index.php?rest_route=%2Fwp%2Fv2%2Fproduct_cat&post=810"},{"taxonomy":"product_tag","embeddable":true,"href":"https:\/\/bonello.hu\/index.php?rest_route=%2Fwp%2Fv2%2Fproduct_tag&post=810"}],"curies":[{"name":"wp","href":"https:\/\/api.w.org\/{rel}","templated":true}]}}