{"id":819,"date":"2020-11-29T20:14:06","date_gmt":"2020-11-29T19:14:06","guid":{"rendered":"https:\/\/bonello.hu\/?post_type=product&#038;p=819"},"modified":"2021-10-14T19:33:05","modified_gmt":"2021-10-14T18:33:05","slug":"levendula-lila-selyem-kisruha-viragokkal-diszitve-2-3-eves-meretben","status":"publish","type":"product","link":"https:\/\/bonello.hu\/?product=levendula-lila-selyem-kisruha-viragokkal-diszitve-2-3-eves-meretben","title":{"rendered":"Levendula lila selyem kisruha vir\u00e1gokkal d\u00edsz\u00edtve 2-3 \u00e9ves m\u00e9retben"},"content":{"rendered":"<p>Puha \u00e9s l\u00e1gy es\u00e9s\u0171 selyemb\u0151l k\u00e9sz\u00fclt ez a ruha. Mell r\u00e9szn\u00e9l szabott, szoknya r\u00e9sze b\u0151 fazon\u00fa \u00e9s t\u00fcll\u00f6s als\u00f3szokny\u00e1s, mely nagyon sz\u00e9pen kitartja a szokny\u00e1t.<\/p>\n<p>P\u00e1nt k\u00e9sz\u00fclt hozz\u00e1, amire vir\u00e1gok, gy\u00f6ngy\u00f6k \u00e9s tollak lettek varrva. H\u00e1ta gombokkal z\u00e1r\u00f3dik.<\/p>\n<p>2-3 \u00e9ves m\u00e9retben k\u00e9sz\u00fclt el.<\/p>\n<p>Anyaga: 97%poli\u00e9szter, 3% lycra<\/p>\n<p><strong>Ha nincs k\u00e9szleten, de szeretne ehhez hasonl\u00f3 ruh\u00e1t m\u00e1s sz\u00ednben vagy m\u00e9retben, akkor keressen meg az el\u00e9rhet\u0151s\u00e9geimen. Sz\u00edvesen elk\u00e9sz\u00edtem k\u00e9r\u00e9s szerint.<\/strong><\/p>\n","protected":false},"excerpt":{"rendered":"<p>Puha \u00e9s l\u00e1gy es\u00e9s\u0171 selyemb\u0151l k\u00e9sz\u00fclt ez a ruha. Mell r\u00e9szn\u00e9l szabott, szoknya r\u00e9sze b\u0151 fazon\u00fa \u00e9s t\u00fcll\u00f6s als\u00f3szokny\u00e1s, mely nagyon sz\u00e9pen kitartja a szokny\u00e1t. P\u00e1nt k\u00e9sz\u00fclt hozz\u00e1, amire vir\u00e1gok, gy\u00f6ngy\u00f6k \u00e9s tollak lettek varrva. H\u00e1ta gombokkal z\u00e1r\u00f3dik. 2-3 \u00e9ves m\u00e9retben k\u00e9sz\u00fclt el. Anyaga: 97%poli\u00e9szter, 3% lycra Ha nincs k\u00e9szleten, de szeretne ehhez hasonl\u00f3 ruh\u00e1t [&hellip;]<\/p>\n","protected":false},"featured_media":0,"template":"","meta":{"_et_pb_use_builder":"","_et_pb_old_content":"","_et_gb_content_width":""},"product_cat":[25,20,22],"product_tag":[68,69,56,64,118],"_links":{"self":[{"href":"https:\/\/bonello.hu\/index.php?rest_route=\/wp\/v2\/product\/819"}],"collection":[{"href":"https:\/\/bonello.hu\/index.php?rest_route=\/wp\/v2\/product"}],"about":[{"href":"https:\/\/bonello.hu\/index.php?rest_route=\/wp\/v2\/types\/product"}],"wp:attachment":[{"href":"https:\/\/bonello.hu\/index.php?rest_route=%2Fwp%2Fv2%2Fmedia&parent=819"}],"wp:term":[{"taxonomy":"product_cat","embeddable":true,"href":"https:\/\/bonello.hu\/index.php?rest_route=%2Fwp%2Fv2%2Fproduct_cat&post=819"},{"taxonomy":"product_tag","embeddable":true,"href":"https:\/\/bonello.hu\/index.php?rest_route=%2Fwp%2Fv2%2Fproduct_tag&post=819"}],"curies":[{"name":"wp","href":"https:\/\/api.w.org\/{rel}","templated":true}]}}