{"id":821,"date":"2020-11-29T20:32:20","date_gmt":"2020-11-29T19:32:20","guid":{"rendered":"https:\/\/bonello.hu\/?post_type=product&#038;p=821"},"modified":"2021-10-14T19:31:00","modified_gmt":"2021-10-14T18:31:00","slug":"levendula-lila-felso-es-korszoknya-116-122-meretben","status":"publish","type":"product","link":"https:\/\/bonello.hu\/?product=levendula-lila-felso-es-korszoknya-116-122-meretben","title":{"rendered":"Levendula lila fels\u0151 \u00e9s k\u00f6rszoknya 116-122 m\u00e9retben"},"content":{"rendered":"<p>Levendula lila fels\u0151 rugalmas jersey anyagb\u00f3l k\u00e9sz\u00fclt. Nyak r\u00e9szn\u00e9l swarovski csillog\u00e1ssal a masnin.<\/p>\n<p>Ujja buggyos, puha t\u00fcll anyag\u00fa. Hozz\u00e1 ill\u0151 sz\u00fcrke k\u00f6rszoknya pamutv\u00e1szonb\u00f3l lett szabva, derek\u00e1n a fels\u0151 anyag\u00e1b\u00f3l lett der\u00e9kr\u00e9sz a rugalmass\u00e1g miatt.,<\/p>\n<p>116-122-es m\u00e9retben k\u00e9sz\u00fclt el<br \/>\nA szoknya dereka nyugalmi \u00e1llapotban 48cm.<\/p>\n<p>Anyaga 92% nylon, 8% spandex<\/p>\n<p><strong>Ha nincs k\u00e9szleten, de szeretne ehhez hasonl\u00f3 ruh\u00e1t m\u00e1s sz\u00ednben vagy m\u00e9retben, akkor keressen meg az el\u00e9rhet\u0151s\u00e9geimen. Sz\u00edvesen elk\u00e9sz\u00edtem k\u00e9r\u00e9s szerint.<\/strong><\/p>\n","protected":false},"excerpt":{"rendered":"<p>Levendula lila fels\u0151 rugalmas jersey anyagb\u00f3l k\u00e9sz\u00fclt. Nyak r\u00e9szn\u00e9l swarovski csillog\u00e1ssal a masnin. Ujja buggyos, puha t\u00fcll anyag\u00fa. Hozz\u00e1 ill\u0151 sz\u00fcrke k\u00f6rszoknya pamutv\u00e1szonb\u00f3l lett szabva, derek\u00e1n a fels\u0151 anyag\u00e1b\u00f3l lett der\u00e9kr\u00e9sz a rugalmass\u00e1g miatt., 116-122-es m\u00e9retben k\u00e9sz\u00fclt el A szoknya dereka nyugalmi \u00e1llapotban 48cm. Anyaga 92% nylon, 8% spandex Ha nincs k\u00e9szleten, de szeretne ehhez [&hellip;]<\/p>\n","protected":false},"featured_media":0,"template":"","meta":{"_et_pb_use_builder":"","_et_pb_old_content":"","_et_gb_content_width":""},"product_cat":[25,22,29],"product_tag":[68,69,56,73,119,65],"_links":{"self":[{"href":"https:\/\/bonello.hu\/index.php?rest_route=\/wp\/v2\/product\/821"}],"collection":[{"href":"https:\/\/bonello.hu\/index.php?rest_route=\/wp\/v2\/product"}],"about":[{"href":"https:\/\/bonello.hu\/index.php?rest_route=\/wp\/v2\/types\/product"}],"wp:attachment":[{"href":"https:\/\/bonello.hu\/index.php?rest_route=%2Fwp%2Fv2%2Fmedia&parent=821"}],"wp:term":[{"taxonomy":"product_cat","embeddable":true,"href":"https:\/\/bonello.hu\/index.php?rest_route=%2Fwp%2Fv2%2Fproduct_cat&post=821"},{"taxonomy":"product_tag","embeddable":true,"href":"https:\/\/bonello.hu\/index.php?rest_route=%2Fwp%2Fv2%2Fproduct_tag&post=821"}],"curies":[{"name":"wp","href":"https:\/\/api.w.org\/{rel}","templated":true}]}}